{"id":12090,"date":"2025-03-12T07:14:04","date_gmt":"2025-03-12T07:14:04","guid":{"rendered":"https:\/\/www.cfaebooks.com\/?post_type=product&#038;p=12090"},"modified":"2026-04-03T08:02:23","modified_gmt":"2026-04-03T08:02:23","slug":"cfa-2025-poziom-2-kolekcje-z-notatkami-do-nauki-qbank-mcqs-i-mocks-2","status":"publish","type":"product","link":"https:\/\/www.cfaebooks.com\/pl\/products\/cfa-2025-poziom-2-kolekcje-z-notatkami-do-nauki-qbank-mcqs-i-mocks-2\/","title":{"rendered":"CFA 2025 Level 2 Collections z notatkami do nauki, Qbank, MCQs i Mocks"},"content":{"rendered":"<p>Na sprzeda\u017c jest kolekcja 2025 CFA Level 2 z notatkami do nauki, bankiem pyta\u0144, MCQ i pr\u00f3bkami.<\/p>\n\n\n\n<p>Pakiet zawiera:<\/p>\n\n\n\n<ol class=\"wp-block-list\">\n<li>Ksi\u0105\u017cki programowe 2025<\/li>\n\n\n\n<li>Kaplan Schweser 2025 + Quicksheet<\/li>\n\n\n\n<li>Kaplan Qbank 2025<\/li>\n\n\n\n<li>Etyka 200 pyta\u0144<\/li>\n\n\n\n<li>CFA Web Paid Qbank<\/li>\n\n\n\n<li>Uworld Qbank <\/li>\n\n\n\n<li>Kaplan Mocks<\/li>\n\n\n\n<li>Uworld Mocks<\/li>\n\n\n\n<li>Mock Kevin Haria<\/li>\n\n\n\n<li>Makiety CFA Premium<\/li>\n\n\n\n<li>Dodatkowa pr\u00f3ba pe\u0142nego sylabusa<\/li>\n\n\n\n<li>Dodatkowe pr\u00f3by tematyczne<\/li>\n\n\n\n<li>Podsumowania i formu\u0142y<\/li>\n<\/ol>\n\n\n\n<p>Nie jest to fizyczna ksi\u0105\u017cka, lecz cyfrowa kopia w formacie PDF. Nie kupuj, je\u015bli chcesz otrzyma\u0107 fizyczn\u0105 kopi\u0119.<\/p>\n\n\n\n<p>Po dokonaniu p\u0142atno\u015bci mo\u017cna natychmiast pobra\u0107 materia\u0142.<\/p>","protected":false},"excerpt":{"rendered":"<p>For sale is the 2025 CFA Level 2 Collection with Study Notes, Qbank, MCQs, and Mocks. In the package, it is include: This is not a physical book it is a&nbsp;PDF&nbsp;digital copy. Please do not purchase if you want a physical hard copy After checkout you can download the material immediately.<\/p>","protected":false},"featured_media":17102,"comment_status":"closed","ping_status":"closed","template":"","meta":[],"product_brand":[],"product_cat":[266,273],"product_tag":[261,93,88,90,178,293,312,311,91,92,176],"class_list":{"0":"post-12090","1":"product","2":"type-product","3":"status-publish","4":"has-post-thumbnail","6":"product_cat-cfa-level-2","7":"product_cat-cfa-bundles","8":"product_tag-cfa-2025","9":"product_tag-cfa-books","10":"product_tag-cfa-ebooks","11":"product_tag-cfa-exam","12":"product_tag-cfa-level-2","13":"product_tag-cfa-level-2-2025","14":"product_tag-cfa-level-2-mocks","15":"product_tag-cfa-mocks","16":"product_tag-cfa-prep","17":"product_tag-cfa-test","18":"product_tag-mock-exam","20":"first","21":"instock","22":"downloadable","23":"virtual","24":"sold-individually","25":"purchasable","26":"product-type-simple"},"_links":{"self":[{"href":"https:\/\/www.cfaebooks.com\/pl\/wp-json\/wp\/v2\/product\/12090","targetHints":{"allow":["GET"]}}],"collection":[{"href":"https:\/\/www.cfaebooks.com\/pl\/wp-json\/wp\/v2\/product"}],"about":[{"href":"https:\/\/www.cfaebooks.com\/pl\/wp-json\/wp\/v2\/types\/product"}],"replies":[{"embeddable":true,"href":"https:\/\/www.cfaebooks.com\/pl\/wp-json\/wp\/v2\/comments?post=12090"}],"wp:featuredmedia":[{"embeddable":true,"href":"https:\/\/www.cfaebooks.com\/pl\/wp-json\/wp\/v2\/media\/17102"}],"wp:attachment":[{"href":"https:\/\/www.cfaebooks.com\/pl\/wp-json\/wp\/v2\/media?parent=12090"}],"wp:term":[{"taxonomy":"product_brand","embeddable":true,"href":"https:\/\/www.cfaebooks.com\/pl\/wp-json\/wp\/v2\/product_brand?post=12090"},{"taxonomy":"product_cat","embeddable":true,"href":"https:\/\/www.cfaebooks.com\/pl\/wp-json\/wp\/v2\/product_cat?post=12090"},{"taxonomy":"product_tag","embeddable":true,"href":"https:\/\/www.cfaebooks.com\/pl\/wp-json\/wp\/v2\/product_tag?post=12090"}],"curies":[{"name":"wp","href":"https:\/\/api.w.org\/{rel}","templated":true}]}}