{"id":12051,"date":"2025-03-12T01:23:00","date_gmt":"2025-03-12T01:23:00","guid":{"rendered":"https:\/\/www.cfaebooks.com\/?post_type=product&#038;p=12051"},"modified":"2026-04-03T08:02:13","modified_gmt":"2026-04-03T08:02:13","slug":"cfa-2025-schweser-notes-poziom-3-pelny-zestaw-wszystkie-3-sciezki","status":"publish","type":"product","link":"https:\/\/www.cfaebooks.com\/pl\/products\/cfa-2025-schweser-notes-poziom-3-pelny-zestaw-wszystkie-3-sciezki\/","title":{"rendered":"CFA 2025 Schweser Notes Poziom 3 Pe\u0142ny zestaw Wszystkie 3 \u015bcie\u017cki"},"content":{"rendered":"<p>Przedmiotem sprzeda\u017cy jest e-book 2025 CFA Schweser Notes Level 3 Full Set All Pathways PDF.<\/p>\n\n\n\n<p><strong>Co zawiera:<\/strong><\/p>\n\n\n\n<ul class=\"wp-block-list\">\n<li><strong>Podstawa programowa:<\/strong>\n<ul class=\"wp-block-list\">\n<li>Ksi\u0105\u017cka 1: Alokacja aktyw\u00f3w<\/li>\n\n\n\n<li>Ksi\u0105\u017cka 2: Budowa portfela i zarz\u0105dzanie wynikami<\/li>\n\n\n\n<li>Ksi\u0105\u017cka 3: Instrumenty pochodne, zarz\u0105dzanie ryzykiem oraz standardy etyczne i zawodowe<\/li>\n<\/ul>\n<\/li>\n\n\n\n<li><strong>3 Pathway Books:<\/strong>\n<ul class=\"wp-block-list\">\n<li>\u015acie\u017cka zarz\u0105dzania portfelem<\/li>\n\n\n\n<li>\u015acie\u017cka rynk\u00f3w prywatnych<\/li>\n\n\n\n<li>\u015acie\u017cka prywatnego bogactwa<\/li>\n<\/ul>\n<\/li>\n\n\n\n<li><strong>Szybkie arkusze:<\/strong>\n<ul class=\"wp-block-list\">\n<li>Trzy 6-stronicowe szybkie arkusze (po jednym dla ka\u017cdej \u015bcie\u017cki) do szybkiego przegl\u0105du i odniesienia.<\/li>\n<\/ul>\n<\/li>\n<\/ul>\n\n\n\n<p>Nie jest to fizyczna ksi\u0105\u017cka, lecz cyfrowa kopia w formacie PDF. Nie dokonuj zakupu, je\u015bli chcesz otrzyma\u0107 fizyczn\u0105 kopi\u0119. Po dokonaniu zakupu mo\u017cesz natychmiast pobra\u0107 e-booki.<\/p>","protected":false},"excerpt":{"rendered":"<p>For sale is an e-book 2025 CFA Schweser Notes Level 3 Full Set All Pathways PDF. What\u2019s Included: This is not a physical book it is a PDF digital copy. Please do not purchase if you want a physical hard copy. After checkout you can download the e-Books instantly.<\/p>","protected":false},"featured_media":12056,"comment_status":"closed","ping_status":"closed","template":"","meta":[],"product_brand":[],"product_cat":[265],"product_tag":[261,93,88,90,267,91,92],"class_list":{"0":"post-12051","1":"product","2":"type-product","3":"status-publish","4":"has-post-thumbnail","6":"product_cat-cfa-level-3","7":"product_tag-cfa-2025","8":"product_tag-cfa-books","9":"product_tag-cfa-ebooks","10":"product_tag-cfa-exam","11":"product_tag-cfa-level-3-2025","12":"product_tag-cfa-prep","13":"product_tag-cfa-test","15":"first","16":"instock","17":"downloadable","18":"virtual","19":"sold-individually","20":"purchasable","21":"product-type-simple"},"_links":{"self":[{"href":"https:\/\/www.cfaebooks.com\/pl\/wp-json\/wp\/v2\/product\/12051","targetHints":{"allow":["GET"]}}],"collection":[{"href":"https:\/\/www.cfaebooks.com\/pl\/wp-json\/wp\/v2\/product"}],"about":[{"href":"https:\/\/www.cfaebooks.com\/pl\/wp-json\/wp\/v2\/types\/product"}],"replies":[{"embeddable":true,"href":"https:\/\/www.cfaebooks.com\/pl\/wp-json\/wp\/v2\/comments?post=12051"}],"wp:featuredmedia":[{"embeddable":true,"href":"https:\/\/www.cfaebooks.com\/pl\/wp-json\/wp\/v2\/media\/12056"}],"wp:attachment":[{"href":"https:\/\/www.cfaebooks.com\/pl\/wp-json\/wp\/v2\/media?parent=12051"}],"wp:term":[{"taxonomy":"product_brand","embeddable":true,"href":"https:\/\/www.cfaebooks.com\/pl\/wp-json\/wp\/v2\/product_brand?post=12051"},{"taxonomy":"product_cat","embeddable":true,"href":"https:\/\/www.cfaebooks.com\/pl\/wp-json\/wp\/v2\/product_cat?post=12051"},{"taxonomy":"product_tag","embeddable":true,"href":"https:\/\/www.cfaebooks.com\/pl\/wp-json\/wp\/v2\/product_tag?post=12051"}],"curies":[{"name":"wp","href":"https:\/\/api.w.org\/{rel}","templated":true}]}}