{"id":12048,"date":"2025-03-12T01:09:58","date_gmt":"2025-03-12T01:09:58","guid":{"rendered":"https:\/\/www.cfaebooks.com\/?post_type=product&#038;p=12048"},"modified":"2026-04-03T08:02:10","modified_gmt":"2026-04-03T08:02:10","slug":"cfa-2025-program-curriculum-level-iii-full-set-all-3-pathways","status":"publish","type":"product","link":"https:\/\/www.cfaebooks.com\/pl\/products\/cfa-2025-program-curriculum-level-iii-full-set-all-3-pathways\/","title":{"rendered":"Program nauczania CFA 2025 Poziom III Pe\u0142ny zestaw Wszystkie 3 \u015bcie\u017cki"},"content":{"rendered":"<p>Przedmiotem sprzeda\u017cy jest e-book 2025 CFA Program Curriculum Level III Full Set All Pathways PDF.<\/p>\n\n\n\n<p>Tomy obejmuj\u0105:<\/p>\n\n\n\n<ul class=\"wp-block-list\">\n<li>Podstawa programowa\n<ul class=\"wp-block-list\">\n<li>Tom 1: Alokacja aktyw\u00f3w<\/li>\n\n\n\n<li>Tom 2: Budowa portfela<\/li>\n\n\n\n<li>Tom 3: Pomiar wydajno\u015bci<\/li>\n\n\n\n<li>Tom 4: Instrumenty pochodne i zarz\u0105dzanie ryzykiem<\/li>\n\n\n\n<li>Tom 5: Standardy etyczne i zawodowe<\/li>\n<\/ul>\n<\/li>\n\n\n\n<li>\u015acie\u017cka zarz\u0105dzania portfelem\n<ul class=\"wp-block-list\">\n<li>Tom 1: \u015acie\u017cka zarz\u0105dzania portfelem<\/li>\n\n\n\n<li>Tom 2: \u015acie\u017cka zarz\u0105dzania portfelem<\/li>\n<\/ul>\n<\/li>\n\n\n\n<li>\u015acie\u017cka rynk\u00f3w prywatnych\n<ul class=\"wp-block-list\">\n<li>Tom 1: \u015acie\u017cka rynk\u00f3w prywatnych<\/li>\n\n\n\n<li>Tom 2 \u015acie\u017cka rynk\u00f3w prywatnych<\/li>\n<\/ul>\n<\/li>\n\n\n\n<li>\u015acie\u017cka prywatnego bogactwa\n<ul class=\"wp-block-list\">\n<li>Tom 1: \u015acie\u017cka prywatnego bogactwa<\/li>\n\n\n\n<li>Tom 2 Private Wealth Pathway<\/li>\n<\/ul>\n<\/li>\n<\/ul>\n\n\n\n<p>Tekst mo\u017cna przeszukiwa\u0107 za pomoc\u0105 funkcji wyszukiwania na klawiaturze komputera \"ctrl + f\" oraz poprzez wyszukiwanie na smartfonie\/tablecie. Nie jest to fizyczna ksi\u0105\u017cka, lecz cyfrowa kopia w formacie PDF. Nie dokonuj zakupu, je\u015bli chcesz otrzyma\u0107 fizyczn\u0105 kopi\u0119. <\/p>\n\n\n\n<p>Po dokonaniu zakupu mo\u017cesz natychmiast pobra\u0107 e-booka.<\/p>","protected":false},"excerpt":{"rendered":"<p>For sale is an e-book 2025 CFA Program Curriculum Level III Full Set All Pathways PDF. Volumes include: The text is searchable using the find feature on your computer keyboard &#8216;ctrl+f&#8217; and through search on your smartphone\/tablet. This is not a physical book it is a\u00a0PDF\u00a0digital copy. Please do not purchase if you want a [&hellip;]<\/p>\n","protected":false},"featured_media":12049,"comment_status":"closed","ping_status":"closed","template":"","meta":[],"product_brand":[],"product_cat":[265],"product_tag":[261,93,88,90,267,91,92,167],"class_list":{"0":"post-12048","1":"product","2":"type-product","3":"status-publish","4":"has-post-thumbnail","6":"product_cat-cfa-level-3","7":"product_tag-cfa-2025","8":"product_tag-cfa-books","9":"product_tag-cfa-ebooks","10":"product_tag-cfa-exam","11":"product_tag-cfa-level-3-2025","12":"product_tag-cfa-prep","13":"product_tag-cfa-test","14":"product_tag-ift","16":"first","17":"instock","18":"downloadable","19":"virtual","20":"sold-individually","21":"purchasable","22":"product-type-simple"},"_links":{"self":[{"href":"https:\/\/www.cfaebooks.com\/pl\/wp-json\/wp\/v2\/product\/12048","targetHints":{"allow":["GET"]}}],"collection":[{"href":"https:\/\/www.cfaebooks.com\/pl\/wp-json\/wp\/v2\/product"}],"about":[{"href":"https:\/\/www.cfaebooks.com\/pl\/wp-json\/wp\/v2\/types\/product"}],"replies":[{"embeddable":true,"href":"https:\/\/www.cfaebooks.com\/pl\/wp-json\/wp\/v2\/comments?post=12048"}],"wp:featuredmedia":[{"embeddable":true,"href":"https:\/\/www.cfaebooks.com\/pl\/wp-json\/wp\/v2\/media\/12049"}],"wp:attachment":[{"href":"https:\/\/www.cfaebooks.com\/pl\/wp-json\/wp\/v2\/media?parent=12048"}],"wp:term":[{"taxonomy":"product_brand","embeddable":true,"href":"https:\/\/www.cfaebooks.com\/pl\/wp-json\/wp\/v2\/product_brand?post=12048"},{"taxonomy":"product_cat","embeddable":true,"href":"https:\/\/www.cfaebooks.com\/pl\/wp-json\/wp\/v2\/product_cat?post=12048"},{"taxonomy":"product_tag","embeddable":true,"href":"https:\/\/www.cfaebooks.com\/pl\/wp-json\/wp\/v2\/product_tag?post=12048"}],"curies":[{"name":"wp","href":"https:\/\/api.w.org\/{rel}","templated":true}]}}