{"id":11889,"date":"2025-02-09T15:08:23","date_gmt":"2025-02-09T15:08:23","guid":{"rendered":"https:\/\/www.cfaebooks.com\/?post_type=product&#038;p=11889"},"modified":"2026-04-03T08:02:05","modified_gmt":"2026-04-03T08:02:05","slug":"2025-cfa-level-1-schweser-notes-with-quicksheet","status":"publish","type":"product","link":"https:\/\/www.cfaebooks.com\/pl\/products\/2025-cfa-level-1-schweser-notes-with-quicksheet\/","title":{"rendered":"2025 CFA Level 1 Schweser Notes with Quicksheet"},"content":{"rendered":"<p>Na sprzeda\u017c jest e-Book 2025 CFA Schweser Notes Level 1 z Quicksheet.<\/p>\n\n\n\n<p>Zawiera zestaw 4 ksi\u0105\u017cek: <\/p>\n\n\n\n<ul class=\"wp-block-list\">\n<li>Ksi\u0105\u017cka 1: Metody ilo\u015bciowe, ekonomia i emitenci korporacyjni<\/li>\n\n\n\n<li>Ksi\u0105\u017cka 2: Analiza sprawozda\u0144 finansowych i inwestycje kapita\u0142owe<\/li>\n\n\n\n<li>Ksi\u0105\u017cka 3: Instrumenty pochodne i instrumenty o sta\u0142ym dochodzie<\/li>\n\n\n\n<li>Ksi\u0105\u017cka 4: Inwestycje alternatywne, zarz\u0105dzanie portfelem oraz standardy etyczne i zawodowe<\/li>\n\n\n\n<li>Quicksheet ma \u0142\u0105cznie 6 stron<\/li>\n<\/ul>\n\n\n\n<p>Tekst mo\u017cna przeszukiwa\u0107 za pomoc\u0105 funkcji wyszukiwania na klawiaturze komputera \"ctrl + f\" oraz poprzez wyszukiwanie na smartfonie\/tablecie. Nie s\u0105 to fizyczne ksi\u0105\u017cki, lecz cyfrowe kopie w formacie PDF. Nie dokonuj zakupu, je\u015bli chcesz otrzyma\u0107 fizyczn\u0105 kopi\u0119. Po dokonaniu zakupu mo\u017cna natychmiast pobra\u0107 e-booki<\/p>","protected":false},"excerpt":{"rendered":"<p>For sale is an e-Book 2025 CFA Schweser Notes Level 1 with Quicksheet. Includes Set of 4 books: The text is searchable using the find feature on your computer keyboard &#8216;ctrl+f&#8217; and through search on your smartphone\/tablet. These are not physical books they are PDF digital copies. Please do not purchase if you want a [&hellip;]<\/p>\n","protected":false},"featured_media":11891,"comment_status":"closed","ping_status":"closed","template":"","meta":[],"product_brand":[],"product_cat":[260],"product_tag":[261,93,88,90,87,91,92,168],"class_list":{"0":"post-11889","1":"product","2":"type-product","3":"status-publish","4":"has-post-thumbnail","6":"product_cat-cfa-level-1","7":"product_tag-cfa-2025","8":"product_tag-cfa-books","9":"product_tag-cfa-ebooks","10":"product_tag-cfa-exam","11":"product_tag-cfa-level-i","12":"product_tag-cfa-prep","13":"product_tag-cfa-test","14":"product_tag-study-notes","16":"first","17":"instock","18":"downloadable","19":"virtual","20":"sold-individually","21":"purchasable","22":"product-type-simple"},"_links":{"self":[{"href":"https:\/\/www.cfaebooks.com\/pl\/wp-json\/wp\/v2\/product\/11889","targetHints":{"allow":["GET"]}}],"collection":[{"href":"https:\/\/www.cfaebooks.com\/pl\/wp-json\/wp\/v2\/product"}],"about":[{"href":"https:\/\/www.cfaebooks.com\/pl\/wp-json\/wp\/v2\/types\/product"}],"replies":[{"embeddable":true,"href":"https:\/\/www.cfaebooks.com\/pl\/wp-json\/wp\/v2\/comments?post=11889"}],"wp:featuredmedia":[{"embeddable":true,"href":"https:\/\/www.cfaebooks.com\/pl\/wp-json\/wp\/v2\/media\/11891"}],"wp:attachment":[{"href":"https:\/\/www.cfaebooks.com\/pl\/wp-json\/wp\/v2\/media?parent=11889"}],"wp:term":[{"taxonomy":"product_brand","embeddable":true,"href":"https:\/\/www.cfaebooks.com\/pl\/wp-json\/wp\/v2\/product_brand?post=11889"},{"taxonomy":"product_cat","embeddable":true,"href":"https:\/\/www.cfaebooks.com\/pl\/wp-json\/wp\/v2\/product_cat?post=11889"},{"taxonomy":"product_tag","embeddable":true,"href":"https:\/\/www.cfaebooks.com\/pl\/wp-json\/wp\/v2\/product_tag?post=11889"}],"curies":[{"name":"wp","href":"https:\/\/api.w.org\/{rel}","templated":true}]}}