{"id":11815,"date":"2025-01-30T10:43:45","date_gmt":"2025-01-30T10:43:45","guid":{"rendered":"https:\/\/www.cfaebooks.com\/?post_type=product&#038;p=11815"},"modified":"2026-04-03T08:02:00","modified_gmt":"2026-04-03T08:02:00","slug":"2025-frm-czesc-1-notatki-schwesera-z-arkuszem-kalkulacyjnym-2","status":"publish","type":"product","link":"https:\/\/www.cfaebooks.com\/pl\/products\/2025-frm-czesc-1-notatki-schwesera-z-arkuszem-kalkulacyjnym-2\/","title":{"rendered":"2025 FRM Part 1 Schweser Notes with Quicksheet"},"content":{"rendered":"<p>Na sprzeda\u017c jest e-Book 2025 FRM Schweser Notes Part 1 z Quicksheet PDF.<\/p>\n\n\n\n<p>Zawiera zestaw 4 ksi\u0105\u017cek: <\/p>\n\n\n\n<ul class=\"wp-block-list\">\n<li><strong>Ksi\u0105\u017cka 1 - Podstawy zarz\u0105dzania ryzykiem<\/strong><\/li>\n\n\n\n<li><strong>Ksi\u0105\u017cka 2 - Analiza ilo\u015bciowa<\/strong><\/li>\n\n\n\n<li><strong>Ksi\u0105\u017cka 3 - Rynki i produkty finansowe<\/strong><\/li>\n\n\n\n<li><strong>Ksi\u0119ga 4 - Modele wyceny i ryzyka<\/strong><\/li>\n<\/ul>\n\n\n\n<p>Tekst mo\u017cna przeszukiwa\u0107 za pomoc\u0105 funkcji wyszukiwania na klawiaturze komputera \"ctrl + f\" oraz poprzez wyszukiwanie na smartfonie\/tablecie. Nie s\u0105 to fizyczne ksi\u0105\u017cki, lecz cyfrowe kopie w formacie PDF. Nie dokonuj zakupu, je\u015bli chcesz otrzyma\u0107 fizyczn\u0105 kopi\u0119. Po dokonaniu zakupu mo\u017cna natychmiast pobra\u0107 e-booki<\/p>","protected":false},"excerpt":{"rendered":"<p>For sale is an e-Book 2025 FRM Schweser Notes Part 1 with Quicksheet PDF. Includes Set of 4 books: The text is searchable using the find feature on your computer keyboard &#8216;ctrl+f&#8217; and through search on your smartphone\/tablet. These are not physical books they are PDF digital copies. Please do not purchase if you want [&hellip;]<\/p>\n","protected":false},"featured_media":11818,"comment_status":"closed","ping_status":"closed","template":"","meta":[],"product_brand":[],"product_cat":[324],"product_tag":[184,326,185,186,181,328,205,327,182,183,168],"class_list":{"0":"post-11815","1":"product","2":"type-product","3":"status-publish","4":"has-post-thumbnail","6":"product_cat-frm-part-1","7":"product_tag-frm","8":"product_tag-frm-2025","9":"product_tag-frm-books","10":"product_tag-frm-ebooks","11":"product_tag-frm-exam","12":"product_tag-frm-handbook","13":"product_tag-frm-part-1","14":"product_tag-frm-part-1-2025","15":"product_tag-frm-prep","16":"product_tag-frm-test","17":"product_tag-study-notes","19":"first","20":"instock","21":"downloadable","22":"virtual","23":"sold-individually","24":"purchasable","25":"product-type-simple"},"_links":{"self":[{"href":"https:\/\/www.cfaebooks.com\/pl\/wp-json\/wp\/v2\/product\/11815","targetHints":{"allow":["GET"]}}],"collection":[{"href":"https:\/\/www.cfaebooks.com\/pl\/wp-json\/wp\/v2\/product"}],"about":[{"href":"https:\/\/www.cfaebooks.com\/pl\/wp-json\/wp\/v2\/types\/product"}],"replies":[{"embeddable":true,"href":"https:\/\/www.cfaebooks.com\/pl\/wp-json\/wp\/v2\/comments?post=11815"}],"wp:featuredmedia":[{"embeddable":true,"href":"https:\/\/www.cfaebooks.com\/pl\/wp-json\/wp\/v2\/media\/11818"}],"wp:attachment":[{"href":"https:\/\/www.cfaebooks.com\/pl\/wp-json\/wp\/v2\/media?parent=11815"}],"wp:term":[{"taxonomy":"product_brand","embeddable":true,"href":"https:\/\/www.cfaebooks.com\/pl\/wp-json\/wp\/v2\/product_brand?post=11815"},{"taxonomy":"product_cat","embeddable":true,"href":"https:\/\/www.cfaebooks.com\/pl\/wp-json\/wp\/v2\/product_cat?post=11815"},{"taxonomy":"product_tag","embeddable":true,"href":"https:\/\/www.cfaebooks.com\/pl\/wp-json\/wp\/v2\/product_tag?post=11815"}],"curies":[{"name":"wp","href":"https:\/\/api.w.org\/{rel}","templated":true}]}}