{"id":11509,"date":"2024-12-14T12:17:39","date_gmt":"2024-12-14T12:17:39","guid":{"rendered":"https:\/\/www.cfaebooks.com\/?post_type=product&#038;p=11509"},"modified":"2026-04-03T08:01:22","modified_gmt":"2026-04-03T08:01:22","slug":"2025-caia-uppermark-study-handbooks-level-1-with-formula-sheet","status":"publish","type":"product","link":"https:\/\/www.cfaebooks.com\/pl\/products\/2025-caia-uppermark-study-handbooks-level-1-with-formula-sheet\/","title":{"rendered":"2025 Podr\u0119czniki do nauki CAIA UpperMark Poziom 1 z arkuszem wzor\u00f3w"},"content":{"rendered":"<p>Na sprzeda\u017c jest e-Book 2025 CAIA Level 1 UpperMark Study Handbooks with Formula Sheet PDF.<\/p>\n\n\n\n<ul class=\"wp-block-list\">\n<li>Nie jest to fizyczna ksi\u0105\u017cka, lecz cyfrowa kopia w formacie PDF.<\/li>\n\n\n\n<li>Nie dokonuj zakupu, je\u015bli chcesz otrzyma\u0107 fizyczn\u0105 wersj\u0119 papierow\u0105. Po dokonaniu zakupu mo\u017cesz natychmiast pobra\u0107 e-booka.<\/li>\n<\/ul>","protected":false},"excerpt":{"rendered":"<p>Na sprzeda\u017c jest e-Book 2025 CAIA Level 1 UpperMark Study Handbooks with Formula Sheet PDF.<\/p>","protected":false},"featured_media":11510,"comment_status":"closed","ping_status":"closed","template":"","meta":[],"product_brand":[],"product_cat":[317],"product_tag":[247,319,320,251,250,248,321,246,252,249],"class_list":{"0":"post-11509","1":"product","2":"type-product","3":"status-publish","4":"has-post-thumbnail","6":"product_cat-caia-level-1","7":"product_tag-caia","8":"product_tag-caia-2025","9":"product_tag-caia-2025-study-notes","10":"product_tag-caia-books","11":"product_tag-caia-ebooks","12":"product_tag-caia-exam","13":"product_tag-caia-formula-sheet","14":"product_tag-caia-level-i","15":"product_tag-caia-prep","16":"product_tag-caia-test","18":"first","19":"instock","20":"downloadable","21":"virtual","22":"sold-individually","23":"purchasable","24":"product-type-simple"},"_links":{"self":[{"href":"https:\/\/www.cfaebooks.com\/pl\/wp-json\/wp\/v2\/product\/11509","targetHints":{"allow":["GET"]}}],"collection":[{"href":"https:\/\/www.cfaebooks.com\/pl\/wp-json\/wp\/v2\/product"}],"about":[{"href":"https:\/\/www.cfaebooks.com\/pl\/wp-json\/wp\/v2\/types\/product"}],"replies":[{"embeddable":true,"href":"https:\/\/www.cfaebooks.com\/pl\/wp-json\/wp\/v2\/comments?post=11509"}],"wp:featuredmedia":[{"embeddable":true,"href":"https:\/\/www.cfaebooks.com\/pl\/wp-json\/wp\/v2\/media\/11510"}],"wp:attachment":[{"href":"https:\/\/www.cfaebooks.com\/pl\/wp-json\/wp\/v2\/media?parent=11509"}],"wp:term":[{"taxonomy":"product_brand","embeddable":true,"href":"https:\/\/www.cfaebooks.com\/pl\/wp-json\/wp\/v2\/product_brand?post=11509"},{"taxonomy":"product_cat","embeddable":true,"href":"https:\/\/www.cfaebooks.com\/pl\/wp-json\/wp\/v2\/product_cat?post=11509"},{"taxonomy":"product_tag","embeddable":true,"href":"https:\/\/www.cfaebooks.com\/pl\/wp-json\/wp\/v2\/product_tag?post=11509"}],"curies":[{"name":"wp","href":"https:\/\/api.w.org\/{rel}","templated":true}]}}