{"id":11150,"date":"2024-11-05T04:28:48","date_gmt":"2024-11-05T04:28:48","guid":{"rendered":"https:\/\/www.cfaebooks.com\/?post_type=product&#038;p=11150"},"modified":"2026-04-03T08:01:11","modified_gmt":"2026-04-03T08:01:11","slug":"2025-bank-pytan-cfa-poziom-2","status":"publish","type":"product","link":"https:\/\/www.cfaebooks.com\/pl\/products\/2025-bank-pytan-cfa-poziom-2\/","title":{"rendered":"2025 Bank pyta\u0144 CFA poziom 2"},"content":{"rendered":"<p>Na sprzeda\u017c jest e-Book 2025 CFA Schweser Question Bank Level 2 PDF.<\/p>\n\n\n\n<ul class=\"wp-block-list\">\n<li>Ponad 1000 pyta\u0144 i odpowiedzi.<\/li>\n\n\n\n<li>Zawiera pytania i odpowiedzi na ka\u017cde pytanie.<\/li>\n\n\n\n<li>Obejmuje ca\u0142y program nauczania - oddzielne testy dla ka\u017cdego tematu. <\/li>\n\n\n\n<li>Obejmuje on nast\u0119puj\u0105ce tematy: \n<ol class=\"wp-block-list\">\n<li><em>Metody ilo\u015bciowe<\/em><\/li>\n\n\n\n<li><em>Ekonomia<\/em><\/li>\n\n\n\n<li><em>Analiza sprawozda\u0144 finansowych<\/em><\/li>\n\n\n\n<li><em>Emitenci korporacyjni<\/em><\/li>\n\n\n\n<li><em>Wycena kapita\u0142u w\u0142asnego<\/em><\/li>\n\n\n\n<li><em>Sta\u0142y doch\u00f3d<\/em><\/li>\n\n\n\n<li><em>Instrumenty pochodne<\/em><\/li>\n\n\n\n<li><em>Inwestycje alternatywne<\/em><\/li>\n\n\n\n<li><em>Zarz\u0105dzanie portfelem<\/em><\/li>\n\n\n\n<li>Standardy etyczne i zawodowe<\/li>\n<\/ol>\n<\/li>\n<\/ul>\n\n\n\n<ul class=\"wp-block-list\">\n<li>Nie jest to fizyczna ksi\u0105\u017cka, lecz cyfrowa kopia w formacie PDF. Nie kupuj, je\u015bli chcesz otrzyma\u0107 fizyczn\u0105 kopi\u0119.<\/li>\n\n\n\n<li>Po dokonaniu zakupu mo\u017cesz natychmiast pobra\u0107 e-booka.<\/li>\n<\/ul>","protected":false},"excerpt":{"rendered":"<p>Na sprzeda\u017c jest e-Book 2025 CFA Schweser Question Bank Level 2 PDF.<\/p>","protected":false},"featured_media":11151,"comment_status":"closed","ping_status":"closed","template":"","meta":[],"product_brand":[],"product_cat":[266],"product_tag":[261,93,90,178,293,91,158,162,161,163],"class_list":{"0":"post-11150","1":"product","2":"type-product","3":"status-publish","4":"has-post-thumbnail","6":"product_cat-cfa-level-2","7":"product_tag-cfa-2025","8":"product_tag-cfa-books","9":"product_tag-cfa-exam","10":"product_tag-cfa-level-2","11":"product_tag-cfa-level-2-2025","12":"product_tag-cfa-prep","13":"product_tag-kaplan-schweser","14":"product_tag-qbank","15":"product_tag-question-bank","16":"product_tag-schweser-qbank","18":"first","19":"instock","20":"downloadable","21":"virtual","22":"sold-individually","23":"purchasable","24":"product-type-simple"},"_links":{"self":[{"href":"https:\/\/www.cfaebooks.com\/pl\/wp-json\/wp\/v2\/product\/11150","targetHints":{"allow":["GET"]}}],"collection":[{"href":"https:\/\/www.cfaebooks.com\/pl\/wp-json\/wp\/v2\/product"}],"about":[{"href":"https:\/\/www.cfaebooks.com\/pl\/wp-json\/wp\/v2\/types\/product"}],"replies":[{"embeddable":true,"href":"https:\/\/www.cfaebooks.com\/pl\/wp-json\/wp\/v2\/comments?post=11150"}],"wp:featuredmedia":[{"embeddable":true,"href":"https:\/\/www.cfaebooks.com\/pl\/wp-json\/wp\/v2\/media\/11151"}],"wp:attachment":[{"href":"https:\/\/www.cfaebooks.com\/pl\/wp-json\/wp\/v2\/media?parent=11150"}],"wp:term":[{"taxonomy":"product_brand","embeddable":true,"href":"https:\/\/www.cfaebooks.com\/pl\/wp-json\/wp\/v2\/product_brand?post=11150"},{"taxonomy":"product_cat","embeddable":true,"href":"https:\/\/www.cfaebooks.com\/pl\/wp-json\/wp\/v2\/product_cat?post=11150"},{"taxonomy":"product_tag","embeddable":true,"href":"https:\/\/www.cfaebooks.com\/pl\/wp-json\/wp\/v2\/product_tag?post=11150"}],"curies":[{"name":"wp","href":"https:\/\/api.w.org\/{rel}","templated":true}]}}