{"id":11098,"date":"2024-11-01T06:18:24","date_gmt":"2024-11-01T06:18:24","guid":{"rendered":"https:\/\/www.cfaebooks.com\/?post_type=product&#038;p=11098"},"modified":"2026-04-03T08:01:08","modified_gmt":"2026-04-03T08:01:08","slug":"2025-cfa-level-1-mark-meldrum-notatki-z-cwiczeniami-i-wymaganiami-wstepnymi","status":"publish","type":"product","link":"https:\/\/www.cfaebooks.com\/pl\/products\/2025-cfa-level-1-mark-meldrum-notatki-z-cwiczeniami-i-wymaganiami-wstepnymi\/","title":{"rendered":"2025 CFA Level 1 Mark Meldrum Notatki z arkuszem wzor\u00f3w, seminariami i wymaganiami wst\u0119pnymi"},"content":{"rendered":"<p>Przedmiotem sprzeda\u017cy jest ebook 2025 CFA Mark Meldrum Notes Level 1 with Formula Sheet, Seminars and Prerequisites PDF.<\/p>\n\n\n\n<p>Obejmuje on nast\u0119puj\u0105ce tematy:&nbsp;<\/p>\n\n\n\n<ul class=\"wp-block-list\">\n<li><strong>Metody ilo\u015bciowe<\/strong><\/li>\n\n\n\n<li><strong>Ekonomia<\/strong><\/li>\n\n\n\n<li><strong>Emitenci korporacyjni<\/strong><\/li>\n\n\n\n<li><strong>Analiza sprawozda\u0144 finansowych<\/strong><\/li>\n\n\n\n<li><strong>Kapita\u0142 w\u0142asny<\/strong><\/li>\n\n\n\n<li><strong>Sta\u0142y doch\u00f3d<\/strong><\/li>\n\n\n\n<li><strong>Instrumenty pochodne<\/strong><\/li>\n\n\n\n<li><strong>Inwestycje alternatywne<\/strong><\/li>\n\n\n\n<li><strong>Zarz\u0105dzanie portfelem i etyka<\/strong>.<\/li>\n<\/ul>\n\n\n\n<p>Po dokonaniu zakupu mo\u017cesz natychmiast pobra\u0107 e-booka. Nie jest to fizyczna ksi\u0105\u017cka, lecz cyfrowa kopia w formacie PDF. Nie dokonuj zakupu, je\u015bli chcesz otrzyma\u0107 fizyczn\u0105 wersj\u0119 papierow\u0105.<\/p>","protected":false},"excerpt":{"rendered":"<p>For sale is an ebook 2025 CFA Mark Meldrum Notes Level 1 with Formula Sheet, Seminars and Prerequisites PDF. It includes the following topics:&nbsp; After checkout you can download the e-Book immediately. This is not a physical book it is a&nbsp;PDF&nbsp;digital copy. Please do not purchase if you want a physical hard copy.<\/p>","protected":false},"featured_media":11099,"comment_status":"closed","ping_status":"closed","template":"","meta":[],"product_brand":[],"product_cat":[260],"product_tag":[261,93,88,90,268,87,91,92,165,309,168],"class_list":{"0":"post-11098","1":"product","2":"type-product","3":"status-publish","4":"has-post-thumbnail","6":"product_cat-cfa-level-1","7":"product_tag-cfa-2025","8":"product_tag-cfa-books","9":"product_tag-cfa-ebooks","10":"product_tag-cfa-exam","11":"product_tag-cfa-level-1-2025","12":"product_tag-cfa-level-i","13":"product_tag-cfa-prep","14":"product_tag-cfa-test","15":"product_tag-mark-meldrum","16":"product_tag-mark-meldrum-2025","17":"product_tag-study-notes","19":"first","20":"instock","21":"downloadable","22":"virtual","23":"sold-individually","24":"purchasable","25":"product-type-simple"},"_links":{"self":[{"href":"https:\/\/www.cfaebooks.com\/pl\/wp-json\/wp\/v2\/product\/11098","targetHints":{"allow":["GET"]}}],"collection":[{"href":"https:\/\/www.cfaebooks.com\/pl\/wp-json\/wp\/v2\/product"}],"about":[{"href":"https:\/\/www.cfaebooks.com\/pl\/wp-json\/wp\/v2\/types\/product"}],"replies":[{"embeddable":true,"href":"https:\/\/www.cfaebooks.com\/pl\/wp-json\/wp\/v2\/comments?post=11098"}],"wp:featuredmedia":[{"embeddable":true,"href":"https:\/\/www.cfaebooks.com\/pl\/wp-json\/wp\/v2\/media\/11099"}],"wp:attachment":[{"href":"https:\/\/www.cfaebooks.com\/pl\/wp-json\/wp\/v2\/media?parent=11098"}],"wp:term":[{"taxonomy":"product_brand","embeddable":true,"href":"https:\/\/www.cfaebooks.com\/pl\/wp-json\/wp\/v2\/product_brand?post=11098"},{"taxonomy":"product_cat","embeddable":true,"href":"https:\/\/www.cfaebooks.com\/pl\/wp-json\/wp\/v2\/product_cat?post=11098"},{"taxonomy":"product_tag","embeddable":true,"href":"https:\/\/www.cfaebooks.com\/pl\/wp-json\/wp\/v2\/product_tag?post=11098"}],"curies":[{"name":"wp","href":"https:\/\/api.w.org\/{rel}","templated":true}]}}