{"id":10931,"date":"2024-10-25T08:31:25","date_gmt":"2024-10-25T08:31:25","guid":{"rendered":"https:\/\/www.cfaebooks.com\/?post_type=product&#038;p=10931"},"modified":"2026-04-03T08:00:40","modified_gmt":"2026-04-03T08:00:40","slug":"2025-gleim-cma-review-czesc-1-planowanie-finansowe-wydajnosc-i-analityka-z-formulami-2","status":"publish","type":"product","link":"https:\/\/www.cfaebooks.com\/pl\/products\/2025-gleim-cma-review-czesc-1-planowanie-finansowe-wydajnosc-i-analityka-z-formulami-2\/","title":{"rendered":"2025 Gleim CMA Review Cz\u0119\u015b\u0107 1 Planowanie finansowe, wydajno\u015b\u0107 i analiza z formu\u0142ami"},"content":{"rendered":"<p>Na sprzeda\u017c jest e-Book 2025 Gleim CMA Review Part 1 Financial Planning, Performance, and Analytics with Formulas PDF. <\/p>\n\n\n\n<ul class=\"wp-block-list\">\n<li>Nie jest to fizyczna ksi\u0105\u017cka, lecz cyfrowa kopia w formacie PDF.<\/li>\n\n\n\n<li>Nie dokonuj zakupu, je\u015bli chcesz otrzyma\u0107 fizyczn\u0105 wersj\u0119 papierow\u0105. Po dokonaniu zakupu mo\u017cesz natychmiast pobra\u0107 e-booka.<\/li>\n<\/ul>","protected":false},"excerpt":{"rendered":"<p>Na sprzeda\u017c jest e-Book 2025 Gleim CMA Review Part 1 Financial Planning, Performance, and Analytics with Formulas PDF.<\/p>","protected":false},"featured_media":10932,"comment_status":"closed","ping_status":"closed","template":"","meta":[],"product_brand":[],"product_cat":[279],"product_tag":[282,301,292,291,288,285,300,290,286,289,284],"class_list":{"0":"post-10931","1":"product","2":"type-product","3":"status-publish","4":"has-post-thumbnail","6":"product_cat-cma-part-1","7":"product_tag-cma","8":"product_tag-cma-2025","9":"product_tag-cma-books","10":"product_tag-cma-ebooks","11":"product_tag-cma-exam","12":"product_tag-cma-part-1","13":"product_tag-cma-part-1-2025","14":"product_tag-cma-prep","15":"product_tag-cma-review","16":"product_tag-cma-test","17":"product_tag-gleim","19":"first","20":"instock","21":"downloadable","22":"virtual","23":"sold-individually","24":"purchasable","25":"product-type-simple"},"_links":{"self":[{"href":"https:\/\/www.cfaebooks.com\/pl\/wp-json\/wp\/v2\/product\/10931","targetHints":{"allow":["GET"]}}],"collection":[{"href":"https:\/\/www.cfaebooks.com\/pl\/wp-json\/wp\/v2\/product"}],"about":[{"href":"https:\/\/www.cfaebooks.com\/pl\/wp-json\/wp\/v2\/types\/product"}],"replies":[{"embeddable":true,"href":"https:\/\/www.cfaebooks.com\/pl\/wp-json\/wp\/v2\/comments?post=10931"}],"wp:featuredmedia":[{"embeddable":true,"href":"https:\/\/www.cfaebooks.com\/pl\/wp-json\/wp\/v2\/media\/10932"}],"wp:attachment":[{"href":"https:\/\/www.cfaebooks.com\/pl\/wp-json\/wp\/v2\/media?parent=10931"}],"wp:term":[{"taxonomy":"product_brand","embeddable":true,"href":"https:\/\/www.cfaebooks.com\/pl\/wp-json\/wp\/v2\/product_brand?post=10931"},{"taxonomy":"product_cat","embeddable":true,"href":"https:\/\/www.cfaebooks.com\/pl\/wp-json\/wp\/v2\/product_cat?post=10931"},{"taxonomy":"product_tag","embeddable":true,"href":"https:\/\/www.cfaebooks.com\/pl\/wp-json\/wp\/v2\/product_tag?post=10931"}],"curies":[{"name":"wp","href":"https:\/\/api.w.org\/{rel}","templated":true}]}}