{"id":10886,"date":"2024-10-24T08:56:02","date_gmt":"2024-10-24T08:56:02","guid":{"rendered":"https:\/\/www.cfaebooks.com\/?post_type=product&#038;p=10886"},"modified":"2026-04-03T08:00:12","modified_gmt":"2026-04-03T08:00:12","slug":"2025-cfa-program-nauczania-poziom-ii-zestaw-pudelkowy","status":"publish","type":"product","link":"https:\/\/www.cfaebooks.com\/pl\/products\/2025-cfa-program-nauczania-poziom-ii-zestaw-pudelkowy\/","title":{"rendered":"2025 Program CFA Poziom II Zestaw pude\u0142kowy"},"content":{"rendered":"<p>Na sprzeda\u017c jest e-Book 2025 CFA Program Curriculum Level II Box Set PDF. <\/p>\n\n\n\n<p>Obejmuje nast\u0119puj\u0105ce tematy: <\/p>\n\n\n\n<ul class=\"wp-block-list\">\n<li><em>Tom 1: Metody ilo\u015bciowe<\/em><\/li>\n\n\n\n<li><em>Tom 2: Ekonomia<\/em><\/li>\n\n\n\n<li><em>Tom 3: Analiza sprawozda\u0144 finansowych<\/em><\/li>\n\n\n\n<li><em>Volume 4: Corporate Issuers <\/em><\/li>\n\n\n\n<li><em>Obj\u0119to\u015b\u0107<\/em> <em>5: Inwestycje kapita\u0142owe<\/em><\/li>\n\n\n\n<li><em>Tom 6: Sta\u0142y doch\u00f3d<\/em><\/li>\n\n\n\n<li><em>Volume 7: Derivatives<\/em><\/li>\n\n\n\n<li><em>Volume 8: Alternative Investments<\/em><\/li>\n\n\n\n<li><em>Tom 9: Zarz\u0105dzanie portfelem<\/em><\/li>\n\n\n\n<li><em>Tom 10: Etyka i standardy zawodowe <\/em>.<\/li>\n<\/ul>\n\n\n\n<p>Po dokonaniu zakupu mo\u017cesz natychmiast pobra\u0107 e-booka. Nie jest to fizyczna ksi\u0105\u017cka, lecz cyfrowa kopia w formacie PDF. Nie dokonuj zakupu, je\u015bli chcesz otrzyma\u0107 fizyczn\u0105 wersj\u0119 papierow\u0105.<\/p>","protected":false},"excerpt":{"rendered":"<p>For sale is an e-Book 2025 CFA Program Curriculum Level II Box Set PDF. Includes the following topics: After checkout you can download the e-Book immediately. This is not a physical book it is a&nbsp;PDF&nbsp;digital copy. Please do not purchase if you want a physical hard copy<\/p>","protected":false},"featured_media":10887,"comment_status":"closed","ping_status":"closed","template":"","meta":[],"product_brand":[],"product_cat":[266],"product_tag":[261,93,88,90,174,178,293,91,89,92,168],"class_list":{"0":"post-10886","1":"product","2":"type-product","3":"status-publish","4":"has-post-thumbnail","6":"product_cat-cfa-level-2","7":"product_tag-cfa-2025","8":"product_tag-cfa-books","9":"product_tag-cfa-ebooks","10":"product_tag-cfa-exam","11":"product_tag-cfa-institute","12":"product_tag-cfa-level-2","13":"product_tag-cfa-level-2-2025","14":"product_tag-cfa-prep","15":"product_tag-cfa-program-curriculum","16":"product_tag-cfa-test","17":"product_tag-study-notes","19":"first","20":"instock","21":"downloadable","22":"virtual","23":"sold-individually","24":"purchasable","25":"product-type-simple"},"_links":{"self":[{"href":"https:\/\/www.cfaebooks.com\/pl\/wp-json\/wp\/v2\/product\/10886","targetHints":{"allow":["GET"]}}],"collection":[{"href":"https:\/\/www.cfaebooks.com\/pl\/wp-json\/wp\/v2\/product"}],"about":[{"href":"https:\/\/www.cfaebooks.com\/pl\/wp-json\/wp\/v2\/types\/product"}],"replies":[{"embeddable":true,"href":"https:\/\/www.cfaebooks.com\/pl\/wp-json\/wp\/v2\/comments?post=10886"}],"wp:featuredmedia":[{"embeddable":true,"href":"https:\/\/www.cfaebooks.com\/pl\/wp-json\/wp\/v2\/media\/10887"}],"wp:attachment":[{"href":"https:\/\/www.cfaebooks.com\/pl\/wp-json\/wp\/v2\/media?parent=10886"}],"wp:term":[{"taxonomy":"product_brand","embeddable":true,"href":"https:\/\/www.cfaebooks.com\/pl\/wp-json\/wp\/v2\/product_brand?post=10886"},{"taxonomy":"product_cat","embeddable":true,"href":"https:\/\/www.cfaebooks.com\/pl\/wp-json\/wp\/v2\/product_cat?post=10886"},{"taxonomy":"product_tag","embeddable":true,"href":"https:\/\/www.cfaebooks.com\/pl\/wp-json\/wp\/v2\/product_tag?post=10886"}],"curies":[{"name":"wp","href":"https:\/\/api.w.org\/{rel}","templated":true}]}}