{"id":10441,"date":"2025-10-10T17:12:09","date_gmt":"2025-10-10T17:12:09","guid":{"rendered":"https:\/\/www.cfaebooks.com\/?post_type=product&#038;p=10441"},"modified":"2026-04-03T07:59:55","modified_gmt":"2026-04-03T07:59:55","slug":"cfa-level-1-bundle","status":"publish","type":"product","link":"https:\/\/www.cfaebooks.com\/pl\/products\/cfa-level-1-bundle\/","title":{"rendered":"2026 CFA Level 1 Bundle"},"content":{"rendered":"<p><strong>2026 CFA Level 1 Bundle<\/strong> oferta pozwala <strong>wybierz dowolne 4 materia\u0142y do nauki CFA<\/strong> - w tym notatki, banki pyta\u0144, pr\u00f3bne egzaminy i lekcje wideo.<\/p>\n\n\n\n<p><strong>Co zawiera:<\/strong><\/p>\n\n\n\n<ul class=\"wp-block-list\">\n<li>Wybierz <strong>4 dowolne materia\u0142y do nauki<\/strong> z <strong>CFA Poziom 1<\/strong><\/li>\n\n\n\n<li>Natychmiastowe pobranie po dokonaniu p\u0142atno\u015bci<\/li>\n\n\n\n<li>Kompleksowe pokrycie wszystkich <strong>10 temat\u00f3w CFA Poziom 1<\/strong><\/li>\n\n\n\n<li>Tekst mo\u017cna przeszukiwa\u0107 za pomoc\u0105 funkcji wyszukiwania na klawiaturze komputera \"ctrl+f\" oraz poprzez wyszukiwanie na smartfonie\/tablecie.<\/li>\n\n\n\n<li>Lekcje wideo w formacie MP4<\/li>\n<\/ul>\n\n\n\n<p><strong>Dlaczego warto wybra\u0107 ten pakiet:<\/strong><\/p>\n\n\n\n<ul class=\"wp-block-list\">\n<li>Dostosuj sw\u00f3j w\u0142asny zestaw edukacyjny<\/li>\n\n\n\n<li>Zaoszcz\u0119d\u017a wi\u0119cej w por\u00f3wnaniu z zakupami indywidualnymi<\/li>\n\n\n\n<li>Najnowsze materia\u0142y do nauki CFA poziom 1<\/li>\n<\/ul>","protected":false},"excerpt":{"rendered":"<p>2026 CFA Level 1 Bundle offer lets you choose any 4 CFA study materials \u2014 including notes, question banks, mock exams and video lessons. What\u2019s included: Why choose this bundle:<\/p>","protected":false},"featured_media":17115,"comment_status":"closed","ping_status":"closed","template":"","meta":[],"product_brand":[],"product_cat":[273],"product_tag":[93,88,90,87,91,92],"class_list":{"0":"post-10441","1":"product","2":"type-product","3":"status-publish","4":"has-post-thumbnail","6":"product_cat-cfa-bundles","7":"product_tag-cfa-books","8":"product_tag-cfa-ebooks","9":"product_tag-cfa-exam","10":"product_tag-cfa-level-i","11":"product_tag-cfa-prep","12":"product_tag-cfa-test","14":"first","15":"instock","16":"downloadable","17":"virtual","18":"sold-individually","19":"purchasable","20":"product-type-bopobb"},"_links":{"self":[{"href":"https:\/\/www.cfaebooks.com\/pl\/wp-json\/wp\/v2\/product\/10441","targetHints":{"allow":["GET"]}}],"collection":[{"href":"https:\/\/www.cfaebooks.com\/pl\/wp-json\/wp\/v2\/product"}],"about":[{"href":"https:\/\/www.cfaebooks.com\/pl\/wp-json\/wp\/v2\/types\/product"}],"replies":[{"embeddable":true,"href":"https:\/\/www.cfaebooks.com\/pl\/wp-json\/wp\/v2\/comments?post=10441"}],"wp:featuredmedia":[{"embeddable":true,"href":"https:\/\/www.cfaebooks.com\/pl\/wp-json\/wp\/v2\/media\/17115"}],"wp:attachment":[{"href":"https:\/\/www.cfaebooks.com\/pl\/wp-json\/wp\/v2\/media?parent=10441"}],"wp:term":[{"taxonomy":"product_brand","embeddable":true,"href":"https:\/\/www.cfaebooks.com\/pl\/wp-json\/wp\/v2\/product_brand?post=10441"},{"taxonomy":"product_cat","embeddable":true,"href":"https:\/\/www.cfaebooks.com\/pl\/wp-json\/wp\/v2\/product_cat?post=10441"},{"taxonomy":"product_tag","embeddable":true,"href":"https:\/\/www.cfaebooks.com\/pl\/wp-json\/wp\/v2\/product_tag?post=10441"}],"curies":[{"name":"wp","href":"https:\/\/api.w.org\/{rel}","templated":true}]}}