{"id":10234,"date":"2024-09-02T13:55:26","date_gmt":"2024-09-02T13:55:26","guid":{"rendered":"https:\/\/www.cfaebooks.com\/?post_type=product&#038;p=10234"},"modified":"2026-04-03T07:59:17","modified_gmt":"2026-04-03T07:59:17","slug":"cfa-level-2-2025-ift-study-notes","status":"publish","type":"product","link":"https:\/\/www.cfaebooks.com\/pl\/products\/cfa-level-2-2025-ift-study-notes\/","title":{"rendered":"CFA Level 2 2025 IFT Study Notes"},"content":{"rendered":"<p>Na sprzeda\u017c jest e-book 2025 CFA Level 2 IFT Study Notes PDF.<\/p>\n\n\n\n<p>Obejmuje nast\u0119puj\u0105ce tematy: <\/p>\n\n\n\n<ul class=\"wp-block-list\">\n<li><em>Metody ilo\u015bciowe<\/em><\/li>\n\n\n\n<li><em>Ekonomia<\/em><\/li>\n\n\n\n<li><em>Analiza sprawozda\u0144 finansowych<\/em><\/li>\n\n\n\n<li><em>Emitenci korporacyjni<\/em><\/li>\n\n\n\n<li><em>Kapita\u0142 w\u0142asny<\/em><\/li>\n\n\n\n<li><em>Sta\u0142y doch\u00f3d<\/em><\/li>\n\n\n\n<li><em>Instrumenty pochodne<\/em><\/li>\n\n\n\n<li><em>Inwestycje alternatywne<\/em><\/li>\n\n\n\n<li><em>Zarz\u0105dzanie portfelem<\/em><\/li>\n\n\n\n<li><em>Standardy etyczne i zawodowe<\/em>.<\/li>\n<\/ul>\n\n\n\n<p>Po dokonaniu zakupu mo\u017cesz natychmiast pobra\u0107 e-booka. Nie jest to fizyczna ksi\u0105\u017cka, lecz cyfrowa kopia w formacie PDF. Nie dokonuj zakupu, je\u015bli chcesz otrzyma\u0107 fizyczn\u0105 wersj\u0119 papierow\u0105.<\/p>","protected":false},"excerpt":{"rendered":"<p>For sale is an e-Book 2025 CFA Level 2 IFT Study Notes PDF. Includes the following topics: After checkout you can download the e-Book immediately. This is not a physical book it is a&nbsp;PDF&nbsp;digital copy. Please do not purchase if you want a physical hard copy.<\/p>","protected":false},"featured_media":10235,"comment_status":"closed","ping_status":"closed","template":"","meta":[],"product_brand":[],"product_cat":[266],"product_tag":[261,93,88,90,178,91,92,167,168],"class_list":{"0":"post-10234","1":"product","2":"type-product","3":"status-publish","4":"has-post-thumbnail","6":"product_cat-cfa-level-2","7":"product_tag-cfa-2025","8":"product_tag-cfa-books","9":"product_tag-cfa-ebooks","10":"product_tag-cfa-exam","11":"product_tag-cfa-level-2","12":"product_tag-cfa-prep","13":"product_tag-cfa-test","14":"product_tag-ift","15":"product_tag-study-notes","17":"first","18":"instock","19":"downloadable","20":"virtual","21":"sold-individually","22":"purchasable","23":"product-type-simple"},"_links":{"self":[{"href":"https:\/\/www.cfaebooks.com\/pl\/wp-json\/wp\/v2\/product\/10234","targetHints":{"allow":["GET"]}}],"collection":[{"href":"https:\/\/www.cfaebooks.com\/pl\/wp-json\/wp\/v2\/product"}],"about":[{"href":"https:\/\/www.cfaebooks.com\/pl\/wp-json\/wp\/v2\/types\/product"}],"replies":[{"embeddable":true,"href":"https:\/\/www.cfaebooks.com\/pl\/wp-json\/wp\/v2\/comments?post=10234"}],"wp:featuredmedia":[{"embeddable":true,"href":"https:\/\/www.cfaebooks.com\/pl\/wp-json\/wp\/v2\/media\/10235"}],"wp:attachment":[{"href":"https:\/\/www.cfaebooks.com\/pl\/wp-json\/wp\/v2\/media?parent=10234"}],"wp:term":[{"taxonomy":"product_brand","embeddable":true,"href":"https:\/\/www.cfaebooks.com\/pl\/wp-json\/wp\/v2\/product_brand?post=10234"},{"taxonomy":"product_cat","embeddable":true,"href":"https:\/\/www.cfaebooks.com\/pl\/wp-json\/wp\/v2\/product_cat?post=10234"},{"taxonomy":"product_tag","embeddable":true,"href":"https:\/\/www.cfaebooks.com\/pl\/wp-json\/wp\/v2\/product_tag?post=10234"}],"curies":[{"name":"wp","href":"https:\/\/api.w.org\/{rel}","templated":true}]}}