{"id":8770,"date":"2024-03-22T06:54:56","date_gmt":"2024-03-22T06:54:56","guid":{"rendered":"https:\/\/www.cfaebooks.com\/?page_id=8770"},"modified":"2026-03-14T02:35:20","modified_gmt":"2026-03-14T02:35:20","slug":"polityka-platnosci-i-zwrotow","status":"publish","type":"page","link":"https:\/\/www.cfaebooks.com\/pl\/polityka-platnosci-i-zwrotow\/","title":{"rendered":"Polityka p\u0142atno\u015bci i zwrot\u00f3w"},"content":{"rendered":"<h3 class=\"wp-block-heading\">Zasady p\u0142atno\u015bci<\/h3>\n\n\n\n<p>We accept payment via PayPal and Debit \/ Credit Card.<\/p>\n\n\n\n<figure class=\"wp-block-image size-medium\"><img decoding=\"async\" width=\"300\" height=\"28\" src=\"https:\/\/www.cfaebooks.com\/wp-content\/uploads\/2026\/02\/payment-card-300x28.png\" alt=\"payment card\" class=\"wp-image-16252\" srcset=\"https:\/\/www.cfaebooks.com\/wp-content\/uploads\/2026\/02\/payment-card-300x28.png 300w, https:\/\/www.cfaebooks.com\/wp-content\/uploads\/2026\/02\/payment-card-768x71.png 768w, https:\/\/www.cfaebooks.com\/wp-content\/uploads\/2026\/02\/payment-card-18x2.png 18w, https:\/\/www.cfaebooks.com\/wp-content\/uploads\/2026\/02\/payment-card-441x41.png 441w, https:\/\/www.cfaebooks.com\/wp-content\/uploads\/2026\/02\/payment-card-150x14.png 150w, https:\/\/www.cfaebooks.com\/wp-content\/uploads\/2026\/02\/payment-card-64x6.png 64w, https:\/\/www.cfaebooks.com\/wp-content\/uploads\/2026\/02\/payment-card.png 774w\" sizes=\"(max-width: 300px) 100vw, 300px\" \/><\/figure>\n\n\n\n<h3 class=\"wp-block-heading\">Polityka zwrot\u00f3w<\/h3>\n\n\n\n<p>CFA eBooks zapewnia pe\u0142ne zwroty koszt\u00f3w pod nast\u0119puj\u0105cymi warunkami:<\/p>\n\n\n\n<ul class=\"wp-block-list\">\n<li>Element nie zosta\u0142 pobrany.<\/li>\n\n\n\n<li>The product downloaded is not as described.<\/li>\n\n\n\n<li>Zakup zosta\u0142 dokonany omy\u0142kowo.<\/li>\n<\/ul>\n\n\n\n<h3 class=\"wp-block-heading\">Jak ubiega\u0107 si\u0119 o zwrot pieni\u0119dzy<\/h3>\n\n\n\n<p>Je\u015bli dokona\u0142e\u015b zakupu przez pomy\u0142k\u0119, unikaj pobierania pliku i skontaktuj si\u0119 z nami jak najszybciej. Nasz zesp\u00f3\u0142 przeanalizuje Twoj\u0105 pro\u015bb\u0119 i niezw\u0142ocznie przetworzy zwrot pieni\u0119dzy.<\/p>\n\n\n\n<p>Jednak po pobraniu przedmiotu uwa\u017camy, \u017ce zakup jest ostateczny i nie podlega zwrotowi.<\/p>\n\n\n\n<p>Dzi\u0119kujemy za zrozumienie i wsp\u00f3\u0142prac\u0119 w ramach naszej polityki zwrot\u00f3w. Je\u015bli masz jakiekolwiek pytania lub potrzebujesz dalszych wyja\u015bnie\u0144, nie wahaj si\u0119&nbsp;<a href=\"\/pl\/kontakt\/\">kontakt<\/a>&nbsp;nasz zesp\u00f3\u0142 wsparcia.<\/p>\n\n\n\n<p>Dzi\u0119kuj\u0119!<\/p>","protected":false},"excerpt":{"rendered":"<p>Payment Policy We accept payment via PayPal and Debit \/ Credit Card. Refund Policy CFA eBooks provides full refunds under the following conditions: How to Request a Refund If you made a purchase by mistake, please avoid downloading the file and contact us as soon as possible. Our team will review your request and process [&hellip;]<\/p>\n","protected":false},"author":1,"featured_media":0,"parent":0,"menu_order":0,"comment_status":"closed","ping_status":"closed","template":"template-fullwidth.php","meta":{"footnotes":""},"class_list":["post-8770","page","type-page","status-publish","hentry"],"_links":{"self":[{"href":"https:\/\/www.cfaebooks.com\/pl\/wp-json\/wp\/v2\/pages\/8770","targetHints":{"allow":["GET"]}}],"collection":[{"href":"https:\/\/www.cfaebooks.com\/pl\/wp-json\/wp\/v2\/pages"}],"about":[{"href":"https:\/\/www.cfaebooks.com\/pl\/wp-json\/wp\/v2\/types\/page"}],"author":[{"embeddable":true,"href":"https:\/\/www.cfaebooks.com\/pl\/wp-json\/wp\/v2\/users\/1"}],"replies":[{"embeddable":true,"href":"https:\/\/www.cfaebooks.com\/pl\/wp-json\/wp\/v2\/comments?post=8770"}],"version-history":[{"count":4,"href":"https:\/\/www.cfaebooks.com\/pl\/wp-json\/wp\/v2\/pages\/8770\/revisions"}],"predecessor-version":[{"id":16784,"href":"https:\/\/www.cfaebooks.com\/pl\/wp-json\/wp\/v2\/pages\/8770\/revisions\/16784"}],"wp:attachment":[{"href":"https:\/\/www.cfaebooks.com\/pl\/wp-json\/wp\/v2\/media?parent=8770"}],"curies":[{"name":"wp","href":"https:\/\/api.w.org\/{rel}","templated":true}]}}