{"id":9511,"date":"2024-06-20T02:14:30","date_gmt":"2024-06-20T02:14:30","guid":{"rendered":"https:\/\/www.cfaebooks.com\/?post_type=product&#038;p=9511"},"modified":"2026-04-03T07:58:18","modified_gmt":"2026-04-03T07:58:18","slug":"esami-simulati-di-cfa-livello-2-2023-schweser-argomenti-quiz","status":"publish","type":"product","link":"https:\/\/www.cfaebooks.com\/it\/products\/esami-simulati-di-cfa-livello-2-2023-schweser-argomenti-quiz\/","title":{"rendered":"CFA Livello 2 2023 Schweser Esami simulati + Quiz tematici"},"content":{"rendered":"<p>In vendita c'\u00e8 un libro elettronico 2023 CFA Livello 2 Schweser Mock exams + Topic Quiz PDF. Questo non \u00e8 un libro fisico \u00e8 una copia digitale in PDF. Si prega di non acquistare se si desidera una copia fisica. Dopo il checkout \u00e8 possibile scaricare l'e-Book istantaneamente.<\/p>\n\n\n\n<p><\/p>","protected":false},"excerpt":{"rendered":"<p>In vendita c'\u00e8 un libro elettronico 2023 CFA Livello 2 Schweser Mock exams + Topic Quiz PDF. Questo non \u00e8 un libro fisico \u00e8 una copia digitale in PDF. Si prega di non acquistare se si desidera una copia fisica. Dopo il checkout \u00e8 possibile scaricare l'e-Book istantaneamente.<\/p>","protected":false},"featured_media":9512,"comment_status":"closed","ping_status":"closed","template":"","meta":[],"product_brand":[],"product_cat":[350],"product_tag":[86,93,88,90,178,91,92,158,159],"class_list":{"0":"post-9511","1":"product","2":"type-product","3":"status-publish","4":"has-post-thumbnail","6":"product_cat-cfa-level-2-2024","7":"product_tag-cfa-2024","8":"product_tag-cfa-books","9":"product_tag-cfa-ebooks","10":"product_tag-cfa-exam","11":"product_tag-cfa-level-2","12":"product_tag-cfa-prep","13":"product_tag-cfa-test","14":"product_tag-kaplan-schweser","15":"product_tag-secret-sauce","17":"first","18":"instock","19":"downloadable","20":"virtual","21":"sold-individually","22":"purchasable","23":"product-type-simple"},"_links":{"self":[{"href":"https:\/\/www.cfaebooks.com\/it\/wp-json\/wp\/v2\/product\/9511","targetHints":{"allow":["GET"]}}],"collection":[{"href":"https:\/\/www.cfaebooks.com\/it\/wp-json\/wp\/v2\/product"}],"about":[{"href":"https:\/\/www.cfaebooks.com\/it\/wp-json\/wp\/v2\/types\/product"}],"replies":[{"embeddable":true,"href":"https:\/\/www.cfaebooks.com\/it\/wp-json\/wp\/v2\/comments?post=9511"}],"wp:featuredmedia":[{"embeddable":true,"href":"https:\/\/www.cfaebooks.com\/it\/wp-json\/wp\/v2\/media\/9512"}],"wp:attachment":[{"href":"https:\/\/www.cfaebooks.com\/it\/wp-json\/wp\/v2\/media?parent=9511"}],"wp:term":[{"taxonomy":"product_brand","embeddable":true,"href":"https:\/\/www.cfaebooks.com\/it\/wp-json\/wp\/v2\/product_brand?post=9511"},{"taxonomy":"product_cat","embeddable":true,"href":"https:\/\/www.cfaebooks.com\/it\/wp-json\/wp\/v2\/product_cat?post=9511"},{"taxonomy":"product_tag","embeddable":true,"href":"https:\/\/www.cfaebooks.com\/it\/wp-json\/wp\/v2\/product_tag?post=9511"}],"curies":[{"name":"wp","href":"https:\/\/api.w.org\/{rel}","templated":true}]}}