{"id":8256,"date":"2024-03-04T05:51:33","date_gmt":"2024-03-04T05:51:33","guid":{"rendered":"https:\/\/www.cfaebooks.com\/?post_type=product&#038;p=8256"},"modified":"2026-04-03T07:56:27","modified_gmt":"2026-04-03T07:56:27","slug":"cfa-livello-1-2024-mark-meldrum-note-corsi-applicati-2","status":"publish","type":"product","link":"https:\/\/www.cfaebooks.com\/it\/products\/cfa-livello-1-2024-mark-meldrum-note-corsi-applicati-2\/","title":{"rendered":"CFA Livello 1 2024 Mark Meldrum Note + Corsi applicati"},"content":{"rendered":"<p>In vendita un e-Book CFA Level 1 2024 Mark Meldrum Notes + Applied Courses PDF. <\/p>\n\n\n\n<p>Questo non \u00e8 un libro fisico, ma una copia digitale in formato PDF. Non acquistatelo se volete una copia fisica. Dopo l'acquisto \u00e8 possibile scaricare immediatamente il libro elettronico.<\/p>","protected":false},"excerpt":{"rendered":"<p>In vendita c'\u00e8 un libro elettronico CFA Livello 1 2024 Mark Meldrum Notes + Applied Courses PDF. Questo non \u00e8 un libro fisico, \u00e8 una copia digitale in PDF. Si prega di non acquistare se si desidera una copia fisica. Dopo il checkout \u00e8 possibile scaricare l'e-Book istantaneamente.<\/p>","protected":false},"featured_media":8258,"comment_status":"closed","ping_status":"closed","template":"","meta":[],"product_brand":[],"product_cat":[260],"product_tag":[86,93,88,90,87,91,92,165],"class_list":{"0":"post-8256","1":"product","2":"type-product","3":"status-publish","4":"has-post-thumbnail","6":"product_cat-cfa-level-1","7":"product_tag-cfa-2024","8":"product_tag-cfa-books","9":"product_tag-cfa-ebooks","10":"product_tag-cfa-exam","11":"product_tag-cfa-level-i","12":"product_tag-cfa-prep","13":"product_tag-cfa-test","14":"product_tag-mark-meldrum","16":"first","17":"instock","18":"downloadable","19":"virtual","20":"sold-individually","21":"purchasable","22":"product-type-simple"},"_links":{"self":[{"href":"https:\/\/www.cfaebooks.com\/it\/wp-json\/wp\/v2\/product\/8256","targetHints":{"allow":["GET"]}}],"collection":[{"href":"https:\/\/www.cfaebooks.com\/it\/wp-json\/wp\/v2\/product"}],"about":[{"href":"https:\/\/www.cfaebooks.com\/it\/wp-json\/wp\/v2\/types\/product"}],"replies":[{"embeddable":true,"href":"https:\/\/www.cfaebooks.com\/it\/wp-json\/wp\/v2\/comments?post=8256"}],"wp:featuredmedia":[{"embeddable":true,"href":"https:\/\/www.cfaebooks.com\/it\/wp-json\/wp\/v2\/media\/8258"}],"wp:attachment":[{"href":"https:\/\/www.cfaebooks.com\/it\/wp-json\/wp\/v2\/media?parent=8256"}],"wp:term":[{"taxonomy":"product_brand","embeddable":true,"href":"https:\/\/www.cfaebooks.com\/it\/wp-json\/wp\/v2\/product_brand?post=8256"},{"taxonomy":"product_cat","embeddable":true,"href":"https:\/\/www.cfaebooks.com\/it\/wp-json\/wp\/v2\/product_cat?post=8256"},{"taxonomy":"product_tag","embeddable":true,"href":"https:\/\/www.cfaebooks.com\/it\/wp-json\/wp\/v2\/product_tag?post=8256"}],"curies":[{"name":"wp","href":"https:\/\/api.w.org\/{rel}","templated":true}]}}