{"id":8662,"date":"2024-03-20T09:28:22","date_gmt":"2024-03-20T09:28:22","guid":{"rendered":"https:\/\/www.cfaebooks.com\/?page_id=8662"},"modified":"2026-02-11T04:07:34","modified_gmt":"2026-02-11T04:07:34","slug":"faq","status":"publish","type":"page","link":"https:\/\/www.cfaebooks.com\/it\/faqs\/","title":{"rendered":"Domande frequenti"},"content":{"rendered":"<div id=\"rank-math-faq\" class=\"rank-math-block\">\n<div class=\"rank-math-list\">\n<div id=\"faq-question-1711112280361\" class=\"rank-math-list-item\">\n<h3 class=\"rank-math-question\"><strong>Il mio metodo di pagamento non funziona, perch\u00e9?<\/strong><\/h3>\n<div class=\"rank-math-answer\">\n\n<p>Ci sono alcuni motivi per cui potreste riscontrare difficolt\u00e0 nell'elaborazione del pagamento. Ecco alcuni elementi comuni da verificare.<\/p>\n<p>1. Assicurarsi che il\u00a0<strong>il paese inserito corrisponde al paese della carta di pagamento<\/strong><br \/>2. <strong>Cancella la cache<\/strong>\u00a0nel browser web<br \/>3. Try<strong>\u00a0utilizzando un indirizzo e-mail diverso<\/strong><br \/>4. Try a\u00a0<strong>browser web diversi<\/strong>\u00a0Ad esempio, Google Chrome, Mozilla Firefox, Microsoft Edge, Apple Safari.<\/p>\n\n<\/div>\n<\/div>\n<div id=\"faq-question-1711112367817\" class=\"rank-math-list-item\">\n<h3 class=\"rank-math-question\"><strong>Ho bisogno di un account per acquistare i prodotti?<\/strong><\/h3>\n<div class=\"rank-math-answer\">\n\n<p>Non \u00e8 necessario un account per acquistare i prodotti. Avete la possibilit\u00e0 di\u00a0<strong>cassa come ospite<\/strong>. Altrimenti, se preferite, potete creare un account gratuito.<\/p>\n\n<\/div>\n<\/div>\n<div id=\"faq-question-1711112392048\" class=\"rank-math-list-item\">\n<h3 class=\"rank-math-question\"><strong>Come faccio a registrarmi per un account gratuito?<\/strong><\/h3>\n<div class=\"rank-math-answer\">\n\n<p>Potete iscrivervi cliccando su\u00a0<strong><a href=\"\/it\/il-mio-conto\/\">REGISTRAZIONE\u00a0<\/a><\/strong>here. You can also find register in the menu under &#8216;Account&#8217;.<\/p>\n\n<\/div>\n<\/div>\n<div id=\"faq-question-1711112474613\" class=\"rank-math-list-item\">\n<h3 class=\"rank-math-question\"><strong>Con quali metodi di pagamento posso pagare?<\/strong><\/h3>\n<div class=\"rank-math-answer\">\n\n<p>We accept payment via most Debit \/ Credit Card.<\/p>\n\n<\/div>\n<\/div>\n<div id=\"faq-question-1711112510413\" class=\"rank-math-list-item\">\n<h3 class=\"rank-math-question\"><strong>Quante volte posso accedere ai miei download?<\/strong><\/h3>\n<div class=\"rank-math-answer\">\n\n<p>Dopo l'acquisto, \u00e8 possibile scaricare i prodotti\u00a0<strong>tutte le volte che volete<\/strong>\u00a0e su tutti i dispositivi che volete - s\u00ec, proprio cos\u00ec.\u00a0<strong>illimitato<\/strong>!<\/p>\n\n<\/div>\n<\/div>\n<div id=\"faq-question-1711112536280\" class=\"rank-math-list-item\">\n<h3 class=\"rank-math-question\"><strong>Quando verr\u00e0 inviato il mio ordine?<\/strong><\/h3>\n<div class=\"rank-math-answer\">\n\n<p>Download links are provided after payment is confirmed. You will receive the download links to the files in &#8216;<strong>I miei download<\/strong>'. Inoltre, riceverete anche un\u00a0<strong>e-mail separata con i link per il download<\/strong>\u00a0anche.<\/p>\n\n<\/div>\n<\/div>\n<div id=\"faq-question-1711112560304\" class=\"rank-math-list-item\">\n<h3 class=\"rank-math-question\"><strong>Dov'\u00e8 il mio download digitale? Non ho ricevuto alcuna e-mail dopo il mio acquisto.<\/strong><\/h3>\n<div class=\"rank-math-answer\">\n\n<p>Si prega di controllare il proprio\u00a0<strong>Spazzatura\u00a0<\/strong>e\u00a0<strong>Spam<\/strong>\u00a0cartelle di posta elettronica. A volte i provider di posta elettronica come Outlook, Yahoo e Gmail inviano le e-mail alle cartelle di posta indesiderata\/spam piuttosto che alla posta in arrivo. In rare circostanze pu\u00f2 essere necessario un po' di tempo prima che appaia (fino a 10 minuti).<\/p>\n\n<\/div>\n<\/div>\n<div id=\"faq-question-1711112595961\" class=\"rank-math-list-item\">\n<h3 class=\"rank-math-question\"><strong>Quali dispositivi posso utilizzare per aprire gli e-Book e ascoltare l'audio?<\/strong><\/h3>\n<div class=\"rank-math-answer\">\n\n<p>Noi\u00a0<strong>raccomandare<\/strong>\u00a0utilizzando un\u00a0<strong>PC\/Mac\/Laptop<\/strong>\u00a0per visualizzare e ascoltare i vostri file, in quanto \u00e8 il modo pi\u00f9 facile e intuitivo per imparare. I nostri file funzionano anche con gli smartphone, ad esempio iPhone, Android e tablet, ad esempio iPad.<\/p>\n\n<\/div>\n<\/div>\n<div id=\"faq-question-1711112625984\" class=\"rank-math-list-item\">\n<h3 class=\"rank-math-question\"><strong>Non ricevo risposta dalla live chat, come posso contattarvi?<\/strong><\/h3>\n<div class=\"rank-math-answer\">\n\n<p>A causa di\u00a0<strong>fusi orari diversi<\/strong>\u00a0non siamo sempre online. Tuttavia \u00e8 possibile\u00a0<strong>lasciateci un messaggio con il vostro indirizzo e-mail all'interno della chat\u00a0<\/strong>e vi risponderemo\u00a0<strong>il prima possibile: siamo molto reattivi.<\/strong>. Nella maggior parte dei casi ci sentirete\u00a0<strong>entro 2-3 ore<\/strong>\u00a0e non pi\u00f9 di 8 ore al massimo.<\/p>\n\n<\/div>\n<\/div>\n<div id=\"faq-question-1711112665432\" class=\"rank-math-list-item\">\n<h3 class=\"rank-math-question\"><strong>Ho problemi ad aprire il file\/cartella .zip, cosa devo fare? Non ho mai avuto a che fare con file\/cartelle .zip prima d'ora.<\/strong><\/h3>\n<div class=\"rank-math-answer\">\n<img decoding=\"async\" width=\"150\" height=\"150\" src=\"https:\/\/www.cfaebooks.com\/wp-content\/uploads\/2024\/03\/extract-150x150.png\" class=\"alignright\" alt=\"\">\n<p>Alcuni dei file pi\u00f9 grandi, come i video, sono memorizzati all'interno di cartelle .zip, il che significa che \u00e8 necessario estrarre la cartella per visualizzare ci\u00f2 che contiene. \u00c8 possibile estrarre la cartella con Winzip (strumento gratuito predefinito su Windows o predefinito su Mac).\u00a0<strong>Fare clic con il tasto destro del mouse sulla cartella<\/strong>\u00a0e fare clic su\u00a0<strong>Estrarre tutto<\/strong>\u00a0per estrarre la cartella; a questo punto si dovrebbero vedere i file. Consigliamo anche un altro estrattore di file .zip gratuito\u00a0<strong>(<a href=\"https:\/\/www.win-rar.com\/download.html?&amp;L=0\" target=\"_blank\" rel=\"noreferrer noopener nofollow\">Winrar<\/a>)\u00a0<\/strong>\u00e8 possibile ottenerlo da questo link, funziona come gli altri menzionati sopra.<\/p>\n\n<\/div>\n<\/div>\n<\/div>\n<\/div>\n\n\n<p><\/p>","protected":false},"excerpt":{"rendered":"","protected":false},"author":1,"featured_media":0,"parent":0,"menu_order":0,"comment_status":"closed","ping_status":"closed","template":"template-fullwidth.php","meta":{"footnotes":""},"class_list":["post-8662","page","type-page","status-publish","hentry"],"_links":{"self":[{"href":"https:\/\/www.cfaebooks.com\/it\/wp-json\/wp\/v2\/pages\/8662","targetHints":{"allow":["GET"]}}],"collection":[{"href":"https:\/\/www.cfaebooks.com\/it\/wp-json\/wp\/v2\/pages"}],"about":[{"href":"https:\/\/www.cfaebooks.com\/it\/wp-json\/wp\/v2\/types\/page"}],"author":[{"embeddable":true,"href":"https:\/\/www.cfaebooks.com\/it\/wp-json\/wp\/v2\/users\/1"}],"replies":[{"embeddable":true,"href":"https:\/\/www.cfaebooks.com\/it\/wp-json\/wp\/v2\/comments?post=8662"}],"version-history":[{"count":2,"href":"https:\/\/www.cfaebooks.com\/it\/wp-json\/wp\/v2\/pages\/8662\/revisions"}],"predecessor-version":[{"id":16305,"href":"https:\/\/www.cfaebooks.com\/it\/wp-json\/wp\/v2\/pages\/8662\/revisions\/16305"}],"wp:attachment":[{"href":"https:\/\/www.cfaebooks.com\/it\/wp-json\/wp\/v2\/media?parent=8662"}],"curies":[{"name":"wp","href":"https:\/\/api.w.org\/{rel}","templated":true}]}}