{"id":9934,"date":"2024-08-06T06:54:25","date_gmt":"2024-08-06T06:54:25","guid":{"rendered":"https:\/\/www.cfaebooks.com\/?post_type=product&#038;p=9934"},"modified":"2026-04-03T07:58:51","modified_gmt":"2026-04-03T07:58:51","slug":"2025-cfa-ift-study-notes-level-3-private-wealth-pathway","status":"publish","type":"product","link":"https:\/\/www.cfaebooks.com\/hu\/products\/2025-cfa-ift-study-notes-level-3-private-wealth-pathway\/","title":{"rendered":"2025 CFA IFT Tanulm\u00e1nyi jegyzetek Level 3 Private Wealth Pathway"},"content":{"rendered":"<p>For sale is an e-Book 2025 CFA Level 3 IFT Study Notes Private Wealth Pathway PDF.<\/p>\n\n\n\n<p>A k\u00f6vetkez\u0151 t\u00e9m\u00e1kat tartalmazza: <em>Mag\u00e1nvagyon \u00fatja, 1. k\u00f6tet, 2. k\u00f6tet, 3. k\u00f6tet, 4. k\u00f6tet \u00e9s 5. k\u00f6tet.<\/em><\/p>\n\n\n\n<ul class=\"wp-block-list\">\n<li>A fizet\u00e9s ut\u00e1n azonnal let\u00f6ltheti az e-k\u00f6nyvet.<\/li>\n\n\n\n<li>Ez nem egy fizikai k\u00f6nyv, hanem egy PDF form\u00e1tum\u00fa digit\u00e1lis m\u00e1solat. K\u00e9rj\u00fck, ne v\u00e1s\u00e1rolja meg, ha fizikai nyomtatott p\u00e9ld\u00e1nyt szeretne.<\/li>\n<\/ul>","protected":false},"excerpt":{"rendered":"<p>For sale is an e-Book 2025 CFA Level 3 IFT Study Notes Private Wealth Pathway PDF. Includes the following topics: Private Wealth Pathway, Volume 1, Volume 2, Volume 3, Volume 4 and Volume 5.<\/p>","protected":false},"featured_media":10332,"comment_status":"closed","ping_status":"closed","template":"","meta":[],"product_brand":[],"product_cat":[265],"product_tag":[261,93,88,90,180,267,306,91,92,167,168],"class_list":{"0":"post-9934","1":"product","2":"type-product","3":"status-publish","4":"has-post-thumbnail","6":"product_cat-cfa-level-3","7":"product_tag-cfa-2025","8":"product_tag-cfa-books","9":"product_tag-cfa-ebooks","10":"product_tag-cfa-exam","11":"product_tag-cfa-level-3","12":"product_tag-cfa-level-3-2025","13":"product_tag-cfa-level-3-private-wealth-pathway","14":"product_tag-cfa-prep","15":"product_tag-cfa-test","16":"product_tag-ift","17":"product_tag-study-notes","19":"first","20":"instock","21":"downloadable","22":"virtual","23":"sold-individually","24":"purchasable","25":"product-type-simple"},"_links":{"self":[{"href":"https:\/\/www.cfaebooks.com\/hu\/wp-json\/wp\/v2\/product\/9934","targetHints":{"allow":["GET"]}}],"collection":[{"href":"https:\/\/www.cfaebooks.com\/hu\/wp-json\/wp\/v2\/product"}],"about":[{"href":"https:\/\/www.cfaebooks.com\/hu\/wp-json\/wp\/v2\/types\/product"}],"replies":[{"embeddable":true,"href":"https:\/\/www.cfaebooks.com\/hu\/wp-json\/wp\/v2\/comments?post=9934"}],"wp:featuredmedia":[{"embeddable":true,"href":"https:\/\/www.cfaebooks.com\/hu\/wp-json\/wp\/v2\/media\/10332"}],"wp:attachment":[{"href":"https:\/\/www.cfaebooks.com\/hu\/wp-json\/wp\/v2\/media?parent=9934"}],"wp:term":[{"taxonomy":"product_brand","embeddable":true,"href":"https:\/\/www.cfaebooks.com\/hu\/wp-json\/wp\/v2\/product_brand?post=9934"},{"taxonomy":"product_cat","embeddable":true,"href":"https:\/\/www.cfaebooks.com\/hu\/wp-json\/wp\/v2\/product_cat?post=9934"},{"taxonomy":"product_tag","embeddable":true,"href":"https:\/\/www.cfaebooks.com\/hu\/wp-json\/wp\/v2\/product_tag?post=9934"}],"curies":[{"name":"wp","href":"https:\/\/api.w.org\/{rel}","templated":true}]}}