{"id":9485,"date":"2024-05-02T01:31:14","date_gmt":"2024-05-02T01:31:14","guid":{"rendered":"https:\/\/www.cfaebooks.com\/?post_type=product&#038;p=9485"},"modified":"2026-04-03T07:58:13","modified_gmt":"2026-04-03T07:58:13","slug":"2025-cfa-program-curriculum-level-1-box-set","status":"publish","type":"product","link":"https:\/\/www.cfaebooks.com\/hu\/products\/2025-cfa-program-curriculum-level-1-box-set\/","title":{"rendered":"2025 CFA Program tananyag 1. szint\u0171 tananyag dobozk\u00e9szlet"},"content":{"rendered":"<p>For sale is an e-Book 2025 CFA Program Curriculum Level I Box Set PDF.<\/p>\n\n\n\n<p>A k\u00f6tetek k\u00f6z\u00f6tt szerepelnek:<\/p>\n\n\n\n<ul class=\"wp-block-list\">\n<li>1. k\u00f6tet: Kvantitat\u00edv m\u00f3dszerek<\/li>\n\n\n\n<li>2. k\u00f6tet: K\u00f6zgazdas\u00e1gtan<\/li>\n\n\n\n<li>3. k\u00f6tet: V\u00e1llalati kibocs\u00e1t\u00f3k<\/li>\n\n\n\n<li>4. k\u00f6tet: P\u00e9nz\u00fcgyi kimutat\u00e1sok elemz\u00e9se<\/li>\n\n\n\n<li>5. k\u00f6tet: T\u0151kebefektet\u00e9sek<\/li>\n\n\n\n<li>6. k\u00f6tet: R\u00f6gz\u00edtett j\u00f6vedelem<\/li>\n\n\n\n<li>7. k\u00f6tet:  Sz\u00e1rmaz\u00e9kok<\/li>\n\n\n\n<li>8. k\u00f6tet: Alternat\u00edv befektet\u00e9sek<\/li>\n\n\n\n<li>9. k\u00f6tet: Portf\u00f3li\u00f3kezel\u00e9s<\/li>\n\n\n\n<li>10. k\u00f6tet: Etikai \u00e9s szakmai norm\u00e1k&nbsp;<\/li>\n<\/ul>\n\n\n\n<p>Ez nem egy fizikai k\u00f6nyv, hanem egy PDF form\u00e1tum\u00fa digit\u00e1lis m\u00e1solat. K\u00e9rj\u00fck, ne v\u00e1s\u00e1rolja meg, ha fizikai nyomtatott p\u00e9ld\u00e1nyt szeretne. A fizet\u00e9s ut\u00e1n azonnal let\u00f6ltheti az e-k\u00f6nyvet.<\/p>","protected":false},"excerpt":{"rendered":"<p>For sale is an e-Book 2025 CFA Program Curriculum Level I Box Set PDF. Volumes include: This is not a physical book it is a\u00a0PDF\u00a0digital copy. Please do not purchase if you want a physical hard copy. After checkout you can download the e-Book immediately.<\/p>","protected":false},"featured_media":9487,"comment_status":"closed","ping_status":"closed","template":"","meta":[],"product_brand":[],"product_cat":[260],"product_tag":[261,93,88,90,87,91,89,92,169],"class_list":{"0":"post-9485","1":"product","2":"type-product","3":"status-publish","4":"has-post-thumbnail","6":"product_cat-cfa-level-1","7":"product_tag-cfa-2025","8":"product_tag-cfa-books","9":"product_tag-cfa-ebooks","10":"product_tag-cfa-exam","11":"product_tag-cfa-level-i","12":"product_tag-cfa-prep","13":"product_tag-cfa-program-curriculum","14":"product_tag-cfa-test","15":"product_tag-wiley","17":"first","18":"instock","19":"downloadable","20":"virtual","21":"sold-individually","22":"purchasable","23":"product-type-simple"},"_links":{"self":[{"href":"https:\/\/www.cfaebooks.com\/hu\/wp-json\/wp\/v2\/product\/9485","targetHints":{"allow":["GET"]}}],"collection":[{"href":"https:\/\/www.cfaebooks.com\/hu\/wp-json\/wp\/v2\/product"}],"about":[{"href":"https:\/\/www.cfaebooks.com\/hu\/wp-json\/wp\/v2\/types\/product"}],"replies":[{"embeddable":true,"href":"https:\/\/www.cfaebooks.com\/hu\/wp-json\/wp\/v2\/comments?post=9485"}],"wp:featuredmedia":[{"embeddable":true,"href":"https:\/\/www.cfaebooks.com\/hu\/wp-json\/wp\/v2\/media\/9487"}],"wp:attachment":[{"href":"https:\/\/www.cfaebooks.com\/hu\/wp-json\/wp\/v2\/media?parent=9485"}],"wp:term":[{"taxonomy":"product_brand","embeddable":true,"href":"https:\/\/www.cfaebooks.com\/hu\/wp-json\/wp\/v2\/product_brand?post=9485"},{"taxonomy":"product_cat","embeddable":true,"href":"https:\/\/www.cfaebooks.com\/hu\/wp-json\/wp\/v2\/product_cat?post=9485"},{"taxonomy":"product_tag","embeddable":true,"href":"https:\/\/www.cfaebooks.com\/hu\/wp-json\/wp\/v2\/product_tag?post=9485"}],"curies":[{"name":"wp","href":"https:\/\/api.w.org\/{rel}","templated":true}]}}