{"id":8523,"date":"2024-03-09T07:14:13","date_gmt":"2024-03-09T07:14:13","guid":{"rendered":"https:\/\/www.cfaebooks.com\/?post_type=product&#038;p=8523"},"modified":"2026-04-03T07:57:32","modified_gmt":"2026-04-03T07:57:32","slug":"2023-frm-exam-part-1-garp-mock-1","status":"publish","type":"product","link":"https:\/\/www.cfaebooks.com\/hu\/products\/2023-frm-exam-part-1-garp-mock-1\/","title":{"rendered":"2023 FRM vizsga 1. r\u00e9sz GARP + Mock 1"},"content":{"rendered":"<p>For sale is an e-Book 2023 FRM Exam Part 1 GARP + Mock 1 PDF. <\/p>\n\n\n\n<p>Tartalmazza a 4 k\u00f6nyvb\u0151l \u00e1ll\u00f3 k\u00e9szletet: <\/p>\n\n\n\n<ul class=\"wp-block-list\">\n<li>1. k\u00f6nyv - A kock\u00e1zatkezel\u00e9s alapjai<\/li>\n\n\n\n<li>2. k\u00f6nyv - Kvantitat\u00edv elemz\u00e9s<\/li>\n\n\n\n<li>3. k\u00f6nyv - P\u00e9nz\u00fcgyi piacok \u00e9s term\u00e9kek<\/li>\n\n\n\n<li>4. k\u00f6nyv - \u00c9rt\u00e9kel\u00e9si \u00e9s kock\u00e1zati modellek<\/li>\n<\/ul>\n\n\n\n<p>Ez nem egy fizikai k\u00f6nyv, hanem egy PDF form\u00e1tum\u00fa digit\u00e1lis m\u00e1solat. K\u00e9rj\u00fck, ne v\u00e1s\u00e1rolja meg, ha fizikai nyomtatott p\u00e9ld\u00e1nyt szeretne. A fizet\u00e9s ut\u00e1n azonnal let\u00f6ltheti az e-k\u00f6nyvet.<\/p>","protected":false},"excerpt":{"rendered":"<p>For sale is an e-Book 2023 FRM Exam Part 1 GARP + Mock 1 PDF. Includes Set of 4 books: This is not a physical book it is a\u00a0PDF\u00a0digital copy. Please do not purchase if you want a physical hard copy. After checkout you can download the e-Book instantly.<\/p>","protected":false},"featured_media":8524,"comment_status":"closed","ping_status":"closed","template":"","meta":[],"product_brand":[],"product_cat":[355],"product_tag":[184,189,185,186,181,205,182,183,187],"class_list":{"0":"post-8523","1":"product","2":"type-product","3":"status-publish","4":"has-post-thumbnail","6":"product_cat-frm-part-1-2024","7":"product_tag-frm","8":"product_tag-frm-2024","9":"product_tag-frm-books","10":"product_tag-frm-ebooks","11":"product_tag-frm-exam","12":"product_tag-frm-part-1","13":"product_tag-frm-prep","14":"product_tag-frm-test","15":"product_tag-garp","17":"first","18":"instock","19":"downloadable","20":"virtual","21":"sold-individually","22":"purchasable","23":"product-type-simple"},"_links":{"self":[{"href":"https:\/\/www.cfaebooks.com\/hu\/wp-json\/wp\/v2\/product\/8523","targetHints":{"allow":["GET"]}}],"collection":[{"href":"https:\/\/www.cfaebooks.com\/hu\/wp-json\/wp\/v2\/product"}],"about":[{"href":"https:\/\/www.cfaebooks.com\/hu\/wp-json\/wp\/v2\/types\/product"}],"replies":[{"embeddable":true,"href":"https:\/\/www.cfaebooks.com\/hu\/wp-json\/wp\/v2\/comments?post=8523"}],"wp:featuredmedia":[{"embeddable":true,"href":"https:\/\/www.cfaebooks.com\/hu\/wp-json\/wp\/v2\/media\/8524"}],"wp:attachment":[{"href":"https:\/\/www.cfaebooks.com\/hu\/wp-json\/wp\/v2\/media?parent=8523"}],"wp:term":[{"taxonomy":"product_brand","embeddable":true,"href":"https:\/\/www.cfaebooks.com\/hu\/wp-json\/wp\/v2\/product_brand?post=8523"},{"taxonomy":"product_cat","embeddable":true,"href":"https:\/\/www.cfaebooks.com\/hu\/wp-json\/wp\/v2\/product_cat?post=8523"},{"taxonomy":"product_tag","embeddable":true,"href":"https:\/\/www.cfaebooks.com\/hu\/wp-json\/wp\/v2\/product_tag?post=8523"}],"curies":[{"name":"wp","href":"https:\/\/api.w.org\/{rel}","templated":true}]}}