{"id":8363,"date":"2024-03-06T05:56:19","date_gmt":"2024-03-06T05:56:19","guid":{"rendered":"https:\/\/www.cfaebooks.com\/?post_type=product&#038;p=8363"},"modified":"2026-04-03T07:57:00","modified_gmt":"2026-04-03T07:57:00","slug":"2024-frm-2-resz-schweser-jegyzetek","status":"publish","type":"product","link":"https:\/\/www.cfaebooks.com\/hu\/products\/2024-frm-2-resz-schweser-jegyzetek\/","title":{"rendered":"2024 FRM 2. r\u00e9sz Schweser jegyzetek"},"content":{"rendered":"<p>For sale is 2024 FRM Part 2 Schweser Notes PDF. <\/p>\n\n\n\n<p>Tartalmazza az 5 k\u00f6nyvb\u0151l \u00e1ll\u00f3 k\u00e9szletet: <\/p>\n\n\n\n<ul class=\"wp-block-list\">\n<li>Book 1: Market Risk Measurement and Management<\/li>\n\n\n\n<li>Book 2: Credit Risk and Management<\/li>\n\n\n\n<li>Book 3: Operational Risk and Resilience<\/li>\n\n\n\n<li>Book 4: Liquidity and Treasury Risk Measurement and Management<\/li>\n\n\n\n<li>Book 5. Risk Management and Investment Management &amp; Current Issues in Financial Markets<\/li>\n<\/ul>\n\n\n\n<p>Ez nem egy fizikai k\u00f6nyv, hanem egy PDF form\u00e1tum\u00fa digit\u00e1lis m\u00e1solat. K\u00e9rj\u00fck, ne v\u00e1s\u00e1rolja meg, ha fizikai nyomtatott p\u00e9ld\u00e1nyt szeretne. A fizet\u00e9s ut\u00e1n azonnal let\u00f6ltheti az e-k\u00f6nyvet.<\/p>","protected":false},"excerpt":{"rendered":"<p>For sale is 2024 FRM Part 2 Schweser Notes PDF. Includes Set of 5 books: This is not a physical book it is a\u00a0PDF\u00a0digital copy. Please do not purchase if you want a physical hard copy. After checkout you can download the e-Book instantly.<\/p>","protected":false},"featured_media":8364,"comment_status":"closed","ping_status":"closed","template":"","meta":[],"product_brand":[],"product_cat":[356],"product_tag":[184,185,186,181,182,183,158,179],"class_list":{"0":"post-8363","1":"product","2":"type-product","3":"status-publish","4":"has-post-thumbnail","6":"product_cat-frm-part-2-2024","7":"product_tag-frm","8":"product_tag-frm-books","9":"product_tag-frm-ebooks","10":"product_tag-frm-exam","11":"product_tag-frm-prep","12":"product_tag-frm-test","13":"product_tag-kaplan-schweser","14":"product_tag-schweser-notes","16":"first","17":"instock","18":"downloadable","19":"virtual","20":"sold-individually","21":"purchasable","22":"product-type-simple"},"_links":{"self":[{"href":"https:\/\/www.cfaebooks.com\/hu\/wp-json\/wp\/v2\/product\/8363","targetHints":{"allow":["GET"]}}],"collection":[{"href":"https:\/\/www.cfaebooks.com\/hu\/wp-json\/wp\/v2\/product"}],"about":[{"href":"https:\/\/www.cfaebooks.com\/hu\/wp-json\/wp\/v2\/types\/product"}],"replies":[{"embeddable":true,"href":"https:\/\/www.cfaebooks.com\/hu\/wp-json\/wp\/v2\/comments?post=8363"}],"wp:featuredmedia":[{"embeddable":true,"href":"https:\/\/www.cfaebooks.com\/hu\/wp-json\/wp\/v2\/media\/8364"}],"wp:attachment":[{"href":"https:\/\/www.cfaebooks.com\/hu\/wp-json\/wp\/v2\/media?parent=8363"}],"wp:term":[{"taxonomy":"product_brand","embeddable":true,"href":"https:\/\/www.cfaebooks.com\/hu\/wp-json\/wp\/v2\/product_brand?post=8363"},{"taxonomy":"product_cat","embeddable":true,"href":"https:\/\/www.cfaebooks.com\/hu\/wp-json\/wp\/v2\/product_cat?post=8363"},{"taxonomy":"product_tag","embeddable":true,"href":"https:\/\/www.cfaebooks.com\/hu\/wp-json\/wp\/v2\/product_tag?post=8363"}],"curies":[{"name":"wp","href":"https:\/\/api.w.org\/{rel}","templated":true}]}}