{"id":8328,"date":"2024-03-05T13:57:53","date_gmt":"2024-03-05T13:57:53","guid":{"rendered":"https:\/\/www.cfaebooks.com\/?post_type=product&#038;p=8328"},"modified":"2026-04-03T07:56:52","modified_gmt":"2026-04-03T07:56:52","slug":"2024-cfa-program-tanterv-iii-szintu-tananyag-dobozkeszlet","status":"publish","type":"product","link":"https:\/\/www.cfaebooks.com\/hu\/products\/2024-cfa-program-tanterv-iii-szintu-tananyag-dobozkeszlet\/","title":{"rendered":"2024 CFA Program Curriculum Level III dobozk\u00e9szlet"},"content":{"rendered":"<p>For sale is an e-Book 2024 CFA Program Curriculum Level III Box Set PDF. <\/p>\n\n\n\n<p>Tartalmazza a 6 k\u00f6tetb\u0151l \u00e1ll\u00f3 sorozatot: <\/p>\n\n\n\n<ul class=\"wp-block-list\">\n<li>Volume 1: Behavioral Finance, Capital Market Expectations, and Asset Allocation<\/li>\n\n\n\n<li>Volume 2: Derivatives, Currency Management, and Fixed Income<\/li>\n\n\n\n<li>Volume 3: Fixed Income and Equity Portfolio Management<\/li>\n\n\n\n<li>Volume 4: Alternative Investment, Portfolio Management, and Private Wealth Management<\/li>\n\n\n\n<li>Volume 5: Institutional Investors, Other Topics in Portfolio Management, and Cases<\/li>\n\n\n\n<li>Volume 6: Ethics and Professional Standards<\/li>\n<\/ul>\n\n\n\n<p>Ez nem egy fizikai k\u00f6nyv, hanem egy PDF form\u00e1tum\u00fa digit\u00e1lis m\u00e1solat. K\u00e9rj\u00fck, ne v\u00e1s\u00e1rolja meg, ha fizikai nyomtatott p\u00e9ld\u00e1nyt szeretne. A fizet\u00e9s ut\u00e1n azonnal let\u00f6ltheti az e-k\u00f6nyvet.<\/p>","protected":false},"excerpt":{"rendered":"<p>For sale is an e-Book 2024 CFA Program Curriculum Level III Box Set PDF. Includes Set of 6 volumes: This is not a physical book it is a\u00a0PDF\u00a0digital copy. Please do not purchase if you want a physical hard copy. After checkout you can download the e-Book instantly.<\/p>","protected":false},"featured_media":8329,"comment_status":"closed","ping_status":"closed","template":"","meta":[],"product_brand":[],"product_cat":[351],"product_tag":[86,93,88,90,174,180,91,89,92,169],"class_list":{"0":"post-8328","1":"product","2":"type-product","3":"status-publish","4":"has-post-thumbnail","6":"product_cat-cfa-level-3-2024","7":"product_tag-cfa-2024","8":"product_tag-cfa-books","9":"product_tag-cfa-ebooks","10":"product_tag-cfa-exam","11":"product_tag-cfa-institute","12":"product_tag-cfa-level-3","13":"product_tag-cfa-prep","14":"product_tag-cfa-program-curriculum","15":"product_tag-cfa-test","16":"product_tag-wiley","18":"first","19":"instock","20":"downloadable","21":"virtual","22":"sold-individually","23":"purchasable","24":"product-type-simple"},"_links":{"self":[{"href":"https:\/\/www.cfaebooks.com\/hu\/wp-json\/wp\/v2\/product\/8328","targetHints":{"allow":["GET"]}}],"collection":[{"href":"https:\/\/www.cfaebooks.com\/hu\/wp-json\/wp\/v2\/product"}],"about":[{"href":"https:\/\/www.cfaebooks.com\/hu\/wp-json\/wp\/v2\/types\/product"}],"replies":[{"embeddable":true,"href":"https:\/\/www.cfaebooks.com\/hu\/wp-json\/wp\/v2\/comments?post=8328"}],"wp:featuredmedia":[{"embeddable":true,"href":"https:\/\/www.cfaebooks.com\/hu\/wp-json\/wp\/v2\/media\/8329"}],"wp:attachment":[{"href":"https:\/\/www.cfaebooks.com\/hu\/wp-json\/wp\/v2\/media?parent=8328"}],"wp:term":[{"taxonomy":"product_brand","embeddable":true,"href":"https:\/\/www.cfaebooks.com\/hu\/wp-json\/wp\/v2\/product_brand?post=8328"},{"taxonomy":"product_cat","embeddable":true,"href":"https:\/\/www.cfaebooks.com\/hu\/wp-json\/wp\/v2\/product_cat?post=8328"},{"taxonomy":"product_tag","embeddable":true,"href":"https:\/\/www.cfaebooks.com\/hu\/wp-json\/wp\/v2\/product_tag?post=8328"}],"curies":[{"name":"wp","href":"https:\/\/api.w.org\/{rel}","templated":true}]}}