{"id":8287,"date":"2024-03-04T15:19:29","date_gmt":"2024-03-04T15:19:29","guid":{"rendered":"https:\/\/www.cfaebooks.com\/?post_type=product&#038;p=8287"},"modified":"2026-04-03T07:56:39","modified_gmt":"2026-04-03T07:56:39","slug":"2024-cfa-level-2-schweser-notes","status":"publish","type":"product","link":"https:\/\/www.cfaebooks.com\/hu\/products\/2024-cfa-level-2-schweser-notes\/","title":{"rendered":"2024 CFA Level 2 Schweser jegyzetek"},"content":{"rendered":"<p>Elad\u00f3 egy e-Book 2024 CFA Level 2 Schweser Notes PDF. Tartalmazza az 5 k\u00f6nyvb\u0151l \u00e1ll\u00f3 k\u00e9szletet: K\u00f6nyv 1: K\u00f6nyv: Kvantitat\u00edv m\u00f3dszerek \u00e9s k\u00f6zgazdas\u00e1gtan, 2. k\u00f6nyv: P\u00e9nz\u00fcgyi kimutat\u00e1sok elemz\u00e9se \u00e9s v\u00e1llalati kibocs\u00e1t\u00f3k, 3. k\u00f6nyv: R\u00e9szv\u00e9nyek \u00e9rt\u00e9kel\u00e9se, 4. k\u00f6nyv: Fix kamatoz\u00e1s\u00fa, sz\u00e1rmaztatott \u00e9s alternat\u00edv befektet\u00e9sek, 5. k\u00f6nyv: Portf\u00f3li\u00f3kezel\u00e9s \u00e9s etikai \u00e9s szakmai szempontok<\/p>\n\n\n\n<ul class=\"wp-block-list\">\n<li>Ez nem egy fizikai k\u00f6nyv, hanem egy digit\u00e1lis PDF. K\u00e9rj\u00fck, ne v\u00e1s\u00e1rolja meg, ha fizikai nyomtatott p\u00e9ld\u00e1nyt szeretne.<\/li>\n\n\n\n<li>A fizet\u00e9s ut\u00e1n azonnal let\u00f6ltheti az e-k\u00f6nyvet.<\/li>\n<\/ul>","protected":false},"excerpt":{"rendered":"<p>Elad\u00f3 egy e-Book 2024 CFA Level 2 Schweser Notes PDF. Tartalmazza az 5 k\u00f6nyvb\u0151l \u00e1ll\u00f3 k\u00e9szletet: K\u00f6nyv 1: K\u00f6nyv: Kvantitat\u00edv m\u00f3dszerek \u00e9s k\u00f6zgazdas\u00e1gtan, 2. k\u00f6nyv: P\u00e9nz\u00fcgyi kimutat\u00e1sok elemz\u00e9se \u00e9s v\u00e1llalati kibocs\u00e1t\u00f3k, 3. k\u00f6nyv: R\u00e9szv\u00e9nyek \u00e9rt\u00e9kel\u00e9se, 4. k\u00f6nyv: Fix kamatoz\u00e1s\u00fa, sz\u00e1rmaztatott \u00e9s alternat\u00edv befektet\u00e9sek, 5. k\u00f6nyv: Portf\u00f3li\u00f3kezel\u00e9s \u00e9s etikai \u00e9s szakmai szempontok<\/p>","protected":false},"featured_media":8291,"comment_status":"closed","ping_status":"closed","template":"","meta":[],"product_brand":[],"product_cat":[350],"product_tag":[86,93,88,90,178,91,92,158,179],"class_list":{"0":"post-8287","1":"product","2":"type-product","3":"status-publish","4":"has-post-thumbnail","6":"product_cat-cfa-level-2-2024","7":"product_tag-cfa-2024","8":"product_tag-cfa-books","9":"product_tag-cfa-ebooks","10":"product_tag-cfa-exam","11":"product_tag-cfa-level-2","12":"product_tag-cfa-prep","13":"product_tag-cfa-test","14":"product_tag-kaplan-schweser","15":"product_tag-schweser-notes","17":"first","18":"instock","19":"downloadable","20":"virtual","21":"sold-individually","22":"purchasable","23":"product-type-simple"},"_links":{"self":[{"href":"https:\/\/www.cfaebooks.com\/hu\/wp-json\/wp\/v2\/product\/8287","targetHints":{"allow":["GET"]}}],"collection":[{"href":"https:\/\/www.cfaebooks.com\/hu\/wp-json\/wp\/v2\/product"}],"about":[{"href":"https:\/\/www.cfaebooks.com\/hu\/wp-json\/wp\/v2\/types\/product"}],"replies":[{"embeddable":true,"href":"https:\/\/www.cfaebooks.com\/hu\/wp-json\/wp\/v2\/comments?post=8287"}],"wp:featuredmedia":[{"embeddable":true,"href":"https:\/\/www.cfaebooks.com\/hu\/wp-json\/wp\/v2\/media\/8291"}],"wp:attachment":[{"href":"https:\/\/www.cfaebooks.com\/hu\/wp-json\/wp\/v2\/media?parent=8287"}],"wp:term":[{"taxonomy":"product_brand","embeddable":true,"href":"https:\/\/www.cfaebooks.com\/hu\/wp-json\/wp\/v2\/product_brand?post=8287"},{"taxonomy":"product_cat","embeddable":true,"href":"https:\/\/www.cfaebooks.com\/hu\/wp-json\/wp\/v2\/product_cat?post=8287"},{"taxonomy":"product_tag","embeddable":true,"href":"https:\/\/www.cfaebooks.com\/hu\/wp-json\/wp\/v2\/product_tag?post=8287"}],"curies":[{"name":"wp","href":"https:\/\/api.w.org\/{rel}","templated":true}]}}