{"id":8282,"date":"2024-03-04T08:21:00","date_gmt":"2024-03-04T08:21:00","guid":{"rendered":"https:\/\/www.cfaebooks.com\/?post_type=product&#038;p=8282"},"modified":"2026-04-03T07:56:36","modified_gmt":"2026-04-03T07:56:36","slug":"2024-cfa-level-2-question-bank","status":"publish","type":"product","link":"https:\/\/www.cfaebooks.com\/hu\/products\/2024-cfa-level-2-question-bank\/","title":{"rendered":"2024 CFA Level 2 k\u00e9rd\u00e9sbank"},"content":{"rendered":"<p>For sale is an e-Book 2024 CFA Level 2 Schweser Question Bank PDF. Over 1000 questions and answers. Includes questions and answers for every question. Covers entire curriculum &#8211; Seperate tests for each topic.<\/p>\n\n\n\n<ul class=\"wp-block-list\">\n<li>Ez nem egy fizikai k\u00f6nyv, hanem egy PDF form\u00e1tum\u00fa digit\u00e1lis m\u00e1solat. K\u00e9rj\u00fck, ne v\u00e1s\u00e1rolja meg, ha fizikai nyomtatott p\u00e9ld\u00e1nyt szeretne.<\/li>\n\n\n\n<li>A fizet\u00e9s ut\u00e1n azonnal let\u00f6ltheti az e-k\u00f6nyvet.<\/li>\n<\/ul>","protected":false},"excerpt":{"rendered":"<p>For sale is an e-Book 2024 CFA Level 2 Schweser Question Bank PDF. Over 1000 questions and answers. Includes questions and answers for every question. Covers entire curriculum &#8211; Seperate tests for each topic.<\/p>","protected":false},"featured_media":8284,"comment_status":"closed","ping_status":"closed","template":"","meta":[],"product_brand":[],"product_cat":[350],"product_tag":[93,90,178,91,158,162,161,163],"class_list":{"0":"post-8282","1":"product","2":"type-product","3":"status-publish","4":"has-post-thumbnail","6":"product_cat-cfa-level-2-2024","7":"product_tag-cfa-books","8":"product_tag-cfa-exam","9":"product_tag-cfa-level-2","10":"product_tag-cfa-prep","11":"product_tag-kaplan-schweser","12":"product_tag-qbank","13":"product_tag-question-bank","14":"product_tag-schweser-qbank","16":"first","17":"instock","18":"downloadable","19":"virtual","20":"sold-individually","21":"purchasable","22":"product-type-simple"},"_links":{"self":[{"href":"https:\/\/www.cfaebooks.com\/hu\/wp-json\/wp\/v2\/product\/8282","targetHints":{"allow":["GET"]}}],"collection":[{"href":"https:\/\/www.cfaebooks.com\/hu\/wp-json\/wp\/v2\/product"}],"about":[{"href":"https:\/\/www.cfaebooks.com\/hu\/wp-json\/wp\/v2\/types\/product"}],"replies":[{"embeddable":true,"href":"https:\/\/www.cfaebooks.com\/hu\/wp-json\/wp\/v2\/comments?post=8282"}],"wp:featuredmedia":[{"embeddable":true,"href":"https:\/\/www.cfaebooks.com\/hu\/wp-json\/wp\/v2\/media\/8284"}],"wp:attachment":[{"href":"https:\/\/www.cfaebooks.com\/hu\/wp-json\/wp\/v2\/media?parent=8282"}],"wp:term":[{"taxonomy":"product_brand","embeddable":true,"href":"https:\/\/www.cfaebooks.com\/hu\/wp-json\/wp\/v2\/product_brand?post=8282"},{"taxonomy":"product_cat","embeddable":true,"href":"https:\/\/www.cfaebooks.com\/hu\/wp-json\/wp\/v2\/product_cat?post=8282"},{"taxonomy":"product_tag","embeddable":true,"href":"https:\/\/www.cfaebooks.com\/hu\/wp-json\/wp\/v2\/product_tag?post=8282"}],"curies":[{"name":"wp","href":"https:\/\/api.w.org\/{rel}","templated":true}]}}