{"id":8199,"date":"2024-03-03T13:54:09","date_gmt":"2024-03-03T13:54:09","guid":{"rendered":"https:\/\/www.cfaebooks.com\/?post_type=product&#038;p=8199"},"modified":"2026-04-03T07:56:24","modified_gmt":"2026-04-03T07:56:24","slug":"juice-notes-cfa-level-i-2024-fintree-fintree-2","status":"publish","type":"product","link":"https:\/\/www.cfaebooks.com\/hu\/products\/juice-notes-cfa-level-i-2024-fintree-fintree-2\/","title":{"rendered":"Juice Notes CFA I. szint 2024 Fintree"},"content":{"rendered":"<p>Elad\u00f3 egy e-k\u00f6nyv: 2024 CFA I. szint\u0171 Fintree Juice Notes PDF.<\/p>\n\n\n\n<p>10 k\u00f6nyvb\u0151l \u00e1ll\u00f3 sorozat:<\/p>\n\n\n\n<ol class=\"wp-block-list\">\n<li>Etikai \u00e9s szakmai norm\u00e1k<\/li>\n\n\n\n<li>Kvantitat\u00edv m\u00f3dszerek<\/li>\n\n\n\n<li>K\u00f6zgazdas\u00e1gtan<\/li>\n\n\n\n<li>P\u00e9nz\u00fcgyi kimutat\u00e1sok elemz\u00e9se<\/li>\n\n\n\n<li>V\u00e1llalati kibocs\u00e1t\u00f3k<\/li>\n\n\n\n<li>T\u0151kebefektet\u00e9sek<\/li>\n\n\n\n<li>R\u00f6gz\u00edtett j\u00f6vedelem<\/li>\n\n\n\n<li>Sz\u00e1rmaz\u00e9kok<\/li>\n\n\n\n<li>Alternat\u00edv befektet\u00e9sek<\/li>\n\n\n\n<li>Portf\u00f3li\u00f3kezel\u00e9s<\/li>\n<\/ol>\n\n\n\n<p>Ez nem egy fizikai k\u00f6nyv, hanem egy PDF form\u00e1tum\u00fa digit\u00e1lis m\u00e1solat. K\u00e9rj\u00fck, ne v\u00e1s\u00e1rolja meg, ha fizikai nyomtatott p\u00e9ld\u00e1nyt szeretne. A fizet\u00e9s ut\u00e1n azonnal let\u00f6ltheti az e-k\u00f6nyvet.<\/p>","protected":false},"excerpt":{"rendered":"<p>For sale is an e-Book 2024 CFA level I Fintree Juice Notes PDF. Includes Set of 10 books: This is not a physical book it is a&nbsp;PDF&nbsp;digital copy. Please do not purchase if you want a physical hard copy. After checkout you can download the e-Book instantly.<\/p>","protected":false},"featured_media":8402,"comment_status":"closed","ping_status":"closed","template":"","meta":[],"product_brand":[],"product_cat":[260],"product_tag":[86,93,88,90,87,91,92,173],"class_list":{"0":"post-8199","1":"product","2":"type-product","3":"status-publish","4":"has-post-thumbnail","6":"product_cat-cfa-level-1","7":"product_tag-cfa-2024","8":"product_tag-cfa-books","9":"product_tag-cfa-ebooks","10":"product_tag-cfa-exam","11":"product_tag-cfa-level-i","12":"product_tag-cfa-prep","13":"product_tag-cfa-test","14":"product_tag-juicenotes","16":"first","17":"instock","18":"downloadable","19":"virtual","20":"sold-individually","21":"purchasable","22":"product-type-simple"},"_links":{"self":[{"href":"https:\/\/www.cfaebooks.com\/hu\/wp-json\/wp\/v2\/product\/8199","targetHints":{"allow":["GET"]}}],"collection":[{"href":"https:\/\/www.cfaebooks.com\/hu\/wp-json\/wp\/v2\/product"}],"about":[{"href":"https:\/\/www.cfaebooks.com\/hu\/wp-json\/wp\/v2\/types\/product"}],"replies":[{"embeddable":true,"href":"https:\/\/www.cfaebooks.com\/hu\/wp-json\/wp\/v2\/comments?post=8199"}],"wp:featuredmedia":[{"embeddable":true,"href":"https:\/\/www.cfaebooks.com\/hu\/wp-json\/wp\/v2\/media\/8402"}],"wp:attachment":[{"href":"https:\/\/www.cfaebooks.com\/hu\/wp-json\/wp\/v2\/media?parent=8199"}],"wp:term":[{"taxonomy":"product_brand","embeddable":true,"href":"https:\/\/www.cfaebooks.com\/hu\/wp-json\/wp\/v2\/product_brand?post=8199"},{"taxonomy":"product_cat","embeddable":true,"href":"https:\/\/www.cfaebooks.com\/hu\/wp-json\/wp\/v2\/product_cat?post=8199"},{"taxonomy":"product_tag","embeddable":true,"href":"https:\/\/www.cfaebooks.com\/hu\/wp-json\/wp\/v2\/product_tag?post=8199"}],"curies":[{"name":"wp","href":"https:\/\/api.w.org\/{rel}","templated":true}]}}