{"id":8191,"date":"2024-03-03T07:11:13","date_gmt":"2024-03-03T07:11:13","guid":{"rendered":"https:\/\/www.cfaebooks.com\/?post_type=product&#038;p=8191"},"modified":"2026-04-03T07:56:20","modified_gmt":"2026-04-03T07:56:20","slug":"2024-uworld-1-szintu-cfa-program-tanulmanyi-utmutato-jegyzetek-teljes-keszlet-2","status":"publish","type":"product","link":"https:\/\/www.cfaebooks.com\/hu\/products\/2024-uworld-1-szintu-cfa-program-tanulmanyi-utmutato-jegyzetek-teljes-keszlet-2\/","title":{"rendered":"2024 UWorld Level 1 CFA Program Tanulm\u00e1nyi \u00datmutat\u00f3 Megjegyz\u00e9sek Teljes k\u00e9szlet + Formula Sheet"},"content":{"rendered":"<p>For sale is an e-Book 2024 CFA Level 1 UWorld Program Study Guide Notes Complete Set + Formula Sheet PDF.<\/p>\n\n\n\n<p>Tartalmazza a 6 k\u00f6tetb\u0151l \u00e1ll\u00f3 sorozatot: <\/p>\n\n\n\n<p>1. k\u00f6tet: Kvantitat\u00edv m\u00f3dszerek, 2. k\u00f6tet: K\u00f6zgazdas\u00e1gtan \u00e9s p\u00e9nz\u00fcgyi kimutat\u00e1sok elemz\u00e9se, 3. k\u00f6tet: P\u00e9nz\u00fcgyi kimutat\u00e1sok elemz\u00e9se \u00e9s v\u00e1llalati kibocs\u00e1t\u00f3k, 4. k\u00f6tet: V\u00e1llalati kibocs\u00e1t\u00f3k, r\u00e9szv\u00e9nybefektet\u00e9sek \u00e9s fix kamatoz\u00e1s\u00fa befektet\u00e9sek, 5. k\u00f6tet: Fix kamatoz\u00e1s\u00fa befektet\u00e9sek, sz\u00e1rmaztatott \u00fcgyletek, alternat\u00edv befektet\u00e9sek \u00e9s portf\u00f3li\u00f3kezel\u00e9s6. k\u00f6tet: Portf\u00f3li\u00f3kezel\u00e9s, etikai \u00e9s szakmai norm\u00e1k.<\/p>\n\n\n\n<ul class=\"wp-block-list\">\n<li>Ez nem egy fizikai k\u00f6nyv, hanem egy PDF form\u00e1tum\u00fa digit\u00e1lis m\u00e1solat. K\u00e9rj\u00fck, ne v\u00e1s\u00e1rolja meg, ha fizikai nyomtatott p\u00e9ld\u00e1nyt szeretne.<\/li>\n\n\n\n<li>A fizet\u00e9s ut\u00e1n azonnal let\u00f6ltheti az e-k\u00f6nyvet.<\/li>\n<\/ul>","protected":false},"excerpt":{"rendered":"<p>For sale is an e-Book 2024 CFA Level 1 UWorld Program Study Guide Notes Complete Set + Formula Sheet PDF. Includes Set of 6 volumes: Volume 1: Quantitative Methods, Volume 2: Economics and Financial Statement Analysis, Volume 3: Financial Statement Analysis and Corporate Issuers, Volume 4: Corporate Issuers, Equity Investments, and Fixed Income, Volume 5: [&hellip;]<\/p>\n","protected":false},"featured_media":8192,"comment_status":"closed","ping_status":"closed","template":"","meta":[],"product_brand":[],"product_cat":[260],"product_tag":[86,93,88,90,87,91,92,171,169],"class_list":{"0":"post-8191","1":"product","2":"type-product","3":"status-publish","4":"has-post-thumbnail","6":"product_cat-cfa-level-1","7":"product_tag-cfa-2024","8":"product_tag-cfa-books","9":"product_tag-cfa-ebooks","10":"product_tag-cfa-exam","11":"product_tag-cfa-level-i","12":"product_tag-cfa-prep","13":"product_tag-cfa-test","14":"product_tag-study-guide","15":"product_tag-wiley","17":"first","18":"instock","19":"downloadable","20":"virtual","21":"sold-individually","22":"purchasable","23":"product-type-simple"},"_links":{"self":[{"href":"https:\/\/www.cfaebooks.com\/hu\/wp-json\/wp\/v2\/product\/8191","targetHints":{"allow":["GET"]}}],"collection":[{"href":"https:\/\/www.cfaebooks.com\/hu\/wp-json\/wp\/v2\/product"}],"about":[{"href":"https:\/\/www.cfaebooks.com\/hu\/wp-json\/wp\/v2\/types\/product"}],"replies":[{"embeddable":true,"href":"https:\/\/www.cfaebooks.com\/hu\/wp-json\/wp\/v2\/comments?post=8191"}],"wp:featuredmedia":[{"embeddable":true,"href":"https:\/\/www.cfaebooks.com\/hu\/wp-json\/wp\/v2\/media\/8192"}],"wp:attachment":[{"href":"https:\/\/www.cfaebooks.com\/hu\/wp-json\/wp\/v2\/media?parent=8191"}],"wp:term":[{"taxonomy":"product_brand","embeddable":true,"href":"https:\/\/www.cfaebooks.com\/hu\/wp-json\/wp\/v2\/product_brand?post=8191"},{"taxonomy":"product_cat","embeddable":true,"href":"https:\/\/www.cfaebooks.com\/hu\/wp-json\/wp\/v2\/product_cat?post=8191"},{"taxonomy":"product_tag","embeddable":true,"href":"https:\/\/www.cfaebooks.com\/hu\/wp-json\/wp\/v2\/product_tag?post=8191"}],"curies":[{"name":"wp","href":"https:\/\/api.w.org\/{rel}","templated":true}]}}