{"id":8183,"date":"2024-03-03T06:17:35","date_gmt":"2024-03-03T06:17:35","guid":{"rendered":"https:\/\/www.cfaebooks.com\/?post_type=product&#038;p=8183"},"modified":"2026-04-03T07:56:17","modified_gmt":"2026-04-03T07:56:17","slug":"2024-cfa-level-1-ift-study-notes","status":"publish","type":"product","link":"https:\/\/www.cfaebooks.com\/hu\/products\/2024-cfa-level-1-ift-study-notes\/","title":{"rendered":"2024 CFA Level 1 IFT tanulm\u00e1nyi jegyzetek"},"content":{"rendered":"<p>For sale is an e-Book 2024 CFA Level 1 IFT Study Notes PDF. This is not a physical book it is a\u00a0PDF\u00a0digital copy. Please do not purchase if you want a physical hard copy. After checkout you can download the e-Book instantly.<\/p>\n\n\n\n<p>A k\u00f6vetkez\u0151 t\u00e9m\u00e1kat tartalmazza:<\/p>\n\n\n\n<ol class=\"wp-block-list\">\n<li>Kvantitat\u00edv m\u00f3dszerek<\/li>\n\n\n\n<li>K\u00f6zgazdas\u00e1gtan<\/li>\n\n\n\n<li>V\u00e1llalati kibocs\u00e1t\u00f3k<\/li>\n\n\n\n<li>P\u00e9nz\u00fcgyi kimutat\u00e1sok elemz\u00e9se<\/li>\n\n\n\n<li>T\u0151kebefektet\u00e9sek<\/li>\n\n\n\n<li>R\u00f6gz\u00edtett j\u00f6vedelem<\/li>\n\n\n\n<li>Sz\u00e1rmaz\u00e9kok<\/li>\n\n\n\n<li>Alternat\u00edv befektet\u00e9sek<\/li>\n\n\n\n<li>Portf\u00f3li\u00f3kezel\u00e9s<\/li>\n\n\n\n<li>Etikai \u00e9s szakmai norm\u00e1k<\/li>\n<\/ol>\n\n\n\n<p>R\u00e9szletes tanulm\u00e1nyi jegyzeteket kapsz, amelyek minden LOS-t lefednek, \u00e9s amelyek tartalmazz\u00e1k:<\/p>\n\n\n\n<ul class=\"wp-block-list\">\n<li>Examples<\/li>\n\n\n\n<li>Practice Questions<\/li>\n\n\n\n<li>Summary of each reading<\/li>\n<\/ul>","protected":false},"excerpt":{"rendered":"<p>For sale is an e-Book 2024 CFA Level 1 IFT Study Notes PDF. This is not a physical book it is a\u00a0PDF\u00a0digital copy. Please do not purchase if you want a physical hard copy. After checkout you can download the e-Book instantly. Includes the following topics: You will get detailed Study Notes covering all LOS, [&hellip;]<\/p>\n","protected":false},"featured_media":8313,"comment_status":"closed","ping_status":"closed","template":"","meta":[],"product_brand":[],"product_cat":[349],"product_tag":[86,93,88,90,87,91,92,167,168],"class_list":{"0":"post-8183","1":"product","2":"type-product","3":"status-publish","4":"has-post-thumbnail","6":"product_cat-cfa-level-1-2024","7":"product_tag-cfa-2024","8":"product_tag-cfa-books","9":"product_tag-cfa-ebooks","10":"product_tag-cfa-exam","11":"product_tag-cfa-level-i","12":"product_tag-cfa-prep","13":"product_tag-cfa-test","14":"product_tag-ift","15":"product_tag-study-notes","17":"first","18":"instock","19":"downloadable","20":"virtual","21":"sold-individually","22":"purchasable","23":"product-type-simple"},"_links":{"self":[{"href":"https:\/\/www.cfaebooks.com\/hu\/wp-json\/wp\/v2\/product\/8183","targetHints":{"allow":["GET"]}}],"collection":[{"href":"https:\/\/www.cfaebooks.com\/hu\/wp-json\/wp\/v2\/product"}],"about":[{"href":"https:\/\/www.cfaebooks.com\/hu\/wp-json\/wp\/v2\/types\/product"}],"replies":[{"embeddable":true,"href":"https:\/\/www.cfaebooks.com\/hu\/wp-json\/wp\/v2\/comments?post=8183"}],"wp:featuredmedia":[{"embeddable":true,"href":"https:\/\/www.cfaebooks.com\/hu\/wp-json\/wp\/v2\/media\/8313"}],"wp:attachment":[{"href":"https:\/\/www.cfaebooks.com\/hu\/wp-json\/wp\/v2\/media?parent=8183"}],"wp:term":[{"taxonomy":"product_brand","embeddable":true,"href":"https:\/\/www.cfaebooks.com\/hu\/wp-json\/wp\/v2\/product_brand?post=8183"},{"taxonomy":"product_cat","embeddable":true,"href":"https:\/\/www.cfaebooks.com\/hu\/wp-json\/wp\/v2\/product_cat?post=8183"},{"taxonomy":"product_tag","embeddable":true,"href":"https:\/\/www.cfaebooks.com\/hu\/wp-json\/wp\/v2\/product_tag?post=8183"}],"curies":[{"name":"wp","href":"https:\/\/api.w.org\/{rel}","templated":true}]}}