{"id":16703,"date":"2026-03-08T11:47:35","date_gmt":"2026-03-08T11:47:35","guid":{"rendered":"https:\/\/www.cfaebooks.com\/?post_type=product&#038;p=16703"},"modified":"2026-04-03T08:09:56","modified_gmt":"2026-04-03T08:09:56","slug":"cfa-2026-analystprep-question-bank-level-2","status":"publish","type":"product","link":"https:\/\/www.cfaebooks.com\/hu\/products\/cfa-2026-analystprep-question-bank-level-2\/","title":{"rendered":"CFA 2026 AnalystPrep Question Bank Level 2"},"content":{"rendered":"<p>For sale is the CFA 2026 AnalystPrep Question Bank Level 2<strong> <\/strong>PDF.<\/p>\n\n\n\n<p>More than <strong>1,000 Hard Practice Questions<\/strong><\/p>\n\n\n\n<p>K\u00fcl\u00f6n f\u00e1jlt tartalmaz a k\u00e9rd\u00e9sekhez \u00e9s v\u00e1laszokhoz, \u00edgy elv\u00e9gezheti a k\u00e9rd\u00e9seket, majd \u00f6sszehasonl\u00edthatja a v\u00e1laszait.<\/p>\n\n\n\n<p><strong>A k\u00f6vetkez\u0151 t\u00e9m\u00e1kat tartalmazza:<\/strong><\/p>\n\n\n\n<ol class=\"wp-block-list\">\n<li>Kvantitat\u00edv m\u00f3dszerek<\/li>\n\n\n\n<li>K\u00f6zgazdas\u00e1gtan<\/li>\n\n\n\n<li>P\u00e9nz\u00fcgyi_Besz\u00e1mol\u00e1s \u00e9s elemz\u00e9s<\/li>\n\n\n\n<li>V\u00e1llalati kibocs\u00e1t\u00f3k<\/li>\n\n\n\n<li>Saj\u00e1t t\u0151ke<\/li>\n\n\n\n<li>R\u00f6gz\u00edtett j\u00f6vedelem<\/li>\n\n\n\n<li>Sz\u00e1rmaz\u00e9kok<\/li>\n\n\n\n<li>Alternat\u00edv befektet\u00e9sek<\/li>\n\n\n\n<li>Portf\u00f3li\u00f3kezel\u00e9s<\/li>\n\n\n\n<li>Etika<\/li>\n<\/ol>\n\n\n\n<p>K\u00e9rj\u00fck, ne v\u00e1s\u00e1roljon, ha fizikai nyomtatott p\u00e9ld\u00e1nyt szeretne. <\/p>\n\n\n\n<p>A fizet\u00e9s ut\u00e1n azonnal let\u00f6ltheti az anyagot.<\/p>","protected":false},"excerpt":{"rendered":"<p>For sale is the CFA 2026 AnalystPrep Question Bank Level 2 PDF. More than 1,000 Hard Practice Questions Includes separate file for questions and answers so that you can do questions then compare your answers Includes the following topics: Please do not purchase if you want a physical hard copy. After checkout you can download [&hellip;]<\/p>\n","protected":false},"featured_media":16720,"comment_status":"closed","ping_status":"closed","template":"","meta":[],"product_brand":[],"product_cat":[266],"product_tag":[203,369,93,88,90,375,166,92,162],"class_list":{"0":"post-16703","1":"product","2":"type-product","3":"status-publish","4":"has-post-thumbnail","6":"product_cat-cfa-level-2","7":"product_tag-analystprep","8":"product_tag-cfa-2026","9":"product_tag-cfa-books","10":"product_tag-cfa-ebooks","11":"product_tag-cfa-exam","12":"product_tag-cfa-level-2-2026","13":"product_tag-cfa-question-bank","14":"product_tag-cfa-test","15":"product_tag-qbank","17":"first","18":"instock","19":"downloadable","20":"virtual","21":"sold-individually","22":"purchasable","23":"product-type-simple"},"_links":{"self":[{"href":"https:\/\/www.cfaebooks.com\/hu\/wp-json\/wp\/v2\/product\/16703","targetHints":{"allow":["GET"]}}],"collection":[{"href":"https:\/\/www.cfaebooks.com\/hu\/wp-json\/wp\/v2\/product"}],"about":[{"href":"https:\/\/www.cfaebooks.com\/hu\/wp-json\/wp\/v2\/types\/product"}],"replies":[{"embeddable":true,"href":"https:\/\/www.cfaebooks.com\/hu\/wp-json\/wp\/v2\/comments?post=16703"}],"wp:featuredmedia":[{"embeddable":true,"href":"https:\/\/www.cfaebooks.com\/hu\/wp-json\/wp\/v2\/media\/16720"}],"wp:attachment":[{"href":"https:\/\/www.cfaebooks.com\/hu\/wp-json\/wp\/v2\/media?parent=16703"}],"wp:term":[{"taxonomy":"product_brand","embeddable":true,"href":"https:\/\/www.cfaebooks.com\/hu\/wp-json\/wp\/v2\/product_brand?post=16703"},{"taxonomy":"product_cat","embeddable":true,"href":"https:\/\/www.cfaebooks.com\/hu\/wp-json\/wp\/v2\/product_cat?post=16703"},{"taxonomy":"product_tag","embeddable":true,"href":"https:\/\/www.cfaebooks.com\/hu\/wp-json\/wp\/v2\/product_tag?post=16703"}],"curies":[{"name":"wp","href":"https:\/\/api.w.org\/{rel}","templated":true}]}}