{"id":16605,"date":"2026-03-02T05:21:18","date_gmt":"2026-03-02T05:21:18","guid":{"rendered":"https:\/\/www.cfaebooks.com\/?post_type=product&#038;p=16605"},"modified":"2026-04-03T08:09:51","modified_gmt":"2026-04-03T08:09:51","slug":"cfa-2026-level-2-uworld-study-guides-with-formula-sheet","status":"publish","type":"product","link":"https:\/\/www.cfaebooks.com\/hu\/products\/cfa-2026-level-2-uworld-study-guides-with-formula-sheet\/","title":{"rendered":"CFA 2026 Level 2 UWorld Study Guides with Formula Sheet"},"content":{"rendered":"<p>For sale is an e-Book CFA 2026 Level 2 UWorld Study Guides with Formula Sheet PDF.<\/p>\n\n\n\n<ul class=\"wp-block-list\">\n<li>A k\u00f6vetkez\u0151 t\u00e9m\u00e1kat tartalmazza:\n<ol class=\"wp-block-list\">\n<li><strong><em>Kvantitat\u00edv m\u00f3dszerek<\/em><\/strong><\/li>\n\n\n\n<li><strong><em>K\u00f6zgazdas\u00e1gtan<\/em><\/strong><\/li>\n\n\n\n<li><strong><em>P\u00e9nz\u00fcgyi kimutat\u00e1sok elemz\u00e9se<\/em><\/strong><\/li>\n\n\n\n<li><strong><em>Corporate Issuers.<\/em><\/strong><\/li>\n\n\n\n<li><strong>Saj\u00e1t t\u0151ke \u00e9rt\u00e9kel\u00e9se<\/strong><\/li>\n\n\n\n<li><strong>R\u00f6gz\u00edtett j\u00f6vedelem<\/strong><\/li>\n\n\n\n<li><strong>Sz\u00e1rmaz\u00e9kok<\/strong><\/li>\n\n\n\n<li><strong>Alternat\u00edv befektet\u00e9sek<\/strong><\/li>\n\n\n\n<li><strong>Portf\u00f3li\u00f3kezel\u00e9s<\/strong><\/li>\n\n\n\n<li><strong>Etikai \u00e9s szakmai norm\u00e1k<\/strong><\/li>\n<\/ol>\n<\/li>\n\n\n\n<li><strong>Formula Sheet<\/strong> is 24 pages in total<\/li>\n<\/ul>\n\n\n\n<p>Ez nem egy fizikai k\u00f6nyv, hanem egy PDF form\u00e1tum\u00fa digit\u00e1lis m\u00e1solat. K\u00e9rj\u00fck, ne v\u00e1s\u00e1rolja meg, ha fizikai nyomtatott p\u00e9ld\u00e1nyt szeretne. A fizet\u00e9s ut\u00e1n azonnal let\u00f6ltheti az e-k\u00f6nyvet.<\/p>","protected":false},"excerpt":{"rendered":"<p>For sale is an e-Book CFA 2026 Level 2 UWorld Study Guides with Formula Sheet PDF. This is not a physical book it is a&nbsp;PDF&nbsp;digital copy. Please do not purchase if you want a physical hard copy. After checkout you can download the e-Book immediately.<\/p>","protected":false},"featured_media":16614,"comment_status":"closed","ping_status":"closed","template":"","meta":[],"product_brand":[],"product_cat":[266],"product_tag":[369,93,88,90,375,91,363,92,365,170],"class_list":{"0":"post-16605","1":"product","2":"type-product","3":"status-publish","4":"has-post-thumbnail","6":"product_cat-cfa-level-2","7":"product_tag-cfa-2026","8":"product_tag-cfa-books","9":"product_tag-cfa-ebooks","10":"product_tag-cfa-exam","11":"product_tag-cfa-level-2-2026","12":"product_tag-cfa-prep","13":"product_tag-cfa-study-notes","14":"product_tag-cfa-test","15":"product_tag-cfa-uworld","16":"product_tag-uworld","18":"first","19":"instock","20":"downloadable","21":"virtual","22":"sold-individually","23":"purchasable","24":"product-type-simple"},"_links":{"self":[{"href":"https:\/\/www.cfaebooks.com\/hu\/wp-json\/wp\/v2\/product\/16605","targetHints":{"allow":["GET"]}}],"collection":[{"href":"https:\/\/www.cfaebooks.com\/hu\/wp-json\/wp\/v2\/product"}],"about":[{"href":"https:\/\/www.cfaebooks.com\/hu\/wp-json\/wp\/v2\/types\/product"}],"replies":[{"embeddable":true,"href":"https:\/\/www.cfaebooks.com\/hu\/wp-json\/wp\/v2\/comments?post=16605"}],"wp:featuredmedia":[{"embeddable":true,"href":"https:\/\/www.cfaebooks.com\/hu\/wp-json\/wp\/v2\/media\/16614"}],"wp:attachment":[{"href":"https:\/\/www.cfaebooks.com\/hu\/wp-json\/wp\/v2\/media?parent=16605"}],"wp:term":[{"taxonomy":"product_brand","embeddable":true,"href":"https:\/\/www.cfaebooks.com\/hu\/wp-json\/wp\/v2\/product_brand?post=16605"},{"taxonomy":"product_cat","embeddable":true,"href":"https:\/\/www.cfaebooks.com\/hu\/wp-json\/wp\/v2\/product_cat?post=16605"},{"taxonomy":"product_tag","embeddable":true,"href":"https:\/\/www.cfaebooks.com\/hu\/wp-json\/wp\/v2\/product_tag?post=16605"}],"curies":[{"name":"wp","href":"https:\/\/api.w.org\/{rel}","templated":true}]}}