{"id":15838,"date":"2026-01-11T15:01:55","date_gmt":"2026-01-11T15:01:55","guid":{"rendered":"https:\/\/www.cfaebooks.com\/?post_type=product&#038;p=15838"},"modified":"2026-04-03T08:09:08","modified_gmt":"2026-04-03T08:09:08","slug":"cfa-2025-level-1-zell-study-notes","status":"publish","type":"product","link":"https:\/\/www.cfaebooks.com\/hu\/products\/cfa-2025-level-1-zell-study-notes\/","title":{"rendered":"CFA 2025 Level 1 Zell Study Notes"},"content":{"rendered":"<p>Elad\u00f3 egy e-k\u00f6nyv <strong>CFA 2025 Level 1 Zell Study Notes<\/strong> PDF.<\/p>\n\n\n\n<p>A k\u00f6vetkez\u0151 t\u00e9m\u00e1kat tartalmazza:&nbsp;<\/p>\n\n\n\n<ul class=\"wp-block-list\">\n<li><strong>Kvantitat\u00edv m\u00f3dszerek<\/strong><\/li>\n\n\n\n<li><strong>K\u00f6zgazdas\u00e1gtan<\/strong><\/li>\n\n\n\n<li><strong>V\u00e1llalati kibocs\u00e1t\u00f3k<\/strong><\/li>\n\n\n\n<li><strong>P\u00e9nz\u00fcgyi kimutat\u00e1sok elemz\u00e9se<\/strong><\/li>\n\n\n\n<li><strong>Equity Investment<\/strong><\/li>\n\n\n\n<li><strong>R\u00f6gz\u00edtett j\u00f6vedelem<\/strong><\/li>\n\n\n\n<li><strong>Sz\u00e1rmaz\u00e9kok<\/strong><\/li>\n\n\n\n<li><strong>Alternat\u00edv befektet\u00e9sek<\/strong><\/li>\n\n\n\n<li><strong>Portf\u00f3li\u00f3kezel\u00e9s<\/strong><\/li>\n<\/ul>\n\n\n\n<p>The text is searchable using the find feature on your computer keyboard \u2018ctrl+f\u2019 and through search on your smartphone\/tablet. This is not a physical book it is a&nbsp;PDF&nbsp;digital copy. Please do not purchase if you want a physical hard copy. After checkout you can download the e-Book instantly.<\/p>","protected":false},"excerpt":{"rendered":"<p>For sale is an e-Book CFA 2025 Level 1 Zell Study Notes PDF. Includes the following topics:&nbsp; The text is searchable using the find feature on your computer keyboard \u2018ctrl+f\u2019 and through search on your smartphone\/tablet. This is not a physical book it is a&nbsp;PDF&nbsp;digital copy. Please do not purchase if you want a physical [&hellip;]<\/p>\n","protected":false},"featured_media":15839,"comment_status":"closed","ping_status":"closed","template":"","meta":[],"product_brand":[],"product_cat":[260],"product_tag":[261,93,88,90,268,87,91,363,92,168,406],"class_list":{"0":"post-15838","1":"product","2":"type-product","3":"status-publish","4":"has-post-thumbnail","6":"product_cat-cfa-level-1","7":"product_tag-cfa-2025","8":"product_tag-cfa-books","9":"product_tag-cfa-ebooks","10":"product_tag-cfa-exam","11":"product_tag-cfa-level-1-2025","12":"product_tag-cfa-level-i","13":"product_tag-cfa-prep","14":"product_tag-cfa-study-notes","15":"product_tag-cfa-test","16":"product_tag-study-notes","17":"product_tag-zell-education","19":"first","20":"instock","21":"downloadable","22":"virtual","23":"sold-individually","24":"purchasable","25":"product-type-simple"},"_links":{"self":[{"href":"https:\/\/www.cfaebooks.com\/hu\/wp-json\/wp\/v2\/product\/15838","targetHints":{"allow":["GET"]}}],"collection":[{"href":"https:\/\/www.cfaebooks.com\/hu\/wp-json\/wp\/v2\/product"}],"about":[{"href":"https:\/\/www.cfaebooks.com\/hu\/wp-json\/wp\/v2\/types\/product"}],"replies":[{"embeddable":true,"href":"https:\/\/www.cfaebooks.com\/hu\/wp-json\/wp\/v2\/comments?post=15838"}],"wp:featuredmedia":[{"embeddable":true,"href":"https:\/\/www.cfaebooks.com\/hu\/wp-json\/wp\/v2\/media\/15839"}],"wp:attachment":[{"href":"https:\/\/www.cfaebooks.com\/hu\/wp-json\/wp\/v2\/media?parent=15838"}],"wp:term":[{"taxonomy":"product_brand","embeddable":true,"href":"https:\/\/www.cfaebooks.com\/hu\/wp-json\/wp\/v2\/product_brand?post=15838"},{"taxonomy":"product_cat","embeddable":true,"href":"https:\/\/www.cfaebooks.com\/hu\/wp-json\/wp\/v2\/product_cat?post=15838"},{"taxonomy":"product_tag","embeddable":true,"href":"https:\/\/www.cfaebooks.com\/hu\/wp-json\/wp\/v2\/product_tag?post=15838"}],"curies":[{"name":"wp","href":"https:\/\/api.w.org\/{rel}","templated":true}]}}