{"id":15323,"date":"2025-12-07T13:14:06","date_gmt":"2025-12-07T13:14:06","guid":{"rendered":"https:\/\/www.cfaebooks.com\/?post_type=product&#038;p=15323"},"modified":"2026-04-03T08:07:56","modified_gmt":"2026-04-03T08:07:56","slug":"cfa-2026-level-3-finquiz-stanley-notes-battle-ready-summaries-and-formula-sheet-portfolio-management","status":"publish","type":"product","link":"https:\/\/www.cfaebooks.com\/hu\/products\/cfa-2026-level-3-finquiz-stanley-notes-battle-ready-summaries-and-formula-sheet-portfolio-management\/","title":{"rendered":"CFA 2026 3. szint Finquiz Stanley jegyzetek, harcra k\u00e9sz \u00f6sszefoglal\u00f3k \u00e9s k\u00e9pletlap Portf\u00f3li\u00f3kezel\u00e9s"},"content":{"rendered":"<p>Elad\u00f3 egy e-k\u00f6nyv CFA 2026 3. szint Finquiz Stanley Notes, Battle-ready Summaries \u00e9s Formula sheet Portfolio Management.<\/p>\n\n\n\n<p>A k\u00f6vetkez\u0151 t\u00e9m\u00e1kat tartalmazza:<\/p>\n\n\n\n<ol class=\"wp-block-list\">\n<li><em>Eszk\u00f6zeloszt\u00e1s<\/em><\/li>\n\n\n\n<li><em>Portf\u00f3li\u00f3 \u00e9p\u00edt\u00e9s<\/em><\/li>\n\n\n\n<li><em>Teljes\u00edtm\u00e9nym\u00e9r\u00e9s<\/em><\/li>\n\n\n\n<li><em>Sz\u00e1rmaz\u00e9kos \u00fcgyletek \u00e9s kock\u00e1zatkezel\u00e9s<\/em><\/li>\n\n\n\n<li><em>Etikai \u00e9s szakmai norm\u00e1k<\/em><\/li>\n\n\n\n<li><em>Portf\u00f3li\u00f3menedzsment \u00fatvonal<\/em><\/li>\n<\/ol>\n\n\n\n<p>A sz\u00f6vegben a sz\u00e1m\u00edt\u00f3g\u00e9p billenty\u0171zet\u00e9n tal\u00e1lhat\u00f3 \u2018ctrl+f\u2019 keres\u0151funkci\u00f3val, valamint okostelefonon\/t\u00e1blag\u00e9pen a keres\u0151funkci\u00f3val lehet keresni.<\/p>\n\n\n\n<p>Ez nem egy fizikai k\u00f6nyv, hanem egy PDF form\u00e1tum\u00fa digit\u00e1lis m\u00e1solat. K\u00e9rj\u00fck, ne v\u00e1s\u00e1rolja meg, ha fizikai nyomtatott p\u00e9ld\u00e1nyt szeretne. A fizet\u00e9s ut\u00e1n azonnal let\u00f6ltheti az e-k\u00f6nyvet.<\/p>","protected":false},"excerpt":{"rendered":"<p>For sale is an e-Book CFA 2026 Level 3 Finquiz Stanley Notes, Battle-ready Summaries and Formula sheet Portfolio Management. Includes the following topics: The text is searchable using the find feature on your computer keyboard \u2018ctrl+f\u2019 and through search on your smartphone\/tablet. This is not a physical book it is a&nbsp;PDF&nbsp;digital copy. Please do not [&hellip;]<\/p>\n","protected":false},"featured_media":15324,"comment_status":"closed","ping_status":"closed","template":"","meta":[],"product_brand":[],"product_cat":[265],"product_tag":[393,369,93,88,90,174,180,371,91,92,383,164,177,391,168],"class_list":{"0":"post-15323","1":"product","2":"type-product","3":"status-publish","4":"has-post-thumbnail","6":"product_cat-cfa-level-3","7":"product_tag-battle-ready-summaries","8":"product_tag-cfa-2026","9":"product_tag-cfa-books","10":"product_tag-cfa-ebooks","11":"product_tag-cfa-exam","12":"product_tag-cfa-institute","13":"product_tag-cfa-level-3","14":"product_tag-cfa-level-3-2026","15":"product_tag-cfa-prep","16":"product_tag-cfa-test","17":"product_tag-finquiz","18":"product_tag-formula-sheet","19":"product_tag-quicksheet","20":"product_tag-stanley-notes","21":"product_tag-study-notes","23":"first","24":"instock","25":"downloadable","26":"virtual","27":"sold-individually","28":"purchasable","29":"product-type-simple"},"_links":{"self":[{"href":"https:\/\/www.cfaebooks.com\/hu\/wp-json\/wp\/v2\/product\/15323","targetHints":{"allow":["GET"]}}],"collection":[{"href":"https:\/\/www.cfaebooks.com\/hu\/wp-json\/wp\/v2\/product"}],"about":[{"href":"https:\/\/www.cfaebooks.com\/hu\/wp-json\/wp\/v2\/types\/product"}],"replies":[{"embeddable":true,"href":"https:\/\/www.cfaebooks.com\/hu\/wp-json\/wp\/v2\/comments?post=15323"}],"wp:featuredmedia":[{"embeddable":true,"href":"https:\/\/www.cfaebooks.com\/hu\/wp-json\/wp\/v2\/media\/15324"}],"wp:attachment":[{"href":"https:\/\/www.cfaebooks.com\/hu\/wp-json\/wp\/v2\/media?parent=15323"}],"wp:term":[{"taxonomy":"product_brand","embeddable":true,"href":"https:\/\/www.cfaebooks.com\/hu\/wp-json\/wp\/v2\/product_brand?post=15323"},{"taxonomy":"product_cat","embeddable":true,"href":"https:\/\/www.cfaebooks.com\/hu\/wp-json\/wp\/v2\/product_cat?post=15323"},{"taxonomy":"product_tag","embeddable":true,"href":"https:\/\/www.cfaebooks.com\/hu\/wp-json\/wp\/v2\/product_tag?post=15323"}],"curies":[{"name":"wp","href":"https:\/\/api.w.org\/{rel}","templated":true}]}}