{"id":14296,"date":"2024-09-13T04:23:00","date_gmt":"2024-09-13T04:23:00","guid":{"rendered":"https:\/\/www.cfaebooks.com\/?post_type=product&#038;p=14296"},"modified":"2026-04-03T08:06:40","modified_gmt":"2026-04-03T08:06:40","slug":"2025-cfa-1-szintu-csomag","status":"publish","type":"product","link":"https:\/\/www.cfaebooks.com\/hu\/products\/2025-cfa-1-szintu-csomag\/","title":{"rendered":"2025 CFA Level 1 csomag"},"content":{"rendered":"<p>Elad\u00f3 a 2025 CFA Level 1 csomag.<\/p>\n\n\n\n<p>A csomag tartalmazza:<\/p>\n\n\n\n<ul class=\"wp-block-list\">\n<li><strong>CFA Level 1 2025 Schweser Prerequisite Program (jegyzetek + Qbank + vide\u00f3)<\/strong><\/li>\n\n\n\n<li><strong>CFA Level 1 2025 Schweser Notes, Formula Sheet<\/strong><\/li>\n\n\n\n<li><strong>2025 CFA Program tananyag 1. szint\u0171 tananyag dobozk\u00e9szlet<\/strong><\/li>\n\n\n\n<li><strong>CFA Level 1 2025 IFT tanulm\u00e1nyi jegyzetek<\/strong><\/li>\n\n\n\n<li><strong>CFA 2025 Schweser titkos sz\u00f3sz 1. szint<\/strong><\/li>\n<\/ul>\n\n\n\n<p>Ez nem egy fizikai k\u00f6nyv, hanem egy digit\u00e1lis anyag. K\u00e9rj\u00fck, ne v\u00e1s\u00e1rolja meg, ha fizikai nyomtatott p\u00e9ld\u00e1nyt szeretne. A fizet\u00e9s ut\u00e1n azonnal let\u00f6ltheti.<\/p>","protected":false},"excerpt":{"rendered":"<p>For sale is the 2025 CFA Level 1 Bundle. In the package, include: This is not a physical book it is a&nbsp;digital materials. Please do not purchase if you want a physical hard copy. After checkout you can download instantly.<\/p>","protected":false},"featured_media":13701,"comment_status":"closed","ping_status":"closed","template":"","meta":[],"product_brand":[],"product_cat":[260,273],"product_tag":[261,93,88,90,268,87,91,92,274,161,168],"class_list":{"0":"post-14296","1":"product","2":"type-product","3":"status-publish","4":"has-post-thumbnail","6":"product_cat-cfa-level-1","7":"product_cat-cfa-bundles","8":"product_tag-cfa-2025","9":"product_tag-cfa-books","10":"product_tag-cfa-ebooks","11":"product_tag-cfa-exam","12":"product_tag-cfa-level-1-2025","13":"product_tag-cfa-level-i","14":"product_tag-cfa-prep","15":"product_tag-cfa-test","16":"product_tag-program-curriculum","17":"product_tag-question-bank","18":"product_tag-study-notes","20":"first","21":"instock","22":"downloadable","23":"virtual","24":"sold-individually","25":"purchasable","26":"product-type-simple"},"_links":{"self":[{"href":"https:\/\/www.cfaebooks.com\/hu\/wp-json\/wp\/v2\/product\/14296","targetHints":{"allow":["GET"]}}],"collection":[{"href":"https:\/\/www.cfaebooks.com\/hu\/wp-json\/wp\/v2\/product"}],"about":[{"href":"https:\/\/www.cfaebooks.com\/hu\/wp-json\/wp\/v2\/types\/product"}],"replies":[{"embeddable":true,"href":"https:\/\/www.cfaebooks.com\/hu\/wp-json\/wp\/v2\/comments?post=14296"}],"wp:featuredmedia":[{"embeddable":true,"href":"https:\/\/www.cfaebooks.com\/hu\/wp-json\/wp\/v2\/media\/13701"}],"wp:attachment":[{"href":"https:\/\/www.cfaebooks.com\/hu\/wp-json\/wp\/v2\/media?parent=14296"}],"wp:term":[{"taxonomy":"product_brand","embeddable":true,"href":"https:\/\/www.cfaebooks.com\/hu\/wp-json\/wp\/v2\/product_brand?post=14296"},{"taxonomy":"product_cat","embeddable":true,"href":"https:\/\/www.cfaebooks.com\/hu\/wp-json\/wp\/v2\/product_cat?post=14296"},{"taxonomy":"product_tag","embeddable":true,"href":"https:\/\/www.cfaebooks.com\/hu\/wp-json\/wp\/v2\/product_tag?post=14296"}],"curies":[{"name":"wp","href":"https:\/\/api.w.org\/{rel}","templated":true}]}}