{"id":14110,"date":"2025-10-04T23:22:50","date_gmt":"2025-10-04T23:22:50","guid":{"rendered":"https:\/\/www.cfaebooks.com\/?post_type=product&#038;p=14110"},"modified":"2026-04-03T08:06:25","modified_gmt":"2026-04-03T08:06:25","slug":"2026-cfa-level-1-schweser-prerequisite-program-notes-qbank-video","status":"publish","type":"product","link":"https:\/\/www.cfaebooks.com\/hu\/products\/2026-cfa-level-1-schweser-prerequisite-program-notes-qbank-video\/","title":{"rendered":"2026 CFA 1. szint\u0171 Schweser el\u0151felt\u00e9tel program (jegyzetek, Qbank, vide\u00f3)"},"content":{"rendered":"<p>For sale is the 2026 CFA Schweser Prerequisite Program Level 1 (Notes, Qbank, Video).<\/p>\n\n\n\n<p>A k\u00f6vetkez\u0151 t\u00e9m\u00e1kat tartalmazza:&nbsp;<\/p>\n\n\n\n<ul class=\"wp-block-list\">\n<li><strong>Kvantitat\u00edv m\u00f3dszerek<\/strong><\/li>\n\n\n\n<li><strong>K\u00f6zgazdas\u00e1gtan<\/strong><\/li>\n\n\n\n<li><strong>P\u00e9nz\u00fcgyi kimutat\u00e1sok elemz\u00e9se<\/strong>. <\/li>\n<\/ul>\n\n\n\n<p>In the package, it including <strong>Notes, Question Bank and Video Lectures<\/strong><\/p>\n\n\n\n<ul class=\"wp-block-list\">\n<li>Qbank: includes separate file for questions and answers so that you can do questions then compare your answers<\/li>\n\n\n\n<li>A sz\u00f6veg kereshet\u0151 a sz\u00e1m\u00edt\u00f3g\u00e9p billenty\u0171zet\u00e9nek \"ctrl+f\" keres\u00e9si funkci\u00f3j\u00e1val \u00e9s az okostelefonon\/tableten tal\u00e1lhat\u00f3 keres\u0151vel.<\/li>\n\n\n\n<li>After checkout you can download instantly.<\/li>\n<\/ul>","protected":false},"excerpt":{"rendered":"<p>For sale is the 2026 CFA Schweser Prerequisite Program Level 1 (Notes, Qbank, Video). Includes the following topics:&nbsp; In the package, it including Notes, Question Bank and Video Lectures<\/p>","protected":false},"featured_media":14111,"comment_status":"closed","ping_status":"closed","template":"","meta":[],"product_brand":[],"product_cat":[260,269],"product_tag":[369,378,93,88,370,91,158,272,179,271,270],"class_list":{"0":"post-14110","1":"product","2":"type-product","3":"status-publish","4":"has-post-thumbnail","6":"product_cat-cfa-level-1","7":"product_cat-cfa-video-lectures","8":"product_tag-cfa-2026","9":"product_tag-cfa-2026-video-lectures","10":"product_tag-cfa-books","11":"product_tag-cfa-ebooks","12":"product_tag-cfa-level-1-2026","13":"product_tag-cfa-prep","14":"product_tag-kaplan-schweser","15":"product_tag-prerequisite-program","16":"product_tag-schweser-notes","17":"product_tag-video-lectures","18":"product_tag-video-lessons","20":"first","21":"instock","22":"downloadable","23":"virtual","24":"sold-individually","25":"purchasable","26":"product-type-simple"},"_links":{"self":[{"href":"https:\/\/www.cfaebooks.com\/hu\/wp-json\/wp\/v2\/product\/14110","targetHints":{"allow":["GET"]}}],"collection":[{"href":"https:\/\/www.cfaebooks.com\/hu\/wp-json\/wp\/v2\/product"}],"about":[{"href":"https:\/\/www.cfaebooks.com\/hu\/wp-json\/wp\/v2\/types\/product"}],"replies":[{"embeddable":true,"href":"https:\/\/www.cfaebooks.com\/hu\/wp-json\/wp\/v2\/comments?post=14110"}],"wp:featuredmedia":[{"embeddable":true,"href":"https:\/\/www.cfaebooks.com\/hu\/wp-json\/wp\/v2\/media\/14111"}],"wp:attachment":[{"href":"https:\/\/www.cfaebooks.com\/hu\/wp-json\/wp\/v2\/media?parent=14110"}],"wp:term":[{"taxonomy":"product_brand","embeddable":true,"href":"https:\/\/www.cfaebooks.com\/hu\/wp-json\/wp\/v2\/product_brand?post=14110"},{"taxonomy":"product_cat","embeddable":true,"href":"https:\/\/www.cfaebooks.com\/hu\/wp-json\/wp\/v2\/product_cat?post=14110"},{"taxonomy":"product_tag","embeddable":true,"href":"https:\/\/www.cfaebooks.com\/hu\/wp-json\/wp\/v2\/product_tag?post=14110"}],"curies":[{"name":"wp","href":"https:\/\/api.w.org\/{rel}","templated":true}]}}