{"id":14094,"date":"2025-10-04T15:12:35","date_gmt":"2025-10-04T15:12:35","guid":{"rendered":"https:\/\/www.cfaebooks.com\/?post_type=product&#038;p=14094"},"modified":"2026-04-03T08:06:16","modified_gmt":"2026-04-03T08:06:16","slug":"cfa-2026-level-3-salt-solutions-mock-exams-private-markets-pathway","status":"publish","type":"product","link":"https:\/\/www.cfaebooks.com\/hu\/products\/cfa-2026-level-3-salt-solutions-mock-exams-private-markets-pathway\/","title":{"rendered":"CFA 2026 3. szint\u0171 s\u00f3oldatok pr\u00f3bavizsg\u00e1k (mag\u00e1npiacok p\u00e1ly\u00e1ja)"},"content":{"rendered":"<p>For sale is an e-Book 2026 CFA Salt Solutions Mock Exams Level 3 Private Markets Pathway PDF.<\/p>\n\n\n\n<ul class=\"wp-block-list\">\n<li>3 pr\u00f3bavizsga, mindegyik 2 \u00fcl\u00e9ssel.<\/li>\n\n\n\n<li>K\u00fcl\u00f6n f\u00e1jlt tartalmaz a k\u00e9rd\u00e9sekhez \u00e9s v\u00e1laszokhoz, \u00edgy elv\u00e9gezheti a k\u00e9rd\u00e9seket, majd \u00f6sszehasonl\u00edthatja a v\u00e1laszait.<\/li>\n\n\n\n<li>A sz\u00f6veg kereshet\u0151 a sz\u00e1m\u00edt\u00f3g\u00e9p billenty\u0171zet\u00e9nek \"ctrl+f\" keres\u00e9si funkci\u00f3j\u00e1val \u00e9s az okostelefonon\/tableten tal\u00e1lhat\u00f3 keres\u0151vel.<\/li>\n\n\n\n<li>Ez nem egy nyomtatott k\u00f6nyv, hanem egy PDF form\u00e1tum\u00fa digit\u00e1lis m\u00e1solat. K\u00e9rj\u00fck, ne v\u00e1s\u00e1rolja meg, ha nyomtatott p\u00e9ld\u00e1nyt szeretne.<\/li>\n\n\n\n<li>A fizet\u00e9s ut\u00e1n azonnal let\u00f6ltheti az e-k\u00f6nyvet.<\/li>\n<\/ul>","protected":false},"excerpt":{"rendered":"<p>For sale is an e-Book 2026 CFA Salt Solutions Mock Exams Level 3 Private Markets Pathway PDF.<\/p>","protected":false},"featured_media":14095,"comment_status":"closed","ping_status":"closed","template":"","meta":[],"product_brand":[],"product_cat":[265],"product_tag":[369,93,88,90,180,371,361,311,91,92],"class_list":{"0":"post-14094","1":"product","2":"type-product","3":"status-publish","4":"has-post-thumbnail","6":"product_cat-cfa-level-3","7":"product_tag-cfa-2026","8":"product_tag-cfa-books","9":"product_tag-cfa-ebooks","10":"product_tag-cfa-exam","11":"product_tag-cfa-level-3","12":"product_tag-cfa-level-3-2026","13":"product_tag-cfa-mock-exams","14":"product_tag-cfa-mocks","15":"product_tag-cfa-prep","16":"product_tag-cfa-test","18":"first","19":"instock","20":"downloadable","21":"virtual","22":"sold-individually","23":"purchasable","24":"product-type-simple"},"_links":{"self":[{"href":"https:\/\/www.cfaebooks.com\/hu\/wp-json\/wp\/v2\/product\/14094","targetHints":{"allow":["GET"]}}],"collection":[{"href":"https:\/\/www.cfaebooks.com\/hu\/wp-json\/wp\/v2\/product"}],"about":[{"href":"https:\/\/www.cfaebooks.com\/hu\/wp-json\/wp\/v2\/types\/product"}],"replies":[{"embeddable":true,"href":"https:\/\/www.cfaebooks.com\/hu\/wp-json\/wp\/v2\/comments?post=14094"}],"wp:featuredmedia":[{"embeddable":true,"href":"https:\/\/www.cfaebooks.com\/hu\/wp-json\/wp\/v2\/media\/14095"}],"wp:attachment":[{"href":"https:\/\/www.cfaebooks.com\/hu\/wp-json\/wp\/v2\/media?parent=14094"}],"wp:term":[{"taxonomy":"product_brand","embeddable":true,"href":"https:\/\/www.cfaebooks.com\/hu\/wp-json\/wp\/v2\/product_brand?post=14094"},{"taxonomy":"product_cat","embeddable":true,"href":"https:\/\/www.cfaebooks.com\/hu\/wp-json\/wp\/v2\/product_cat?post=14094"},{"taxonomy":"product_tag","embeddable":true,"href":"https:\/\/www.cfaebooks.com\/hu\/wp-json\/wp\/v2\/product_tag?post=14094"}],"curies":[{"name":"wp","href":"https:\/\/api.w.org\/{rel}","templated":true}]}}