{"id":14077,"date":"2025-10-04T11:47:44","date_gmt":"2025-10-04T11:47:44","guid":{"rendered":"https:\/\/www.cfaebooks.com\/?post_type=product&#038;p=14077"},"modified":"2026-04-03T08:06:06","modified_gmt":"2026-04-03T08:06:06","slug":"cfa-2026-level-2-ift-study-notes-with-formula-sheet","status":"publish","type":"product","link":"https:\/\/www.cfaebooks.com\/hu\/products\/cfa-2026-level-2-ift-study-notes-with-formula-sheet\/","title":{"rendered":"CFA 2026 2. szint\u0171 IFT tanul\u00e1si jegyzetek k\u00e9pletekkel"},"content":{"rendered":"<p>For sale is an e-Book 2026 CFA Level 2 IFT Study Notes with Formula Sheet PDF.<\/p>\n\n\n\n<p>A k\u00f6vetkez\u0151 t\u00e9m\u00e1kat tartalmazza: <\/p>\n\n\n\n<ul class=\"wp-block-list\">\n<li><em>Kvantitat\u00edv m\u00f3dszerek<\/em><\/li>\n\n\n\n<li><em>K\u00f6zgazdas\u00e1gtan<\/em><\/li>\n\n\n\n<li><em>P\u00e9nz\u00fcgyi kimutat\u00e1sok elemz\u00e9se<\/em><\/li>\n\n\n\n<li><em>V\u00e1llalati kibocs\u00e1t\u00f3k<\/em><\/li>\n\n\n\n<li><em>Saj\u00e1t t\u0151ke<\/em><\/li>\n\n\n\n<li><em>R\u00f6gz\u00edtett j\u00f6vedelem<\/em><\/li>\n\n\n\n<li><em>Sz\u00e1rmaz\u00e9kok<\/em><\/li>\n\n\n\n<li><em>Alternat\u00edv befektet\u00e9sek<\/em><\/li>\n\n\n\n<li><em>Portf\u00f3li\u00f3kezel\u00e9s<\/em><\/li>\n\n\n\n<li><em>Etikai \u00e9s szakmai norm\u00e1k<\/em>.<\/li>\n<\/ul>\n\n\n\n<p>Ez nem egy nyomtatott k\u00f6nyv, hanem egy PDF form\u00e1tum\u00fa digit\u00e1lis m\u00e1solat. K\u00e9rj\u00fck, ne v\u00e1s\u00e1rolja meg, ha nyomtatott p\u00e9ld\u00e1nyt szeretne.<\/p>\n\n\n\n<p>A fizet\u00e9s ut\u00e1n azonnal let\u00f6ltheti az e-k\u00f6nyvet.<\/p>","protected":false},"excerpt":{"rendered":"<p>For sale is an e-Book 2026 CFA Level 2 IFT Study Notes with Formula Sheet PDF. Includes the following topics: This is not a physical book it is a&nbsp;PDF&nbsp;digital copy. Please do not purchase if you want a physical hard copy. After checkout you can download the e-Book instantly.<\/p>","protected":false},"featured_media":14078,"comment_status":"closed","ping_status":"closed","template":"","meta":[],"product_brand":[],"product_cat":[266],"product_tag":[369,93,88,90,178,375,91,92,164,167,168],"class_list":{"0":"post-14077","1":"product","2":"type-product","3":"status-publish","4":"has-post-thumbnail","6":"product_cat-cfa-level-2","7":"product_tag-cfa-2026","8":"product_tag-cfa-books","9":"product_tag-cfa-ebooks","10":"product_tag-cfa-exam","11":"product_tag-cfa-level-2","12":"product_tag-cfa-level-2-2026","13":"product_tag-cfa-prep","14":"product_tag-cfa-test","15":"product_tag-formula-sheet","16":"product_tag-ift","17":"product_tag-study-notes","19":"first","20":"instock","21":"downloadable","22":"virtual","23":"sold-individually","24":"purchasable","25":"product-type-simple"},"_links":{"self":[{"href":"https:\/\/www.cfaebooks.com\/hu\/wp-json\/wp\/v2\/product\/14077","targetHints":{"allow":["GET"]}}],"collection":[{"href":"https:\/\/www.cfaebooks.com\/hu\/wp-json\/wp\/v2\/product"}],"about":[{"href":"https:\/\/www.cfaebooks.com\/hu\/wp-json\/wp\/v2\/types\/product"}],"replies":[{"embeddable":true,"href":"https:\/\/www.cfaebooks.com\/hu\/wp-json\/wp\/v2\/comments?post=14077"}],"wp:featuredmedia":[{"embeddable":true,"href":"https:\/\/www.cfaebooks.com\/hu\/wp-json\/wp\/v2\/media\/14078"}],"wp:attachment":[{"href":"https:\/\/www.cfaebooks.com\/hu\/wp-json\/wp\/v2\/media?parent=14077"}],"wp:term":[{"taxonomy":"product_brand","embeddable":true,"href":"https:\/\/www.cfaebooks.com\/hu\/wp-json\/wp\/v2\/product_brand?post=14077"},{"taxonomy":"product_cat","embeddable":true,"href":"https:\/\/www.cfaebooks.com\/hu\/wp-json\/wp\/v2\/product_cat?post=14077"},{"taxonomy":"product_tag","embeddable":true,"href":"https:\/\/www.cfaebooks.com\/hu\/wp-json\/wp\/v2\/product_tag?post=14077"}],"curies":[{"name":"wp","href":"https:\/\/api.w.org\/{rel}","templated":true}]}}