{"id":14026,"date":"2025-10-04T00:12:56","date_gmt":"2025-10-04T00:12:56","guid":{"rendered":"https:\/\/www.cfaebooks.com\/?post_type=product&#038;p=14026"},"modified":"2026-04-03T08:05:58","modified_gmt":"2026-04-03T08:05:58","slug":"cfa-2026-level-1-salt-solutions-question-bank","status":"publish","type":"product","link":"https:\/\/www.cfaebooks.com\/hu\/products\/cfa-2026-level-1-salt-solutions-question-bank\/","title":{"rendered":"CFA 2026 1. szint\u0171 s\u00f3oldatok k\u00e9rd\u00e9sek gy\u0171jtem\u00e9nye"},"content":{"rendered":"<p>For sale is an e-Book 2026 CFA Level 1 Salt Solutions Question Bank PDF.<\/p>\n\n\n\n<ul class=\"wp-block-list\">\n<li>Including more than 1000+ questions with answers<\/li>\n\n\n\n<li>K\u00fcl\u00f6n f\u00e1jlt tartalmaz a k\u00e9rd\u00e9sekhez \u00e9s v\u00e1laszokhoz, \u00edgy elv\u00e9gezheti a k\u00e9rd\u00e9seket, majd \u00f6sszehasonl\u00edthatja a v\u00e1laszait.<\/li>\n\n\n\n<li>A k\u00f6vetkez\u0151 10 t\u00e9mak\u00f6rt tartalmazza:&nbsp;\n<ul class=\"wp-block-list\">\n<li><em><strong>Kvantitat\u00edv m\u00f3dszerek<\/strong><\/em><\/li>\n\n\n\n<li><em><strong>K\u00f6zgazdas\u00e1gtan<\/strong><\/em><\/li>\n\n\n\n<li><em><strong>V\u00e1llalati kibocs\u00e1t\u00f3k<\/strong><\/em><\/li>\n\n\n\n<li><em><strong>P\u00e9nz\u00fcgyi kimutat\u00e1sok elemz\u00e9se<\/strong><\/em><\/li>\n\n\n\n<li><em><strong>R\u00e9szv\u00e9nyek<\/strong><\/em><\/li>\n\n\n\n<li><em><strong>R\u00f6gz\u00edtett j\u00f6vedelem<\/strong><\/em><\/li>\n\n\n\n<li><em><strong>Sz\u00e1rmaz\u00e9kok<\/strong><\/em><\/li>\n\n\n\n<li><em><strong>Alternat\u00edv befektet\u00e9sek<\/strong><\/em><\/li>\n\n\n\n<li><em><strong>Portf\u00f3li\u00f3kezel\u00e9s<\/strong><\/em><\/li>\n\n\n\n<li><em><strong>Etika.<\/strong><\/em><\/li>\n<\/ul>\n<\/li>\n\n\n\n<li>A sz\u00f6veg kereshet\u0151 a sz\u00e1m\u00edt\u00f3g\u00e9p billenty\u0171zet\u00e9nek \"ctrl+f\" keres\u00e9si funkci\u00f3j\u00e1val \u00e9s az okostelefonon\/tableten tal\u00e1lhat\u00f3 keres\u0151vel.<\/li>\n\n\n\n<li>Ez nem egy nyomtatott k\u00f6nyv, hanem egy PDF form\u00e1tum\u00fa digit\u00e1lis m\u00e1solat. K\u00e9rj\u00fck, ne v\u00e1s\u00e1rolja meg, ha nyomtatott p\u00e9ld\u00e1nyt szeretne.<\/li>\n\n\n\n<li>A fizet\u00e9s ut\u00e1n azonnal let\u00f6ltheti az e-k\u00f6nyvet.<\/li>\n<\/ul>","protected":false},"excerpt":{"rendered":"<p>For sale is an e-Book 2026 CFA Level 1 Salt Solutions Question Bank PDF.<\/p>","protected":false},"featured_media":14027,"comment_status":"closed","ping_status":"closed","template":"","meta":[],"product_brand":[],"product_cat":[260],"product_tag":[369,93,88,90,370,87,91,92,162,161,377],"class_list":{"0":"post-14026","1":"product","2":"type-product","3":"status-publish","4":"has-post-thumbnail","6":"product_cat-cfa-level-1","7":"product_tag-cfa-2026","8":"product_tag-cfa-books","9":"product_tag-cfa-ebooks","10":"product_tag-cfa-exam","11":"product_tag-cfa-level-1-2026","12":"product_tag-cfa-level-i","13":"product_tag-cfa-prep","14":"product_tag-cfa-test","15":"product_tag-qbank","16":"product_tag-question-bank","17":"product_tag-salt-solutions","19":"first","20":"instock","21":"downloadable","22":"virtual","23":"sold-individually","24":"purchasable","25":"product-type-simple"},"_links":{"self":[{"href":"https:\/\/www.cfaebooks.com\/hu\/wp-json\/wp\/v2\/product\/14026","targetHints":{"allow":["GET"]}}],"collection":[{"href":"https:\/\/www.cfaebooks.com\/hu\/wp-json\/wp\/v2\/product"}],"about":[{"href":"https:\/\/www.cfaebooks.com\/hu\/wp-json\/wp\/v2\/types\/product"}],"replies":[{"embeddable":true,"href":"https:\/\/www.cfaebooks.com\/hu\/wp-json\/wp\/v2\/comments?post=14026"}],"wp:featuredmedia":[{"embeddable":true,"href":"https:\/\/www.cfaebooks.com\/hu\/wp-json\/wp\/v2\/media\/14027"}],"wp:attachment":[{"href":"https:\/\/www.cfaebooks.com\/hu\/wp-json\/wp\/v2\/media?parent=14026"}],"wp:term":[{"taxonomy":"product_brand","embeddable":true,"href":"https:\/\/www.cfaebooks.com\/hu\/wp-json\/wp\/v2\/product_brand?post=14026"},{"taxonomy":"product_cat","embeddable":true,"href":"https:\/\/www.cfaebooks.com\/hu\/wp-json\/wp\/v2\/product_cat?post=14026"},{"taxonomy":"product_tag","embeddable":true,"href":"https:\/\/www.cfaebooks.com\/hu\/wp-json\/wp\/v2\/product_tag?post=14026"}],"curies":[{"name":"wp","href":"https:\/\/api.w.org\/{rel}","templated":true}]}}