{"id":13376,"date":"2025-08-13T12:36:47","date_gmt":"2025-08-13T12:36:47","guid":{"rendered":"https:\/\/www.cfaebooks.com\/?post_type=product&#038;p=13376"},"modified":"2026-04-03T08:05:19","modified_gmt":"2026-04-03T08:05:19","slug":"cfa-2026-ift-tanulmanyi-jegyzetek-3-szintu-portfoliomenedzsment-utvonal-kepletekkel","status":"publish","type":"product","link":"https:\/\/www.cfaebooks.com\/hu\/products\/cfa-2026-ift-tanulmanyi-jegyzetek-3-szintu-portfoliomenedzsment-utvonal-kepletekkel\/","title":{"rendered":"CFA 2026 IFT Tanulm\u00e1nyi jegyzetek Level 3 Portf\u00f3li\u00f3menedzsment \u00datvonal k\u00e9pletlapokkal"},"content":{"rendered":"<p>For sale is an e-Book 2026 CFA Level 3 IFT Study Notes Portfolio Management Pathway with Formula Sheet PDF.<\/p>\n\n\n\n<p>A k\u00f6vetkez\u0151 t\u00e9m\u00e1kat tartalmazza:<\/p>\n\n\n\n<ul class=\"wp-block-list\">\n<li>1. k\u00f6tet - eszk\u00f6zallok\u00e1ci\u00f3<\/li>\n\n\n\n<li><em>2. k\u00f6tet - Portf\u00f3li\u00f3\u00e9p\u00edt\u00e9s<\/em><\/li>\n\n\n\n<li><em>3. k\u00f6tet - Teljes\u00edtm\u00e9nym\u00e9r\u00e9s<\/em><\/li>\n\n\n\n<li><em>4. k\u00f6tet - Sz\u00e1rmaz\u00e9kos \u00fcgyletek \u00e9s kock\u00e1zatkezel\u00e9s<\/em><\/li>\n\n\n\n<li><em>5. k\u00f6tet - Etikai \u00e9s szakmai norm\u00e1k<\/em><\/li>\n\n\n\n<li>Portf\u00f3li\u00f3menedzsment \u00fatvonal<\/li>\n\n\n\n<li><em>2026 Level III Fact and Formula Sheet<\/em><\/li>\n<\/ul>\n\n\n\n<p>A sz\u00f6veg kereshet\u0151 a sz\u00e1m\u00edt\u00f3g\u00e9p billenty\u0171zet\u00e9nek \"ctrl f\" keres\u00e9si funkci\u00f3j\u00e1val \u00e9s az okostelefonon\/tableten tal\u00e1lhat\u00f3 keres\u0151vel.<\/p>\n\n\n\n<p>R\u00e9szletes tanulm\u00e1nyi jegyzeteket kapsz, amelyek minden LOS-t lefednek, \u00e9s amelyek tartalmazz\u00e1k:&nbsp;<strong><em>Az egyes olvasm\u00e1nyok \u00f6sszefoglal\u00e1sa \u00e9s p\u00e9ld\u00e1k<\/em><\/strong><\/p>\n\n\n\n<ul class=\"wp-block-list\">\n<li>A fizet\u00e9s ut\u00e1n azonnal let\u00f6ltheti az e-k\u00f6nyvet.<\/li>\n\n\n\n<li>Ez nem egy fizikai k\u00f6nyv, hanem egy PDF form\u00e1tum\u00fa digit\u00e1lis m\u00e1solat. K\u00e9rj\u00fck, ne v\u00e1s\u00e1rolja meg, ha fizikai nyomtatott p\u00e9ld\u00e1nyt szeretne.<\/li>\n<\/ul>\n\n\n\n<p><\/p>","protected":false},"excerpt":{"rendered":"<p>For sale is an e-Book 2026 CFA Level 3 IFT Study Notes Portfolio Management Pathway with Formula Sheet PDF. Includes the following topics: The text is searchable using the find feature on your computer keyboard &#8216;ctrl f&#8217; and through search on your smartphone\/tablet. You will get detailed Study Notes covering all LOS, and which include:&nbsp;Summary [&hellip;]<\/p>\n","protected":false},"featured_media":13377,"comment_status":"closed","ping_status":"closed","template":"","meta":[],"product_brand":[],"product_cat":[265],"product_tag":[369,93,88,90,180,371,91,363,92,372,168],"class_list":{"0":"post-13376","1":"product","2":"type-product","3":"status-publish","4":"has-post-thumbnail","6":"product_cat-cfa-level-3","7":"product_tag-cfa-2026","8":"product_tag-cfa-books","9":"product_tag-cfa-ebooks","10":"product_tag-cfa-exam","11":"product_tag-cfa-level-3","12":"product_tag-cfa-level-3-2026","13":"product_tag-cfa-prep","14":"product_tag-cfa-study-notes","15":"product_tag-cfa-test","16":"product_tag-ift-study-notes","17":"product_tag-study-notes","19":"first","20":"instock","21":"downloadable","22":"virtual","23":"sold-individually","24":"purchasable","25":"product-type-simple"},"_links":{"self":[{"href":"https:\/\/www.cfaebooks.com\/hu\/wp-json\/wp\/v2\/product\/13376","targetHints":{"allow":["GET"]}}],"collection":[{"href":"https:\/\/www.cfaebooks.com\/hu\/wp-json\/wp\/v2\/product"}],"about":[{"href":"https:\/\/www.cfaebooks.com\/hu\/wp-json\/wp\/v2\/types\/product"}],"replies":[{"embeddable":true,"href":"https:\/\/www.cfaebooks.com\/hu\/wp-json\/wp\/v2\/comments?post=13376"}],"wp:featuredmedia":[{"embeddable":true,"href":"https:\/\/www.cfaebooks.com\/hu\/wp-json\/wp\/v2\/media\/13377"}],"wp:attachment":[{"href":"https:\/\/www.cfaebooks.com\/hu\/wp-json\/wp\/v2\/media?parent=13376"}],"wp:term":[{"taxonomy":"product_brand","embeddable":true,"href":"https:\/\/www.cfaebooks.com\/hu\/wp-json\/wp\/v2\/product_brand?post=13376"},{"taxonomy":"product_cat","embeddable":true,"href":"https:\/\/www.cfaebooks.com\/hu\/wp-json\/wp\/v2\/product_cat?post=13376"},{"taxonomy":"product_tag","embeddable":true,"href":"https:\/\/www.cfaebooks.com\/hu\/wp-json\/wp\/v2\/product_tag?post=13376"}],"curies":[{"name":"wp","href":"https:\/\/api.w.org\/{rel}","templated":true}]}}