{"id":13238,"date":"2025-07-31T03:18:33","date_gmt":"2025-07-31T03:18:33","guid":{"rendered":"https:\/\/www.cfaebooks.com\/?post_type=product&#038;p=13238"},"modified":"2026-04-03T08:05:13","modified_gmt":"2026-04-03T08:05:13","slug":"cfa-2026-1-szintu-ift-tanulmanyi-jegyzetek-a-keplet-lapjaval","status":"publish","type":"product","link":"https:\/\/www.cfaebooks.com\/hu\/products\/cfa-2026-1-szintu-ift-tanulmanyi-jegyzetek-a-keplet-lapjaval\/","title":{"rendered":"CFA 2026 Level 1 IFT Tanulm\u00e1nyi jegyzetek a k\u00e9pletlapokkal"},"content":{"rendered":"<p>For sale is an e-Book 2026 CFA Level 1 IFT Study Notes with Formula Sheet PDF.<\/p>\n\n\n\n<p>A k\u00f6vetkez\u0151 t\u00e9m\u00e1kat tartalmazza: <\/p>\n\n\n\n<ol class=\"wp-block-list\">\n<li>Prerequisite Readings<\/li>\n\n\n\n<li><em>Kvantitat\u00edv m\u00f3dszerek<\/em><\/li>\n\n\n\n<li><em>K\u00f6zgazdas\u00e1gtan<\/em><\/li>\n\n\n\n<li><em>V\u00e1llalati kibocs\u00e1t\u00f3k<\/em><\/li>\n\n\n\n<li><em>P\u00e9nz\u00fcgyi kimutat\u00e1sok elemz\u00e9se<\/em><\/li>\n\n\n\n<li><em>T\u0151kebefektet\u00e9sek<\/em><\/li>\n\n\n\n<li><em>R\u00f6gz\u00edtett j\u00f6vedelem<\/em><\/li>\n\n\n\n<li><em>Sz\u00e1rmaz\u00e9kok<\/em><\/li>\n\n\n\n<li><em>Alternat\u00edv befektet\u00e9sek<\/em><\/li>\n\n\n\n<li><em>Portf\u00f3li\u00f3kezel\u00e9s<\/em><\/li>\n\n\n\n<li><em>Etikai \u00e9s szakmai norm\u00e1k<\/em>.<\/li>\n<\/ol>\n\n\n\n<p>R\u00e9szletes tanulm\u00e1nyi jegyzeteket kapsz, amelyek minden LOS-t lefednek, \u00e9s amelyek tartalmazz\u00e1k: <strong><em>Az egyes olvasm\u00e1nyok \u00f6sszefoglal\u00e1sa \u00e9s p\u00e9ld\u00e1k<\/em><\/strong><\/p>\n\n\n\n<ul class=\"wp-block-list\">\n<li>A fizet\u00e9s ut\u00e1n azonnal let\u00f6ltheti az e-k\u00f6nyvet.<\/li>\n\n\n\n<li>Ez nem egy fizikai k\u00f6nyv, hanem egy PDF form\u00e1tum\u00fa digit\u00e1lis m\u00e1solat. K\u00e9rj\u00fck, ne v\u00e1s\u00e1rolja meg, ha fizikai nyomtatott p\u00e9ld\u00e1nyt szeretne.<\/li>\n<\/ul>","protected":false},"excerpt":{"rendered":"<p>For sale is an e-Book 2026 CFA Level 1 IFT Study Notes with Formula Sheet PDF. Includes the following topics: You will get detailed Study Notes covering all LOS, and which include: Summary of each reading and Examples<\/p>","protected":false},"featured_media":13387,"comment_status":"closed","ping_status":"closed","template":"","meta":[],"product_brand":[],"product_cat":[260],"product_tag":[369,93,88,90,370,87,91,92,167,168],"class_list":{"0":"post-13238","1":"product","2":"type-product","3":"status-publish","4":"has-post-thumbnail","6":"product_cat-cfa-level-1","7":"product_tag-cfa-2026","8":"product_tag-cfa-books","9":"product_tag-cfa-ebooks","10":"product_tag-cfa-exam","11":"product_tag-cfa-level-1-2026","12":"product_tag-cfa-level-i","13":"product_tag-cfa-prep","14":"product_tag-cfa-test","15":"product_tag-ift","16":"product_tag-study-notes","18":"first","19":"instock","20":"downloadable","21":"virtual","22":"sold-individually","23":"purchasable","24":"product-type-simple"},"_links":{"self":[{"href":"https:\/\/www.cfaebooks.com\/hu\/wp-json\/wp\/v2\/product\/13238","targetHints":{"allow":["GET"]}}],"collection":[{"href":"https:\/\/www.cfaebooks.com\/hu\/wp-json\/wp\/v2\/product"}],"about":[{"href":"https:\/\/www.cfaebooks.com\/hu\/wp-json\/wp\/v2\/types\/product"}],"replies":[{"embeddable":true,"href":"https:\/\/www.cfaebooks.com\/hu\/wp-json\/wp\/v2\/comments?post=13238"}],"wp:featuredmedia":[{"embeddable":true,"href":"https:\/\/www.cfaebooks.com\/hu\/wp-json\/wp\/v2\/media\/13387"}],"wp:attachment":[{"href":"https:\/\/www.cfaebooks.com\/hu\/wp-json\/wp\/v2\/media?parent=13238"}],"wp:term":[{"taxonomy":"product_brand","embeddable":true,"href":"https:\/\/www.cfaebooks.com\/hu\/wp-json\/wp\/v2\/product_brand?post=13238"},{"taxonomy":"product_cat","embeddable":true,"href":"https:\/\/www.cfaebooks.com\/hu\/wp-json\/wp\/v2\/product_cat?post=13238"},{"taxonomy":"product_tag","embeddable":true,"href":"https:\/\/www.cfaebooks.com\/hu\/wp-json\/wp\/v2\/product_tag?post=13238"}],"curies":[{"name":"wp","href":"https:\/\/api.w.org\/{rel}","templated":true}]}}