{"id":12974,"date":"2025-06-26T08:21:49","date_gmt":"2025-06-26T08:21:49","guid":{"rendered":"https:\/\/www.cfaebooks.com\/?post_type=product&#038;p=12974"},"modified":"2026-04-03T08:05:11","modified_gmt":"2026-04-03T08:05:11","slug":"2026-cfa-program-curriculum-level-1-box-set","status":"publish","type":"product","link":"https:\/\/www.cfaebooks.com\/hu\/products\/2026-cfa-program-curriculum-level-1-box-set\/","title":{"rendered":"2026 CFA Program tananyag 1. szint\u0171 dobozk\u00e9szlet"},"content":{"rendered":"<p>For sale is an e-Book 2026 CFA Program Curriculum Level I Box Set.<\/p>\n\n\n\n<p>A k\u00f6tetek k\u00f6z\u00f6tt szerepelnek:<\/p>\n\n\n\n<ul class=\"wp-block-list\">\n<li>1. k\u00f6tet: Kvantitat\u00edv m\u00f3dszerek<\/li>\n\n\n\n<li>2. k\u00f6tet: K\u00f6zgazdas\u00e1gtan<\/li>\n\n\n\n<li>3. k\u00f6tet: V\u00e1llalati kibocs\u00e1t\u00f3k<\/li>\n\n\n\n<li>4. k\u00f6tet: P\u00e9nz\u00fcgyi kimutat\u00e1sok elemz\u00e9se<\/li>\n\n\n\n<li>5. k\u00f6tet: T\u0151kebefektet\u00e9sek<\/li>\n\n\n\n<li>6. k\u00f6tet: R\u00f6gz\u00edtett j\u00f6vedelem<\/li>\n\n\n\n<li>7. k\u00f6tet:  Sz\u00e1rmaz\u00e9kok<\/li>\n\n\n\n<li>8. k\u00f6tet: Alternat\u00edv befektet\u00e9sek<\/li>\n\n\n\n<li>9. k\u00f6tet: Portf\u00f3li\u00f3kezel\u00e9s<\/li>\n\n\n\n<li>10. k\u00f6tet: Etikai \u00e9s szakmai norm\u00e1k&nbsp;<\/li>\n<\/ul>\n\n\n\n<p>This is not a physical book it is a&nbsp;PDF&nbsp;digital. Please do not purchase if you want a physical hard copy. After checkout you can download the e-Book immediately.<\/p>","protected":false},"excerpt":{"rendered":"<p>For sale is an e-Book 2026 CFA Program Curriculum Level I Box Set. Volumes include: This is not a physical book it is a&nbsp;PDF&nbsp;digital. Please do not purchase if you want a physical hard copy. After checkout you can download the e-Book immediately.<\/p>","protected":false},"featured_media":12980,"comment_status":"closed","ping_status":"closed","template":"","meta":[],"product_brand":[],"product_cat":[260],"product_tag":[369,93,88,90,370,87,91,89,92,241,168],"class_list":{"0":"post-12974","1":"product","2":"type-product","3":"status-publish","4":"has-post-thumbnail","6":"product_cat-cfa-level-1","7":"product_tag-cfa-2026","8":"product_tag-cfa-books","9":"product_tag-cfa-ebooks","10":"product_tag-cfa-exam","11":"product_tag-cfa-level-1-2026","12":"product_tag-cfa-level-i","13":"product_tag-cfa-prep","14":"product_tag-cfa-program-curriculum","15":"product_tag-cfa-test","16":"product_tag-level-1","17":"product_tag-study-notes","19":"first","20":"instock","21":"downloadable","22":"virtual","23":"sold-individually","24":"purchasable","25":"product-type-simple"},"_links":{"self":[{"href":"https:\/\/www.cfaebooks.com\/hu\/wp-json\/wp\/v2\/product\/12974","targetHints":{"allow":["GET"]}}],"collection":[{"href":"https:\/\/www.cfaebooks.com\/hu\/wp-json\/wp\/v2\/product"}],"about":[{"href":"https:\/\/www.cfaebooks.com\/hu\/wp-json\/wp\/v2\/types\/product"}],"replies":[{"embeddable":true,"href":"https:\/\/www.cfaebooks.com\/hu\/wp-json\/wp\/v2\/comments?post=12974"}],"wp:featuredmedia":[{"embeddable":true,"href":"https:\/\/www.cfaebooks.com\/hu\/wp-json\/wp\/v2\/media\/12980"}],"wp:attachment":[{"href":"https:\/\/www.cfaebooks.com\/hu\/wp-json\/wp\/v2\/media?parent=12974"}],"wp:term":[{"taxonomy":"product_brand","embeddable":true,"href":"https:\/\/www.cfaebooks.com\/hu\/wp-json\/wp\/v2\/product_brand?post=12974"},{"taxonomy":"product_cat","embeddable":true,"href":"https:\/\/www.cfaebooks.com\/hu\/wp-json\/wp\/v2\/product_cat?post=12974"},{"taxonomy":"product_tag","embeddable":true,"href":"https:\/\/www.cfaebooks.com\/hu\/wp-json\/wp\/v2\/product_tag?post=12974"}],"curies":[{"name":"wp","href":"https:\/\/api.w.org\/{rel}","templated":true}]}}