{"id":12941,"date":"2025-06-22T05:08:46","date_gmt":"2025-06-22T05:08:46","guid":{"rendered":"https:\/\/www.cfaebooks.com\/?post_type=product&#038;p=12941"},"modified":"2026-04-03T08:05:05","modified_gmt":"2026-04-03T08:05:05","slug":"caia-2025-2-szint-uppermark-kerdesbank-crq-es-essze-kerdesek-2","status":"publish","type":"product","link":"https:\/\/www.cfaebooks.com\/hu\/products\/caia-2025-2-szint-uppermark-kerdesbank-crq-es-essze-kerdesek-2\/","title":{"rendered":"CAIA 2025 Level 2 UpperMark K\u00e9rd\u00e9sbank, CRQ \u00e9s essz\u00e9 k\u00e9rd\u00e9sek"},"content":{"rendered":"<p>For sale is an e-Book 2025 CAIA Level 2 UpperMark Question Bank, CRQ and Essay Questions.<\/p>\n\n\n\n<p><strong>The test bank includes over 2,000 questions with detailed answers.<\/strong><\/p>\n\n\n\n<p><strong>Constructive Response Questions<\/strong> (CRQ)<\/p>\n\n\n\n<p><strong>Essay Questions with Model Answers<\/strong><\/p>\n\n\n\n<p><strong>QBank Topic covered:<\/strong><\/p>\n\n\n\n<ul class=\"wp-block-list\">\n<li>Topic 1 Institutional Asset Owners and Investment Policies<\/li>\n\n\n\n<li>Topic 2 Asset Allocation<\/li>\n\n\n\n<li>Topic 3 Risk and Risk Management<\/li>\n\n\n\n<li>Topic 4 Methods and Models<\/li>\n\n\n\n<li>Topic 5 Accessing Alternative Investments<\/li>\n\n\n\n<li>Topic 6 Due Diligence and Selecting Managers<\/li>\n\n\n\n<li>Topic 7 Volatility and Complex Strategies<\/li>\n<\/ul>\n\n\n\n<p><strong>CRQ Topic covered:<\/strong><\/p>\n\n\n\n<ul class=\"wp-block-list\">\n<li>Topic 1 Institutional Asset Owners and Investment Policies<\/li>\n\n\n\n<li>Topic 2 Asset Allocation<\/li>\n\n\n\n<li>Topic 3 Risk and Risk Management<\/li>\n\n\n\n<li>Topic 4 Methods and Models<\/li>\n\n\n\n<li>Topic 5 Accessing Alternative Investments<\/li>\n\n\n\n<li>Topic 6 Due Diligence and Selecting Managers<\/li>\n\n\n\n<li>Topic 7 Volatility and Complex Strategies<\/li>\n\n\n\n<li>Topic 8 Universal Investment Considerations<\/li>\n\n\n\n<li>Topic 9 Emerging Topics<\/li>\n<\/ul>\n\n\n\n<p>Ez nem egy fizikai k\u00f6nyv, hanem egy PDF form\u00e1tum\u00fa digit\u00e1lis m\u00e1solat. K\u00e9rj\u00fck, ne v\u00e1s\u00e1rolja meg, ha fizikai nyomtatott p\u00e9ld\u00e1nyt szeretne. A fizet\u00e9s ut\u00e1n azonnal let\u00f6ltheti az e-k\u00f6nyvet.<\/p>","protected":false},"excerpt":{"rendered":"<p>For sale is an e-Book 2025 CAIA Level 2 UpperMark Question Bank, CRQ and Essay Questions. The test bank includes over 2,000 questions with detailed answers. Constructive Response Questions (CRQ) Essay Questions with Model Answers QBank Topic covered: CRQ Topic covered: This is not a physical book it is a&nbsp;PDF&nbsp;digital copy. Please do not purchase [&hellip;]<\/p>\n","protected":false},"featured_media":12942,"comment_status":"closed","ping_status":"closed","template":"","meta":[],"product_brand":[],"product_cat":[318],"product_tag":[247,319,251,368,250,248,253,252,330,331,249],"class_list":{"0":"post-12941","1":"product","2":"type-product","3":"status-publish","4":"has-post-thumbnail","6":"product_cat-caia-level-2","7":"product_tag-caia","8":"product_tag-caia-2025","9":"product_tag-caia-books","10":"product_tag-caia-crq","11":"product_tag-caia-ebooks","12":"product_tag-caia-exam","13":"product_tag-caia-level-ii","14":"product_tag-caia-prep","15":"product_tag-caia-qbank","16":"product_tag-caia-question-bank","17":"product_tag-caia-test","19":"first","20":"instock","21":"downloadable","22":"virtual","23":"sold-individually","24":"purchasable","25":"product-type-simple"},"_links":{"self":[{"href":"https:\/\/www.cfaebooks.com\/hu\/wp-json\/wp\/v2\/product\/12941","targetHints":{"allow":["GET"]}}],"collection":[{"href":"https:\/\/www.cfaebooks.com\/hu\/wp-json\/wp\/v2\/product"}],"about":[{"href":"https:\/\/www.cfaebooks.com\/hu\/wp-json\/wp\/v2\/types\/product"}],"replies":[{"embeddable":true,"href":"https:\/\/www.cfaebooks.com\/hu\/wp-json\/wp\/v2\/comments?post=12941"}],"wp:featuredmedia":[{"embeddable":true,"href":"https:\/\/www.cfaebooks.com\/hu\/wp-json\/wp\/v2\/media\/12942"}],"wp:attachment":[{"href":"https:\/\/www.cfaebooks.com\/hu\/wp-json\/wp\/v2\/media?parent=12941"}],"wp:term":[{"taxonomy":"product_brand","embeddable":true,"href":"https:\/\/www.cfaebooks.com\/hu\/wp-json\/wp\/v2\/product_brand?post=12941"},{"taxonomy":"product_cat","embeddable":true,"href":"https:\/\/www.cfaebooks.com\/hu\/wp-json\/wp\/v2\/product_cat?post=12941"},{"taxonomy":"product_tag","embeddable":true,"href":"https:\/\/www.cfaebooks.com\/hu\/wp-json\/wp\/v2\/product_tag?post=12941"}],"curies":[{"name":"wp","href":"https:\/\/api.w.org\/{rel}","templated":true}]}}