{"id":12932,"date":"2025-06-22T04:43:40","date_gmt":"2025-06-22T04:43:40","guid":{"rendered":"https:\/\/www.cfaebooks.com\/?post_type=product&#038;p=12932"},"modified":"2026-04-03T08:04:58","modified_gmt":"2026-04-03T08:04:58","slug":"caia-2025-uppermark-question-bank-level-1","status":"publish","type":"product","link":"https:\/\/www.cfaebooks.com\/hu\/products\/caia-2025-uppermark-question-bank-level-1\/","title":{"rendered":"CAIA 2025 UpperMark K\u00e9rd\u00e9sbank Level 1"},"content":{"rendered":"<p>For sale is an e-Book 2025 CAIA UpperMark Question Bank Level 1.<\/p>\n\n\n\n<p><strong>The test bank includes over 2,000 questions with detailed answers.<\/strong><\/p>\n\n\n\n<p><strong>Topic covered:<\/strong><\/p>\n\n\n\n<ul class=\"wp-block-list\">\n<li>Topic 1 Professional Standards and Ethics<\/li>\n\n\n\n<li>Topic 2 Introduction to Alternative Investments<\/li>\n\n\n\n<li>Topic 3 Real Assets<\/li>\n\n\n\n<li>Topic 4 Private Equity<\/li>\n\n\n\n<li>Topic 5 Private Debt<\/li>\n\n\n\n<li>Topic 6 Hedge Funds<\/li>\n\n\n\n<li>Topic 7 Digital Assets<\/li>\n\n\n\n<li>Topic 8 Additional Strategies<\/li>\n<\/ul>\n\n\n\n<p>Ez nem egy fizikai k\u00f6nyv, hanem egy PDF form\u00e1tum\u00fa digit\u00e1lis m\u00e1solat. K\u00e9rj\u00fck, ne v\u00e1s\u00e1rolja meg, ha fizikai nyomtatott p\u00e9ld\u00e1nyt szeretne. A fizet\u00e9s ut\u00e1n azonnal let\u00f6ltheti az e-k\u00f6nyvet.<\/p>","protected":false},"excerpt":{"rendered":"<p>For sale is an e-Book 2025 CAIA UpperMark Question Bank Level 1. The test bank includes over 2,000 questions with detailed answers. Topic covered: This is not a physical book it is a&nbsp;PDF&nbsp;digital copy. Please do not purchase if you want a physical hard copy. After checkout you can download the e-Book instantly.<\/p>","protected":false},"featured_media":12933,"comment_status":"closed","ping_status":"closed","template":"","meta":[],"product_brand":[],"product_cat":[317],"product_tag":[247,319,251,250,248,246,252,330,331,249],"class_list":{"0":"post-12932","1":"product","2":"type-product","3":"status-publish","4":"has-post-thumbnail","6":"product_cat-caia-level-1","7":"product_tag-caia","8":"product_tag-caia-2025","9":"product_tag-caia-books","10":"product_tag-caia-ebooks","11":"product_tag-caia-exam","12":"product_tag-caia-level-i","13":"product_tag-caia-prep","14":"product_tag-caia-qbank","15":"product_tag-caia-question-bank","16":"product_tag-caia-test","18":"first","19":"instock","20":"downloadable","21":"virtual","22":"sold-individually","23":"purchasable","24":"product-type-simple"},"_links":{"self":[{"href":"https:\/\/www.cfaebooks.com\/hu\/wp-json\/wp\/v2\/product\/12932","targetHints":{"allow":["GET"]}}],"collection":[{"href":"https:\/\/www.cfaebooks.com\/hu\/wp-json\/wp\/v2\/product"}],"about":[{"href":"https:\/\/www.cfaebooks.com\/hu\/wp-json\/wp\/v2\/types\/product"}],"replies":[{"embeddable":true,"href":"https:\/\/www.cfaebooks.com\/hu\/wp-json\/wp\/v2\/comments?post=12932"}],"wp:featuredmedia":[{"embeddable":true,"href":"https:\/\/www.cfaebooks.com\/hu\/wp-json\/wp\/v2\/media\/12933"}],"wp:attachment":[{"href":"https:\/\/www.cfaebooks.com\/hu\/wp-json\/wp\/v2\/media?parent=12932"}],"wp:term":[{"taxonomy":"product_brand","embeddable":true,"href":"https:\/\/www.cfaebooks.com\/hu\/wp-json\/wp\/v2\/product_brand?post=12932"},{"taxonomy":"product_cat","embeddable":true,"href":"https:\/\/www.cfaebooks.com\/hu\/wp-json\/wp\/v2\/product_cat?post=12932"},{"taxonomy":"product_tag","embeddable":true,"href":"https:\/\/www.cfaebooks.com\/hu\/wp-json\/wp\/v2\/product_tag?post=12932"}],"curies":[{"name":"wp","href":"https:\/\/api.w.org\/{rel}","templated":true}]}}