{"id":12885,"date":"2025-06-21T02:37:54","date_gmt":"2025-06-21T02:37:54","guid":{"rendered":"https:\/\/www.cfaebooks.com\/?post_type=product&#038;p=12885"},"modified":"2026-04-03T08:04:45","modified_gmt":"2026-04-03T08:04:45","slug":"cfa-2025-uworld-tanulmanyi-utmutato-3-szintu-portfoliomenedzsment-utvonal","status":"publish","type":"product","link":"https:\/\/www.cfaebooks.com\/hu\/products\/cfa-2025-uworld-tanulmanyi-utmutato-3-szintu-portfoliomenedzsment-utvonal\/","title":{"rendered":"CFA 2025 UWorld tanulm\u00e1nyi \u00fatmutat\u00f3 3. szint\u0171 portf\u00f3li\u00f3menedzsment \u00fatvonal k\u00e9pletlapokkal"},"content":{"rendered":"<p>For sale is an e-Book 2025 CFA UWorld Study Guide Level 3 Portfolio Management Pathway with Formula Sheets PDF.<\/p>\n\n\n\n<p>A k\u00f6vetkez\u0151 t\u00e9m\u00e1kat tartalmazza:<\/p>\n\n\n\n<ul class=\"wp-block-list\">\n<li>Core topics: \n<ul class=\"wp-block-list\">\n<li>Eszk\u00f6zeloszt\u00e1s<\/li>\n\n\n\n<li>Portf\u00f3li\u00f3 \u00e9p\u00edt\u00e9s<\/li>\n\n\n\n<li>Teljes\u00edtm\u00e9nymenedzsment<\/li>\n\n\n\n<li>Sz\u00e1rmaz\u00e9kos \u00fcgyletek \u00e9s kock\u00e1zatkezel\u00e9s<\/li>\n\n\n\n<li>Etikai \u00e9s szakmai norm\u00e1k<\/li>\n<\/ul>\n<\/li>\n\n\n\n<li><strong>Portf\u00f3li\u00f3menedzsment \u00fatvonal<\/strong><\/li>\n\n\n\n<li><strong>K\u00e9plet lapok<\/strong><\/li>\n<\/ul>\n\n\n\n<p>A sz\u00f6veg kereshet\u0151 a sz\u00e1m\u00edt\u00f3g\u00e9p billenty\u0171zet\u00e9nek \"ctrl f\" keres\u00e9si funkci\u00f3j\u00e1val \u00e9s az okostelefonon\/tableten tal\u00e1lhat\u00f3 keres\u0151vel.<\/p>\n\n\n\n<p>Ez nem egy fizikai k\u00f6nyv, hanem egy PDF form\u00e1tum\u00fa digit\u00e1lis m\u00e1solat. K\u00e9rj\u00fck, ne v\u00e1s\u00e1rolja meg, ha fizikai nyomtatott p\u00e9ld\u00e1nyt szeretne.<\/p>","protected":false},"excerpt":{"rendered":"<p>For sale is an e-Book 2025 CFA UWorld Study Guide Level 3 Portfolio Management Pathway with Formula Sheets PDF. Includes the following topics: The text is searchable using the find feature on your computer keyboard &#8216;ctrl f&#8217; and through search on your smartphone\/tablet. This is not a physical book it is a PDF digital copy. [&hellip;]<\/p>\n","protected":false},"featured_media":12911,"comment_status":"closed","ping_status":"closed","template":"","meta":[],"product_brand":[],"product_cat":[265],"product_tag":[261,93,88,90,180,91,363,92,365,168],"class_list":{"0":"post-12885","1":"product","2":"type-product","3":"status-publish","4":"has-post-thumbnail","6":"product_cat-cfa-level-3","7":"product_tag-cfa-2025","8":"product_tag-cfa-books","9":"product_tag-cfa-ebooks","10":"product_tag-cfa-exam","11":"product_tag-cfa-level-3","12":"product_tag-cfa-prep","13":"product_tag-cfa-study-notes","14":"product_tag-cfa-test","15":"product_tag-cfa-uworld","16":"product_tag-study-notes","18":"first","19":"instock","20":"downloadable","21":"virtual","22":"sold-individually","23":"purchasable","24":"product-type-simple"},"_links":{"self":[{"href":"https:\/\/www.cfaebooks.com\/hu\/wp-json\/wp\/v2\/product\/12885","targetHints":{"allow":["GET"]}}],"collection":[{"href":"https:\/\/www.cfaebooks.com\/hu\/wp-json\/wp\/v2\/product"}],"about":[{"href":"https:\/\/www.cfaebooks.com\/hu\/wp-json\/wp\/v2\/types\/product"}],"replies":[{"embeddable":true,"href":"https:\/\/www.cfaebooks.com\/hu\/wp-json\/wp\/v2\/comments?post=12885"}],"wp:featuredmedia":[{"embeddable":true,"href":"https:\/\/www.cfaebooks.com\/hu\/wp-json\/wp\/v2\/media\/12911"}],"wp:attachment":[{"href":"https:\/\/www.cfaebooks.com\/hu\/wp-json\/wp\/v2\/media?parent=12885"}],"wp:term":[{"taxonomy":"product_brand","embeddable":true,"href":"https:\/\/www.cfaebooks.com\/hu\/wp-json\/wp\/v2\/product_brand?post=12885"},{"taxonomy":"product_cat","embeddable":true,"href":"https:\/\/www.cfaebooks.com\/hu\/wp-json\/wp\/v2\/product_cat?post=12885"},{"taxonomy":"product_tag","embeddable":true,"href":"https:\/\/www.cfaebooks.com\/hu\/wp-json\/wp\/v2\/product_tag?post=12885"}],"curies":[{"name":"wp","href":"https:\/\/api.w.org\/{rel}","templated":true}]}}