{"id":12864,"date":"2025-06-20T14:20:18","date_gmt":"2025-06-20T14:20:18","guid":{"rendered":"https:\/\/www.cfaebooks.com\/?post_type=product&#038;p=12864"},"modified":"2026-04-03T08:04:27","modified_gmt":"2026-04-03T08:04:27","slug":"cfa-2025-uworld-video-eloadasok-3-szintu-maganpiaci-tanfolyam","status":"publish","type":"product","link":"https:\/\/www.cfaebooks.com\/hu\/products\/cfa-2025-uworld-video-eloadasok-3-szintu-maganpiaci-tanfolyam\/","title":{"rendered":"CFA 2025 UWorld Video Lectures Level 3 Private Markets Pathway (Mag\u00e1npiacok)"},"content":{"rendered":"<p>Elad\u00f3 a <strong>2025 CFA UWorld Video Lectures Level 3 Private Markets Pathway<\/strong>.<\/p>\n\n\n\n<p>A k\u00f6vetkez\u0151 t\u00e9m\u00e1kat tartalmazza:&nbsp;<\/p>\n\n\n\n<ul class=\"wp-block-list\">\n<li>Eszk\u00f6zeloszt\u00e1s<\/li>\n\n\n\n<li>Portf\u00f3li\u00f3 \u00e9p\u00edt\u00e9s<\/li>\n\n\n\n<li>Teljes\u00edtm\u00e9nymenedzsment<\/li>\n\n\n\n<li>Sz\u00e1rmaz\u00e9kos \u00fcgyletek \u00e9s kock\u00e1zatkezel\u00e9s<\/li>\n\n\n\n<li>Etikai \u00e9s szakmai norm\u00e1k<\/li>\n\n\n\n<li><strong>A mag\u00e1npiacok \u00fatvonala<\/strong><\/li>\n<\/ul>\n\n\n\n<p>All videos are in .mp4 format. After checkout you can download the video immediately.<\/p>","protected":false},"excerpt":{"rendered":"<p>For sale is the 2025 CFA UWorld Video Lectures Level 3 Private Markets Pathway. Includes the following topics:&nbsp; All videos are in .mp4 format. After checkout you can download the video immediately.<\/p>","protected":false},"featured_media":12865,"comment_status":"closed","ping_status":"closed","template":"","meta":[],"product_brand":[],"product_cat":[265,269],"product_tag":[261,93,88,90,180,91,92,365,271],"class_list":{"0":"post-12864","1":"product","2":"type-product","3":"status-publish","4":"has-post-thumbnail","6":"product_cat-cfa-level-3","7":"product_cat-cfa-video-lectures","8":"product_tag-cfa-2025","9":"product_tag-cfa-books","10":"product_tag-cfa-ebooks","11":"product_tag-cfa-exam","12":"product_tag-cfa-level-3","13":"product_tag-cfa-prep","14":"product_tag-cfa-test","15":"product_tag-cfa-uworld","16":"product_tag-video-lectures","18":"first","19":"instock","20":"downloadable","21":"virtual","22":"sold-individually","23":"purchasable","24":"product-type-simple"},"_links":{"self":[{"href":"https:\/\/www.cfaebooks.com\/hu\/wp-json\/wp\/v2\/product\/12864","targetHints":{"allow":["GET"]}}],"collection":[{"href":"https:\/\/www.cfaebooks.com\/hu\/wp-json\/wp\/v2\/product"}],"about":[{"href":"https:\/\/www.cfaebooks.com\/hu\/wp-json\/wp\/v2\/types\/product"}],"replies":[{"embeddable":true,"href":"https:\/\/www.cfaebooks.com\/hu\/wp-json\/wp\/v2\/comments?post=12864"}],"wp:featuredmedia":[{"embeddable":true,"href":"https:\/\/www.cfaebooks.com\/hu\/wp-json\/wp\/v2\/media\/12865"}],"wp:attachment":[{"href":"https:\/\/www.cfaebooks.com\/hu\/wp-json\/wp\/v2\/media?parent=12864"}],"wp:term":[{"taxonomy":"product_brand","embeddable":true,"href":"https:\/\/www.cfaebooks.com\/hu\/wp-json\/wp\/v2\/product_brand?post=12864"},{"taxonomy":"product_cat","embeddable":true,"href":"https:\/\/www.cfaebooks.com\/hu\/wp-json\/wp\/v2\/product_cat?post=12864"},{"taxonomy":"product_tag","embeddable":true,"href":"https:\/\/www.cfaebooks.com\/hu\/wp-json\/wp\/v2\/product_tag?post=12864"}],"curies":[{"name":"wp","href":"https:\/\/api.w.org\/{rel}","templated":true}]}}