{"id":12776,"date":"2025-06-06T05:01:04","date_gmt":"2025-06-06T05:01:04","guid":{"rendered":"https:\/\/www.cfaebooks.com\/?post_type=product&#038;p=12776"},"modified":"2026-04-03T08:04:22","modified_gmt":"2026-04-03T08:04:22","slug":"cfa-2026-3-szint-analystprep-videok-3-tanulasi-utvonal","status":"publish","type":"product","link":"https:\/\/www.cfaebooks.com\/hu\/products\/cfa-2026-3-szint-analystprep-videok-3-tanulasi-utvonal\/","title":{"rendered":"CFA 2026 3. szint\u0171 elemz\u0151i felk\u00e9sz\u00edt\u0151 vide\u00f3k \u2013 3 tanul\u00e1si \u00fat"},"content":{"rendered":"<p>Elad\u00f3 a <strong>CFA 2026 3. szint\u0171 elemz\u0151i felk\u00e9sz\u00edt\u0151 vide\u00f3k \u2013 3 tanul\u00e1si \u00fat<\/strong><\/p>\n\n\n\n<p>A k\u00f6vetkez\u0151 t\u00e9m\u00e1kat tartalmazza:&nbsp;<\/p>\n\n\n\n<ul class=\"wp-block-list\">\n<li>Eszk\u00f6zeloszt\u00e1s<\/li>\n\n\n\n<li>Portf\u00f3li\u00f3 \u00e9p\u00edt\u00e9s<\/li>\n\n\n\n<li>Teljes\u00edtm\u00e9nymenedzsment<\/li>\n\n\n\n<li>Sz\u00e1rmaz\u00e9kos \u00fcgyletek \u00e9s kock\u00e1zatkezel\u00e9s<\/li>\n\n\n\n<li>Etikai norm\u00e1k<\/li>\n\n\n\n<li><strong>Portf\u00f3li\u00f3menedzsment \u00fatvonal<\/strong><\/li>\n\n\n\n<li><strong>A mag\u00e1npiacok \u00fatvonala<\/strong><\/li>\n\n\n\n<li><strong>Mag\u00e1nvagyon-\u00fatvonal<\/strong><\/li>\n<\/ul>\n\n\n\n<p>A fizet\u00e9s ut\u00e1n azonnal let\u00f6ltheti a vide\u00f3t.<\/p>","protected":false},"excerpt":{"rendered":"<p>For sale is the CFA 2026 Level 3 AnalystPrep Videos &#8211; 3 Pathways Includes the following topics:&nbsp; After checkout you can download the video immediately.<\/p>","protected":false},"featured_media":17242,"comment_status":"closed","ping_status":"closed","template":"","meta":[],"product_brand":[],"product_cat":[265,269],"product_tag":[369,93,88,364,90,180,371,91,92,175,271],"class_list":{"0":"post-12776","1":"product","2":"type-product","3":"status-publish","4":"has-post-thumbnail","6":"product_cat-cfa-level-3","7":"product_cat-cfa-video-lectures","8":"product_tag-cfa-2026","9":"product_tag-cfa-books","10":"product_tag-cfa-ebooks","11":"product_tag-cfa-essays","12":"product_tag-cfa-exam","13":"product_tag-cfa-level-3","14":"product_tag-cfa-level-3-2026","15":"product_tag-cfa-prep","16":"product_tag-cfa-test","17":"product_tag-video","18":"product_tag-video-lectures","20":"first","21":"instock","22":"downloadable","23":"virtual","24":"sold-individually","25":"purchasable","26":"product-type-simple"},"_links":{"self":[{"href":"https:\/\/www.cfaebooks.com\/hu\/wp-json\/wp\/v2\/product\/12776","targetHints":{"allow":["GET"]}}],"collection":[{"href":"https:\/\/www.cfaebooks.com\/hu\/wp-json\/wp\/v2\/product"}],"about":[{"href":"https:\/\/www.cfaebooks.com\/hu\/wp-json\/wp\/v2\/types\/product"}],"replies":[{"embeddable":true,"href":"https:\/\/www.cfaebooks.com\/hu\/wp-json\/wp\/v2\/comments?post=12776"}],"wp:featuredmedia":[{"embeddable":true,"href":"https:\/\/www.cfaebooks.com\/hu\/wp-json\/wp\/v2\/media\/17242"}],"wp:attachment":[{"href":"https:\/\/www.cfaebooks.com\/hu\/wp-json\/wp\/v2\/media?parent=12776"}],"wp:term":[{"taxonomy":"product_brand","embeddable":true,"href":"https:\/\/www.cfaebooks.com\/hu\/wp-json\/wp\/v2\/product_brand?post=12776"},{"taxonomy":"product_cat","embeddable":true,"href":"https:\/\/www.cfaebooks.com\/hu\/wp-json\/wp\/v2\/product_cat?post=12776"},{"taxonomy":"product_tag","embeddable":true,"href":"https:\/\/www.cfaebooks.com\/hu\/wp-json\/wp\/v2\/product_tag?post=12776"}],"curies":[{"name":"wp","href":"https:\/\/api.w.org\/{rel}","templated":true}]}}