{"id":12580,"date":"2025-05-12T09:13:02","date_gmt":"2025-05-12T09:13:02","guid":{"rendered":"https:\/\/www.cfaebooks.com\/?post_type=product&#038;p=12580"},"modified":"2026-04-03T08:03:54","modified_gmt":"2026-04-03T08:03:54","slug":"cfa-level-1-2025-uworld-mock-exam-1-2","status":"publish","type":"product","link":"https:\/\/www.cfaebooks.com\/hu\/products\/cfa-level-1-2025-uworld-mock-exam-1-2\/","title":{"rendered":"CFA Level 1 2025 UWorld pr\u00f3bavizsga 1, 2"},"content":{"rendered":"<p>Elad\u00f3 egy a\u00a0<strong>2025 CFA Level 1 UWorld Mock Exam 1, 2<\/strong> PDF.<\/p>\n\n\n\n<p><strong>2 pr\u00f3bavizsg\u00e1t kapsz, vizsg\u00e1nk\u00e9nt 2 \u00fcl\u00e9ssel - csak\u00fagy, mint a t\u00e9nyleges CFA Level I form\u00e1tumban.<\/strong><\/p>\n\n\n\n<p><strong>Tudja pontosan, mire sz\u00e1m\u00edthat<\/strong><br>K\u00e9sz\u00fclj\u00f6n fel magabiztosan a val\u00f3di CFA Level I vizsg\u00e1t h\u0171en t\u00fckr\u00f6z\u0151 pr\u00f3bavizsg\u00e1k seg\u00edts\u00e9g\u00e9vel. A fel\u00fclett\u0151l \u00e9s a k\u00e9rd\u00e9sform\u00e1tumt\u00f3l kezdve a neh\u00e9zs\u00e9gig, az id\u0151z\u00edt\u00e9sig \u00e9s a t\u00e9m\u00e1k s\u00falyoz\u00e1s\u00e1ig minden r\u00e9szletet gondosan lem\u00e1soltunk, hogy a vizsganap val\u00f3di \u00e9lm\u00e9ny\u00e9t ny\u00fajtsuk.<\/p>\n\n\n\n<p><strong>A val\u00f3di vizsga csak egy \u00fajabb gyakorlati vizsg\u00e1v\u00e1 v\u00e1lik<\/strong><br>A bizalom az ismerets\u00e9gb\u0151l fakad. Ha k\u00f6vetkezetesen egy re\u00e1lis vizsgak\u00f6rnyezetben gyakorolsz, \u00fagy fogsz a t\u00e9nyleges CFA-vizsg\u00e1ra menni, hogy felk\u00e9sz\u00fcltnek \u00e9rzed majd magad, mintha ez is csak egy \u00fajabb pr\u00f3bat\u00e9tel lenne, amit m\u00e1r elsaj\u00e1t\u00edtott\u00e1l.<\/p>\n\n\n\n<p>A sz\u00f6veg kereshet\u0151 a sz\u00e1m\u00edt\u00f3g\u00e9p billenty\u0171zet\u00e9nek \"ctrl+f\" keres\u00e9si funkci\u00f3j\u00e1val \u00e9s az okostelefonon\/tableten tal\u00e1lhat\u00f3 keres\u0151vel. A bejelentkez\u00e9s ut\u00e1n azonnal let\u00f6ltheti a pr\u00f3bavizsg\u00e1kat.<\/p>","protected":false},"excerpt":{"rendered":"<p>For sale is an the\u00a02025 CFA Level 1 UWorld Mock Exam 1, 2 PDF. You\u2019ll get 2 mock exams, with 2 sessions per exam\u2014just like the actual CFA Level I format. Know Exactly What to ExpectPrepare with confidence using mock exams that closely mirror the real CFA Level I exam. From the interface and question [&hellip;]<\/p>\n","protected":false},"featured_media":12584,"comment_status":"closed","ping_status":"closed","template":"","meta":[],"product_brand":[],"product_cat":[260],"product_tag":[261,93,88,90,268,361,92],"class_list":{"0":"post-12580","1":"product","2":"type-product","3":"status-publish","4":"has-post-thumbnail","6":"product_cat-cfa-level-1","7":"product_tag-cfa-2025","8":"product_tag-cfa-books","9":"product_tag-cfa-ebooks","10":"product_tag-cfa-exam","11":"product_tag-cfa-level-1-2025","12":"product_tag-cfa-mock-exams","13":"product_tag-cfa-test","15":"first","16":"instock","17":"downloadable","18":"virtual","19":"sold-individually","20":"purchasable","21":"product-type-simple"},"_links":{"self":[{"href":"https:\/\/www.cfaebooks.com\/hu\/wp-json\/wp\/v2\/product\/12580","targetHints":{"allow":["GET"]}}],"collection":[{"href":"https:\/\/www.cfaebooks.com\/hu\/wp-json\/wp\/v2\/product"}],"about":[{"href":"https:\/\/www.cfaebooks.com\/hu\/wp-json\/wp\/v2\/types\/product"}],"replies":[{"embeddable":true,"href":"https:\/\/www.cfaebooks.com\/hu\/wp-json\/wp\/v2\/comments?post=12580"}],"wp:featuredmedia":[{"embeddable":true,"href":"https:\/\/www.cfaebooks.com\/hu\/wp-json\/wp\/v2\/media\/12584"}],"wp:attachment":[{"href":"https:\/\/www.cfaebooks.com\/hu\/wp-json\/wp\/v2\/media?parent=12580"}],"wp:term":[{"taxonomy":"product_brand","embeddable":true,"href":"https:\/\/www.cfaebooks.com\/hu\/wp-json\/wp\/v2\/product_brand?post=12580"},{"taxonomy":"product_cat","embeddable":true,"href":"https:\/\/www.cfaebooks.com\/hu\/wp-json\/wp\/v2\/product_cat?post=12580"},{"taxonomy":"product_tag","embeddable":true,"href":"https:\/\/www.cfaebooks.com\/hu\/wp-json\/wp\/v2\/product_tag?post=12580"}],"curies":[{"name":"wp","href":"https:\/\/api.w.org\/{rel}","templated":true}]}}