{"id":12493,"date":"2025-05-02T01:44:35","date_gmt":"2025-05-02T01:44:35","guid":{"rendered":"https:\/\/www.cfaebooks.com\/?post_type=product&#038;p=12493"},"modified":"2026-04-03T08:03:42","modified_gmt":"2026-04-03T08:03:42","slug":"cfa-2025-ift-magas-hozamu-tanulmanyi-jegyzetek-2-szint","status":"publish","type":"product","link":"https:\/\/www.cfaebooks.com\/hu\/products\/cfa-2025-ift-magas-hozamu-tanulmanyi-jegyzetek-2-szint\/","title":{"rendered":"CFA 2025 IFT High Yield Tanulm\u00e1nyi jegyzetek 2. szint"},"content":{"rendered":"<p>Elad\u00f3 egy a\u00a0<strong>2025 CFA Level 2 IFT High Yield Notes <\/strong> PDF.<\/p>\n\n\n\n<p><strong>A t\u00e9ma tartalmazza:<\/strong><\/p>\n\n\n\n<ul class=\"wp-block-list\">\n<li><strong><em>Kvantitat\u00edv m\u00f3dszerek<\/em><\/strong><\/li>\n\n\n\n<li><strong><em>K\u00f6zgazdas\u00e1gtan<\/em><\/strong><\/li>\n\n\n\n<li><strong><em>P\u00e9nz\u00fcgyi kimutat\u00e1sok elemz\u00e9se<\/em><\/strong><\/li>\n\n\n\n<li><strong><em>V\u00e1llalati kibocs\u00e1t\u00f3k<\/em><\/strong><\/li>\n\n\n\n<li><strong><em>Saj\u00e1t t\u0151ke<\/em><\/strong><\/li>\n\n\n\n<li><strong><em>R\u00f6gz\u00edtett j\u00f6vedelem<\/em><\/strong><\/li>\n\n\n\n<li><strong><em>Sz\u00e1rmaz\u00e9kok<\/em><\/strong><\/li>\n\n\n\n<li><strong><em>Alternat\u00edv befektet\u00e9sek<\/em><\/strong><\/li>\n\n\n\n<li><strong><em>Portf\u00f3li\u00f3kezel\u00e9s<\/em><\/strong><\/li>\n\n\n\n<li><strong><em>Ethic<\/em>s<\/strong><\/li>\n<\/ul>\n\n\n\n<p>A sz\u00f6veg kereshet\u0151 a sz\u00e1m\u00edt\u00f3g\u00e9p billenty\u0171zet\u00e9nek \"ctrl+f\" keres\u00e9si funkci\u00f3j\u00e1val \u00e9s az okostelefonon\/tableten tal\u00e1lhat\u00f3 keres\u0151vel. Ezek nem fizikai k\u00f6nyvek, hanem PDF form\u00e1tum\u00fa digit\u00e1lis m\u00e1solatok. K\u00e9rj\u00fck, ne v\u00e1s\u00e1roljon, ha fizikai nyomtatott p\u00e9ld\u00e1nyt szeretne. a fizet\u00e9s ut\u00e1n azonnal let\u00f6ltheti az e-k\u00f6nyveket.<\/p>","protected":false},"excerpt":{"rendered":"<p>For sale is an the\u00a02025 CFA Level 2 IFT High Yield Notes PDF. Topic Included: The text is searchable using the find feature on your computer keyboard \u2018ctrl+f\u2019 and through search on your smartphone\/tablet. These are not physical books they are PDF digital copies. Please do not purchase if you want a physical hard copy.After [&hellip;]<\/p>\n","protected":false},"featured_media":12494,"comment_status":"closed","ping_status":"closed","template":"","meta":[],"product_brand":[],"product_cat":[266],"product_tag":[261,93,88,90,293,92,335,167,332],"class_list":{"0":"post-12493","1":"product","2":"type-product","3":"status-publish","4":"has-post-thumbnail","6":"product_cat-cfa-level-2","7":"product_tag-cfa-2025","8":"product_tag-cfa-books","9":"product_tag-cfa-ebooks","10":"product_tag-cfa-exam","11":"product_tag-cfa-level-2-2025","12":"product_tag-cfa-test","13":"product_tag-high-yield-notes","14":"product_tag-ift","15":"product_tag-ift-2025","17":"first","18":"instock","19":"downloadable","20":"virtual","21":"sold-individually","22":"purchasable","23":"product-type-simple"},"_links":{"self":[{"href":"https:\/\/www.cfaebooks.com\/hu\/wp-json\/wp\/v2\/product\/12493","targetHints":{"allow":["GET"]}}],"collection":[{"href":"https:\/\/www.cfaebooks.com\/hu\/wp-json\/wp\/v2\/product"}],"about":[{"href":"https:\/\/www.cfaebooks.com\/hu\/wp-json\/wp\/v2\/types\/product"}],"replies":[{"embeddable":true,"href":"https:\/\/www.cfaebooks.com\/hu\/wp-json\/wp\/v2\/comments?post=12493"}],"wp:featuredmedia":[{"embeddable":true,"href":"https:\/\/www.cfaebooks.com\/hu\/wp-json\/wp\/v2\/media\/12494"}],"wp:attachment":[{"href":"https:\/\/www.cfaebooks.com\/hu\/wp-json\/wp\/v2\/media?parent=12493"}],"wp:term":[{"taxonomy":"product_brand","embeddable":true,"href":"https:\/\/www.cfaebooks.com\/hu\/wp-json\/wp\/v2\/product_brand?post=12493"},{"taxonomy":"product_cat","embeddable":true,"href":"https:\/\/www.cfaebooks.com\/hu\/wp-json\/wp\/v2\/product_cat?post=12493"},{"taxonomy":"product_tag","embeddable":true,"href":"https:\/\/www.cfaebooks.com\/hu\/wp-json\/wp\/v2\/product_tag?post=12493"}],"curies":[{"name":"wp","href":"https:\/\/api.w.org\/{rel}","templated":true}]}}