{"id":12324,"date":"2025-04-09T06:07:10","date_gmt":"2025-04-09T06:07:10","guid":{"rendered":"https:\/\/www.cfaebooks.com\/?post_type=product&#038;p=12324"},"modified":"2026-04-03T08:03:27","modified_gmt":"2026-04-03T08:03:27","slug":"cfa-2025-schweser-probavizsgak-2-szint","status":"publish","type":"product","link":"https:\/\/www.cfaebooks.com\/hu\/products\/cfa-2025-schweser-probavizsgak-2-szint\/","title":{"rendered":"CFA 2025 Schweser pr\u00f3bavizsg\u00e1k 2. szintje"},"content":{"rendered":"<p>Elad\u00f3 egy e-k\u00f6nyv\u00a0<strong>2025 CFA Schweser\u00a0Mock Exams Level 2<\/strong>\u00a0PDF<\/p>\n\n\n\n<ul class=\"wp-block-list\">\n<li>Tartalmaz 6 pr\u00f3bavizsg\u00e1t<\/li>\n\n\n\n<li>T\u00f6bb mint 500+ k\u00e9rd\u00e9s \u00e9s v\u00e1lasz<\/li>\n\n\n\n<li>Tartalmaz k\u00e9rd\u00e9seket \u00e9s v\u00e1laszokat minden k\u00e9rd\u00e9sre<\/li>\n<\/ul>\n\n\n\n<p>A sz\u00f6veg kereshet\u0151 a sz\u00e1m\u00edt\u00f3g\u00e9p billenty\u0171zet\u00e9nek \"ctrl+f\" keres\u00e9si funkci\u00f3j\u00e1val \u00e9s az okostelefonon\/tableten tal\u00e1lhat\u00f3 keres\u0151vel.<\/p>\n\n\n\n<p>Ezek nem fizikai k\u00f6nyvek, hanem PDF form\u00e1tum\u00fa digit\u00e1lis m\u00e1solatok. K\u00e9rj\u00fck, ne v\u00e1s\u00e1rolja meg, ha fizikai nyomtatott p\u00e9ld\u00e1nyt szeretne.<\/p>\n\n\n\n<p>A fizet\u00e9s ut\u00e1n azonnal let\u00f6ltheti az e-k\u00f6nyveket.<\/p>","protected":false},"excerpt":{"rendered":"<p>For sale is an e-Book\u00a02025 CFA Schweser\u00a0Mock Exams Level 2\u00a0PDF The text is searchable using the find feature on your computer keyboard \u2018ctrl+f\u2019 and through search on your smartphone\/tablet These are not physical books they are PDF digital copies. Please do not purchase if you want a physical hard copy After checkout you can download [&hellip;]<\/p>\n","protected":false},"featured_media":12325,"comment_status":"closed","ping_status":"closed","template":"","meta":[],"product_brand":[],"product_cat":[266],"product_tag":[261,93,88,90,293,166,92],"class_list":{"0":"post-12324","1":"product","2":"type-product","3":"status-publish","4":"has-post-thumbnail","6":"product_cat-cfa-level-2","7":"product_tag-cfa-2025","8":"product_tag-cfa-books","9":"product_tag-cfa-ebooks","10":"product_tag-cfa-exam","11":"product_tag-cfa-level-2-2025","12":"product_tag-cfa-question-bank","13":"product_tag-cfa-test","15":"first","16":"instock","17":"downloadable","18":"virtual","19":"sold-individually","20":"purchasable","21":"product-type-simple"},"_links":{"self":[{"href":"https:\/\/www.cfaebooks.com\/hu\/wp-json\/wp\/v2\/product\/12324","targetHints":{"allow":["GET"]}}],"collection":[{"href":"https:\/\/www.cfaebooks.com\/hu\/wp-json\/wp\/v2\/product"}],"about":[{"href":"https:\/\/www.cfaebooks.com\/hu\/wp-json\/wp\/v2\/types\/product"}],"replies":[{"embeddable":true,"href":"https:\/\/www.cfaebooks.com\/hu\/wp-json\/wp\/v2\/comments?post=12324"}],"wp:featuredmedia":[{"embeddable":true,"href":"https:\/\/www.cfaebooks.com\/hu\/wp-json\/wp\/v2\/media\/12325"}],"wp:attachment":[{"href":"https:\/\/www.cfaebooks.com\/hu\/wp-json\/wp\/v2\/media?parent=12324"}],"wp:term":[{"taxonomy":"product_brand","embeddable":true,"href":"https:\/\/www.cfaebooks.com\/hu\/wp-json\/wp\/v2\/product_brand?post=12324"},{"taxonomy":"product_cat","embeddable":true,"href":"https:\/\/www.cfaebooks.com\/hu\/wp-json\/wp\/v2\/product_cat?post=12324"},{"taxonomy":"product_tag","embeddable":true,"href":"https:\/\/www.cfaebooks.com\/hu\/wp-json\/wp\/v2\/product_tag?post=12324"}],"curies":[{"name":"wp","href":"https:\/\/api.w.org\/{rel}","templated":true}]}}