{"id":12289,"date":"2025-04-07T08:07:32","date_gmt":"2025-04-07T08:07:32","guid":{"rendered":"https:\/\/www.cfaebooks.com\/?post_type=product&#038;p=12289"},"modified":"2026-04-03T08:03:11","modified_gmt":"2026-04-03T08:03:11","slug":"frm-2025-probavizsgak-2-resz","status":"publish","type":"product","link":"https:\/\/www.cfaebooks.com\/hu\/products\/frm-2025-probavizsgak-2-resz\/","title":{"rendered":"FRM 2025 pr\u00f3bavizsg\u00e1k 2. r\u00e9sz"},"content":{"rendered":"<p>Elad\u00f3 egy e-k\u00f6nyv: 2025 FRM Schweser Mock Exams Part 2 PDF.<\/p>\n\n\n\n<p>A k\u00f6vetkez\u0151 t\u00e9m\u00e1kat tartalmazza:<\/p>\n\n\n\n<ul class=\"wp-block-list\">\n<li>Piaci kock\u00e1zat m\u00e9r\u00e9se \u00e9s kezel\u00e9se<\/li>\n\n\n\n<li>Hitelkock\u00e1zat m\u00e9r\u00e9se \u00e9s kezel\u00e9se<\/li>\n\n\n\n<li>M\u0171k\u00f6d\u00e9si kock\u00e1zat \u00e9s ellen\u00e1ll\u00f3 k\u00e9pess\u00e9g<\/li>\n\n\n\n<li>Likvidit\u00e1si \u00e9s treasury kock\u00e1zat m\u00e9r\u00e9se \u00e9s kezel\u00e9se<\/li>\n\n\n\n<li>Kock\u00e1zatkezel\u00e9s \u00e9s befektet\u00e9si menedzsment<\/li>\n\n\n\n<li>A p\u00e9nz\u00fcgyi piacok aktu\u00e1lis k\u00e9rd\u00e9sei<\/li>\n<\/ul>\n\n\n\n<p><strong>Kulcsfontoss\u00e1g\u00fa jellemz\u0151k:<\/strong><\/p>\n\n\n\n<ul class=\"wp-block-list\">\n<li>Realisztikus, vizsga-st\u00edlus\u00fa k\u00e9rd\u00e9sek m\u00e9lyrehat\u00f3 megold\u00e1sokkal<\/li>\n\n\n\n<li>Az \u00f6sszes alapvet\u0151 FRM 2. r\u00e9sz t\u00e9mak\u00f6r teljes lefedetts\u00e9ge<\/li>\n\n\n\n<li>A hat\u00e9kony felk\u00e9sz\u00fcl\u00e9s \u00e9rdek\u00e9ben a t\u00e9nyleges vizsga\u00e9lm\u00e9nyt reproduk\u00e1lja.<\/li>\n<\/ul>\n\n\n\n<p>A fizet\u00e9s ut\u00e1n azonnal let\u00f6ltheti az e-k\u00f6nyvet. Ez nem egy fizikai k\u00f6nyv, hanem egy PDF form\u00e1tum\u00fa digit\u00e1lis m\u00e1solat. K\u00e9rj\u00fck, ne v\u00e1s\u00e1rolja meg, ha fizikai nyomtatott p\u00e9ld\u00e1nyt szeretne.<\/p>","protected":false},"excerpt":{"rendered":"<p>For sale is an e-Book 2025 FRM Schweser Mock Exams Part 2 PDF. Includes the following topics: Key Features: After checkout you can download the e-Book instantly. This is not a physical book it is a\u00a0PDF\u00a0digital copy. Please do not purchase if you want a physical hard copy.<\/p>","protected":false},"featured_media":12290,"comment_status":"closed","ping_status":"closed","template":"","meta":[],"product_brand":[],"product_cat":[325],"product_tag":[184,326,185,186,181,339,188,329,182,183],"class_list":{"0":"post-12289","1":"product","2":"type-product","3":"status-publish","4":"has-post-thumbnail","6":"product_cat-frm-part-2","7":"product_tag-frm","8":"product_tag-frm-2025","9":"product_tag-frm-books","10":"product_tag-frm-ebooks","11":"product_tag-frm-exam","12":"product_tag-frm-mock-exam","13":"product_tag-frm-part-2","14":"product_tag-frm-part-2-2025","15":"product_tag-frm-prep","16":"product_tag-frm-test","18":"first","19":"instock","20":"downloadable","21":"virtual","22":"sold-individually","23":"purchasable","24":"product-type-simple"},"_links":{"self":[{"href":"https:\/\/www.cfaebooks.com\/hu\/wp-json\/wp\/v2\/product\/12289","targetHints":{"allow":["GET"]}}],"collection":[{"href":"https:\/\/www.cfaebooks.com\/hu\/wp-json\/wp\/v2\/product"}],"about":[{"href":"https:\/\/www.cfaebooks.com\/hu\/wp-json\/wp\/v2\/types\/product"}],"replies":[{"embeddable":true,"href":"https:\/\/www.cfaebooks.com\/hu\/wp-json\/wp\/v2\/comments?post=12289"}],"wp:featuredmedia":[{"embeddable":true,"href":"https:\/\/www.cfaebooks.com\/hu\/wp-json\/wp\/v2\/media\/12290"}],"wp:attachment":[{"href":"https:\/\/www.cfaebooks.com\/hu\/wp-json\/wp\/v2\/media?parent=12289"}],"wp:term":[{"taxonomy":"product_brand","embeddable":true,"href":"https:\/\/www.cfaebooks.com\/hu\/wp-json\/wp\/v2\/product_brand?post=12289"},{"taxonomy":"product_cat","embeddable":true,"href":"https:\/\/www.cfaebooks.com\/hu\/wp-json\/wp\/v2\/product_cat?post=12289"},{"taxonomy":"product_tag","embeddable":true,"href":"https:\/\/www.cfaebooks.com\/hu\/wp-json\/wp\/v2\/product_tag?post=12289"}],"curies":[{"name":"wp","href":"https:\/\/api.w.org\/{rel}","templated":true}]}}