{"id":12284,"date":"2025-04-07T07:51:06","date_gmt":"2025-04-07T07:51:06","guid":{"rendered":"https:\/\/www.cfaebooks.com\/?post_type=product&#038;p=12284"},"modified":"2026-04-03T08:03:08","modified_gmt":"2026-04-03T08:03:08","slug":"frm-2026-schweser-videok-2-resz-munkafuzettel","status":"publish","type":"product","link":"https:\/\/www.cfaebooks.com\/hu\/products\/frm-2026-schweser-videok-2-resz-munkafuzettel\/","title":{"rendered":"FRM 2026 Schweser vide\u00f3k 2. r\u00e9sz a munkaf\u00fczettel"},"content":{"rendered":"<p>Elad\u00f3 a 2026-os FRM Schweser vide\u00f3el\u0151ad\u00e1sok 2. r\u00e9sze, gyakorl\u00f3k\u00f6nyvvel egy\u00fctt.<\/p>\n\n\n\n<p><strong>T\u00e1rgyalt t\u00e9m\u00e1k:<\/strong><\/p>\n\n\n\n<ul class=\"wp-block-list\">\n<li>Piaci kock\u00e1zat m\u00e9r\u00e9se \u00e9s kezel\u00e9se<\/li>\n\n\n\n<li>Hitelkock\u00e1zat m\u00e9r\u00e9se \u00e9s kezel\u00e9se<\/li>\n\n\n\n<li>M\u0171k\u00f6d\u00e9si kock\u00e1zat \u00e9s ellen\u00e1ll\u00f3 k\u00e9pess\u00e9g<\/li>\n\n\n\n<li>Likvidit\u00e1si \u00e9s treasury kock\u00e1zat m\u00e9r\u00e9se \u00e9s kezel\u00e9se<\/li>\n\n\n\n<li>Risk Management, Investment Management, and Current Issues in Financial Markets<\/li>\n<\/ul>\n\n\n\n<p><strong>Amit tartalmaz:<\/strong><\/p>\n\n\n\n<ul class=\"wp-block-list\">\n<li><strong>Vide\u00f3 el\u0151ad\u00e1sok<\/strong>: In-depth presentations by experienced instructors, covering all essential Part 2 topics.<\/li>\n\n\n\n<li><strong>Munkaf\u00fczet<\/strong>: Well-structured slides summarising key points, perfect for quick and effective revision.<\/li>\n<\/ul>\n\n\n\n<p>After checkout you can download instantly.<\/p>","protected":false},"excerpt":{"rendered":"<p>For sale is the 2026 FRM Schweser Video Lectures Part 2 with Workbook. Topics Covered: What\u2019s Included: After checkout you can download instantly.<\/p>","protected":false},"featured_media":17229,"comment_status":"closed","ping_status":"closed","template":"","meta":[],"product_brand":[],"product_cat":[325],"product_tag":[184,409,181,411,182,183,175,271],"class_list":{"0":"post-12284","1":"product","2":"type-product","3":"status-publish","4":"has-post-thumbnail","6":"product_cat-frm-part-2","7":"product_tag-frm","8":"product_tag-frm-2026","9":"product_tag-frm-exam","10":"product_tag-frm-part-2-2026","11":"product_tag-frm-prep","12":"product_tag-frm-test","13":"product_tag-video","14":"product_tag-video-lectures","16":"first","17":"instock","18":"downloadable","19":"virtual","20":"sold-individually","21":"purchasable","22":"product-type-simple"},"_links":{"self":[{"href":"https:\/\/www.cfaebooks.com\/hu\/wp-json\/wp\/v2\/product\/12284","targetHints":{"allow":["GET"]}}],"collection":[{"href":"https:\/\/www.cfaebooks.com\/hu\/wp-json\/wp\/v2\/product"}],"about":[{"href":"https:\/\/www.cfaebooks.com\/hu\/wp-json\/wp\/v2\/types\/product"}],"replies":[{"embeddable":true,"href":"https:\/\/www.cfaebooks.com\/hu\/wp-json\/wp\/v2\/comments?post=12284"}],"wp:featuredmedia":[{"embeddable":true,"href":"https:\/\/www.cfaebooks.com\/hu\/wp-json\/wp\/v2\/media\/17229"}],"wp:attachment":[{"href":"https:\/\/www.cfaebooks.com\/hu\/wp-json\/wp\/v2\/media?parent=12284"}],"wp:term":[{"taxonomy":"product_brand","embeddable":true,"href":"https:\/\/www.cfaebooks.com\/hu\/wp-json\/wp\/v2\/product_brand?post=12284"},{"taxonomy":"product_cat","embeddable":true,"href":"https:\/\/www.cfaebooks.com\/hu\/wp-json\/wp\/v2\/product_cat?post=12284"},{"taxonomy":"product_tag","embeddable":true,"href":"https:\/\/www.cfaebooks.com\/hu\/wp-json\/wp\/v2\/product_tag?post=12284"}],"curies":[{"name":"wp","href":"https:\/\/api.w.org\/{rel}","templated":true}]}}