{"id":12279,"date":"2025-04-07T04:29:46","date_gmt":"2025-04-07T04:29:46","guid":{"rendered":"https:\/\/www.cfaebooks.com\/?post_type=product&#038;p=12279"},"modified":"2026-04-03T08:03:06","modified_gmt":"2026-04-03T08:03:06","slug":"frm-2026-schweser-videok-1-resz-munkafuzettel","status":"publish","type":"product","link":"https:\/\/www.cfaebooks.com\/hu\/products\/frm-2026-schweser-videok-1-resz-munkafuzettel\/","title":{"rendered":"FRM 2026 Schweser vide\u00f3k 1. r\u00e9sz a munkaf\u00fczettel"},"content":{"rendered":"<p>Elad\u00f3 az FRM 2026 Schweser vide\u00f3k 1. r\u00e9sze a munkaf\u00fczettel.<\/p>\n\n\n\n<p><strong>T\u00e1rgyalt t\u00e9m\u00e1k:<\/strong><\/p>\n\n\n\n<ul class=\"wp-block-list\">\n<li>A kock\u00e1zatkezel\u00e9s alapjai<\/li>\n\n\n\n<li>Kvantitat\u00edv elemz\u00e9s<\/li>\n\n\n\n<li>P\u00e9nz\u00fcgyi piacok \u00e9s term\u00e9kek<\/li>\n\n\n\n<li>\u00c9rt\u00e9kel\u00e9si \u00e9s kock\u00e1zati modellek<\/li>\n<\/ul>\n\n\n\n<p><strong>Amit tartalmaz:<\/strong><\/p>\n\n\n\n<ul class=\"wp-block-list\">\n<li><strong>Vide\u00f3 el\u0151ad\u00e1sok<\/strong>: Ipari szak\u00e9rt\u0151k tartj\u00e1k, az 1. r\u00e9sz minden fontos t\u00e9mak\u00f6r\u00e9t lefedve.<\/li>\n\n\n\n<li><strong>Munkaf\u00fczet<\/strong>: Az egyes t\u00e9m\u00e1k kulcspontjait \u00f6sszefoglal\u00f3 t\u00f6m\u00f6r di\u00e1k, ide\u00e1lis a gyors ism\u00e9tl\u00e9shez.<\/li>\n<\/ul>\n\n\n\n<p>A fizet\u00e9s ut\u00e1n azonnal let\u00f6ltheti az anyagot.<\/p>","protected":false},"excerpt":{"rendered":"<p>For sale is the 2026 FRM\u00a0Schweser Videos Part 1 with Workbook. Topics Covered: What\u2019s Included: After checkout you can download the material instantly.<\/p>","protected":false},"featured_media":17215,"comment_status":"closed","ping_status":"closed","template":"","meta":[],"product_brand":[],"product_cat":[324],"product_tag":[184,409,181,410,182,183,340,175],"class_list":{"0":"post-12279","1":"product","2":"type-product","3":"status-publish","4":"has-post-thumbnail","6":"product_cat-frm-part-1","7":"product_tag-frm","8":"product_tag-frm-2026","9":"product_tag-frm-exam","10":"product_tag-frm-part-1-2026","11":"product_tag-frm-prep","12":"product_tag-frm-test","13":"product_tag-frm-videos","14":"product_tag-video","16":"first","17":"instock","18":"downloadable","19":"virtual","20":"sold-individually","21":"purchasable","22":"product-type-simple"},"_links":{"self":[{"href":"https:\/\/www.cfaebooks.com\/hu\/wp-json\/wp\/v2\/product\/12279","targetHints":{"allow":["GET"]}}],"collection":[{"href":"https:\/\/www.cfaebooks.com\/hu\/wp-json\/wp\/v2\/product"}],"about":[{"href":"https:\/\/www.cfaebooks.com\/hu\/wp-json\/wp\/v2\/types\/product"}],"replies":[{"embeddable":true,"href":"https:\/\/www.cfaebooks.com\/hu\/wp-json\/wp\/v2\/comments?post=12279"}],"wp:featuredmedia":[{"embeddable":true,"href":"https:\/\/www.cfaebooks.com\/hu\/wp-json\/wp\/v2\/media\/17215"}],"wp:attachment":[{"href":"https:\/\/www.cfaebooks.com\/hu\/wp-json\/wp\/v2\/media?parent=12279"}],"wp:term":[{"taxonomy":"product_brand","embeddable":true,"href":"https:\/\/www.cfaebooks.com\/hu\/wp-json\/wp\/v2\/product_brand?post=12279"},{"taxonomy":"product_cat","embeddable":true,"href":"https:\/\/www.cfaebooks.com\/hu\/wp-json\/wp\/v2\/product_cat?post=12279"},{"taxonomy":"product_tag","embeddable":true,"href":"https:\/\/www.cfaebooks.com\/hu\/wp-json\/wp\/v2\/product_tag?post=12279"}],"curies":[{"name":"wp","href":"https:\/\/api.w.org\/{rel}","templated":true}]}}