{"id":12272,"date":"2025-04-07T03:45:12","date_gmt":"2025-04-07T03:45:12","guid":{"rendered":"https:\/\/www.cfaebooks.com\/?post_type=product&#038;p=12272"},"modified":"2026-04-03T08:03:03","modified_gmt":"2026-04-03T08:03:03","slug":"frm-2025-probavizsgak-1-resz","status":"publish","type":"product","link":"https:\/\/www.cfaebooks.com\/hu\/products\/frm-2025-probavizsgak-1-resz\/","title":{"rendered":"FRM 2025 pr\u00f3bavizsg\u00e1k 1. r\u00e9sz"},"content":{"rendered":"<p>Elad\u00f3 egy e-k\u00f6nyv: 2025 FRM Schweser Mock Exams Part 1 PDF.<\/p>\n\n\n\n<p>A k\u00f6vetkez\u0151 t\u00e9m\u00e1kat tartalmazza:<\/p>\n\n\n\n<ul class=\"wp-block-list\">\n<li>A kock\u00e1zatkezel\u00e9s alapjai<\/li>\n\n\n\n<li>Kvantitat\u00edv elemz\u00e9s<\/li>\n\n\n\n<li>P\u00e9nz\u00fcgyi piacok \u00e9s term\u00e9kek<\/li>\n\n\n\n<li>\u00c9rt\u00e9kel\u00e9si \u00e9s kock\u00e1zati modellek<\/li>\n<\/ul>\n\n\n\n<p>Ez nem egy fizikai k\u00f6nyv, hanem egy PDF form\u00e1tum\u00fa digit\u00e1lis m\u00e1solat. K\u00e9rj\u00fck, ne v\u00e1s\u00e1rolja meg, ha fizikai nyomtatott p\u00e9ld\u00e1nyt szeretne. A fizet\u00e9s ut\u00e1n azonnal let\u00f6ltheti az e-k\u00f6nyvet.<\/p>","protected":false},"excerpt":{"rendered":"<p>For sale is an e-Book 2025 FRM Schweser Mock Exams Part 1 PDF. Include following topics: This is not a physical book it is a\u00a0PDF\u00a0digital copy. Please do not purchase if you want a physical hard copy. After checkout you can download the e-Book instantly.<\/p>","protected":false},"featured_media":12273,"comment_status":"closed","ping_status":"closed","template":"","meta":[],"product_brand":[],"product_cat":[324],"product_tag":[184,326,185,186,181,328,339,327,182,183],"class_list":{"0":"post-12272","1":"product","2":"type-product","3":"status-publish","4":"has-post-thumbnail","6":"product_cat-frm-part-1","7":"product_tag-frm","8":"product_tag-frm-2025","9":"product_tag-frm-books","10":"product_tag-frm-ebooks","11":"product_tag-frm-exam","12":"product_tag-frm-handbook","13":"product_tag-frm-mock-exam","14":"product_tag-frm-part-1-2025","15":"product_tag-frm-prep","16":"product_tag-frm-test","18":"first","19":"instock","20":"downloadable","21":"virtual","22":"sold-individually","23":"purchasable","24":"product-type-simple"},"_links":{"self":[{"href":"https:\/\/www.cfaebooks.com\/hu\/wp-json\/wp\/v2\/product\/12272","targetHints":{"allow":["GET"]}}],"collection":[{"href":"https:\/\/www.cfaebooks.com\/hu\/wp-json\/wp\/v2\/product"}],"about":[{"href":"https:\/\/www.cfaebooks.com\/hu\/wp-json\/wp\/v2\/types\/product"}],"replies":[{"embeddable":true,"href":"https:\/\/www.cfaebooks.com\/hu\/wp-json\/wp\/v2\/comments?post=12272"}],"wp:featuredmedia":[{"embeddable":true,"href":"https:\/\/www.cfaebooks.com\/hu\/wp-json\/wp\/v2\/media\/12273"}],"wp:attachment":[{"href":"https:\/\/www.cfaebooks.com\/hu\/wp-json\/wp\/v2\/media?parent=12272"}],"wp:term":[{"taxonomy":"product_brand","embeddable":true,"href":"https:\/\/www.cfaebooks.com\/hu\/wp-json\/wp\/v2\/product_brand?post=12272"},{"taxonomy":"product_cat","embeddable":true,"href":"https:\/\/www.cfaebooks.com\/hu\/wp-json\/wp\/v2\/product_cat?post=12272"},{"taxonomy":"product_tag","embeddable":true,"href":"https:\/\/www.cfaebooks.com\/hu\/wp-json\/wp\/v2\/product_tag?post=12272"}],"curies":[{"name":"wp","href":"https:\/\/api.w.org\/{rel}","templated":true}]}}